{"id":23699,"date":"2025-08-01T17:38:00","date_gmt":"2025-08-01T15:38:00","guid":{"rendered":"https:\/\/uj.adatbank.ro\/lexikon\/termek\/turcus-dumitru\/"},"modified":"2025-08-01T17:38:00","modified_gmt":"2025-08-01T15:38:00","slug":"turcus-dumitru","status":"publish","type":"product","link":"https:\/\/uj.adatbank.ro\/lexikon\/termek\/turcus-dumitru\/","title":{"rendered":"TURCU\u015e, Dumitru"},"content":{"rendered":"<p>? \u2020 ?: propagandaf\u0151n\u00f6k (1960\u2013) \u2013 A MAT RMP propaganda \u00e9s agit\u00e1ci\u00f3s titk\u00e1ra (1960\u201361?). \u2013 F. m: Pagini din lupta pentru instalarea puterii populare \u00een Rom\u00e2nia: Contribu\u0163ii la studiul democratiz\u0103rii aparatului de stat (Buc., 1974);  <strong>t\u00e1rssz.:<\/strong> Solidaritate militant\u0103 cu toate for\u0163ele revolu\u0163ionare \u015fi progresiste: Tradi\u0163ii \u015fi contemporaneitate (Caraciuc Traiannal, Florea Constantinnal; Buc., 1981). <br \/><strong>\u2013 Irod.:<\/strong> Bartos 2012; Bottoni 2008.<\/br><\/p>\n","protected":false},"excerpt":{"rendered":"<p>? \u2020 ?: propagandaf\u0151n\u00f6k (1960\u2013) \u2013 A MAT RMP propaganda \u00e9s agit\u00e1ci\u00f3s titk\u00e1ra (1960\u201361?). \u2013 F. m: Pagini din lupta pentru instalarea puterii populare \u00een Rom\u00e2nia: Contribu\u0163ii la studiul democratiz\u0103rii aparatului de stat (Buc., 1974); t\u00e1rssz.: Solidaritate militant\u0103 cu toate for\u0163ele revolu\u0163ionare \u015fi progresiste: Tradi\u0163ii \u015fi contemporaneitate (Caraciuc Traiannal, Florea Constantinnal; Buc., 1981). \u2013 Irod.: [&hellip;]<\/p>\n","protected":false},"featured_media":0,"comment_status":"open","ping_status":"closed","template":"","meta":[],"product_brand":[],"product_cat":[137],"product_tag":[],"class_list":{"0":"post-23699","1":"product","2":"type-product","3":"status-publish","5":"product_cat-maros-megyei-eletrajzi-lexikon","7":"first","8":"instock","9":"shipping-taxable","10":"product-type-simple"},"_links":{"self":[{"href":"https:\/\/uj.adatbank.ro\/lexikon\/wp-json\/wp\/v2\/product\/23699","targetHints":{"allow":["GET"]}}],"collection":[{"href":"https:\/\/uj.adatbank.ro\/lexikon\/wp-json\/wp\/v2\/product"}],"about":[{"href":"https:\/\/uj.adatbank.ro\/lexikon\/wp-json\/wp\/v2\/types\/product"}],"replies":[{"embeddable":true,"href":"https:\/\/uj.adatbank.ro\/lexikon\/wp-json\/wp\/v2\/comments?post=23699"}],"wp:attachment":[{"href":"https:\/\/uj.adatbank.ro\/lexikon\/wp-json\/wp\/v2\/media?parent=23699"}],"wp:term":[{"taxonomy":"product_brand","embeddable":true,"href":"https:\/\/uj.adatbank.ro\/lexikon\/wp-json\/wp\/v2\/product_brand?post=23699"},{"taxonomy":"product_cat","embeddable":true,"href":"https:\/\/uj.adatbank.ro\/lexikon\/wp-json\/wp\/v2\/product_cat?post=23699"},{"taxonomy":"product_tag","embeddable":true,"href":"https:\/\/uj.adatbank.ro\/lexikon\/wp-json\/wp\/v2\/product_tag?post=23699"}],"curies":[{"name":"wp","href":"https:\/\/api.w.org\/{rel}","templated":true}]}}