{"id":23705,"date":"2025-08-01T17:38:16","date_gmt":"2025-08-01T15:38:16","guid":{"rendered":"https:\/\/uj.adatbank.ro\/lexikon\/termek\/turi-laszlo-sarkadi\/"},"modified":"2025-08-01T17:38:16","modified_gmt":"2025-08-01T15:38:16","slug":"turi-laszlo-sarkadi","status":"publish","type":"product","link":"https:\/\/uj.adatbank.ro\/lexikon\/termek\/turi-laszlo-sarkadi\/","title":{"rendered":"T\u00dcRI L\u00e1szl\u00f3, sarkadi"},"content":{"rendered":"<p>? \u2020 1812.: \u00edt\u00e9l\u0151mester, a mv.-i Kir. T\u00e1bla tagja (1750-es \u00e9vek). Marossz\u00e9knek K\u00fck\u00fcll\u0151 v\u00e1rmegy\u00e9vel val\u00f3 egyes\u00edt\u00e9sekor korm\u00e1nysz\u00e9ki titoknokk\u00e9nt tev\u00e9kenykedett (1784. szept. 20.). <br \/><strong>\u2013 Irod.:<\/strong> Halotti besz\u00e9dek; Orb\u00e1n J\u00e1nos: T\u00e1blab\u00edr\u00e1k, f\u0151nemesek, pall\u00e9rok \u00e9s h\u00e1zak: V\u00e1rosk\u00e9p \u00e9s t\u00e1rsadalom v\u00e1ltoz\u00e1sai Mv.-en a Kir\u00e1lyi T\u00e1bla bek\u00f6lt\u00f6z\u00e9se ut\u00e1n [1754] = K\u00f6nyvek \u00e1ltal\u2026; P\u00e1l-Antal 2002.<\/br><\/p>\n","protected":false},"excerpt":{"rendered":"<p>? \u2020 1812.: \u00edt\u00e9l\u0151mester, a mv.-i Kir. T\u00e1bla tagja (1750-es \u00e9vek). Marossz\u00e9knek K\u00fck\u00fcll\u0151 v\u00e1rmegy\u00e9vel val\u00f3 egyes\u00edt\u00e9sekor korm\u00e1nysz\u00e9ki titoknokk\u00e9nt tev\u00e9kenykedett (1784. szept. 20.). \u2013 Irod.: Halotti besz\u00e9dek; Orb\u00e1n J\u00e1nos: T\u00e1blab\u00edr\u00e1k, f\u0151nemesek, pall\u00e9rok \u00e9s h\u00e1zak: V\u00e1rosk\u00e9p \u00e9s t\u00e1rsadalom v\u00e1ltoz\u00e1sai Mv.-en a Kir\u00e1lyi T\u00e1bla bek\u00f6lt\u00f6z\u00e9se ut\u00e1n [1754] = K\u00f6nyvek \u00e1ltal\u2026; P\u00e1l-Antal 2002.<\/p>\n","protected":false},"featured_media":0,"comment_status":"open","ping_status":"closed","template":"","meta":[],"product_brand":[],"product_cat":[137],"product_tag":[],"class_list":{"0":"post-23705","1":"product","2":"type-product","3":"status-publish","5":"product_cat-maros-megyei-eletrajzi-lexikon","7":"first","8":"instock","9":"shipping-taxable","10":"product-type-simple"},"_links":{"self":[{"href":"https:\/\/uj.adatbank.ro\/lexikon\/wp-json\/wp\/v2\/product\/23705","targetHints":{"allow":["GET"]}}],"collection":[{"href":"https:\/\/uj.adatbank.ro\/lexikon\/wp-json\/wp\/v2\/product"}],"about":[{"href":"https:\/\/uj.adatbank.ro\/lexikon\/wp-json\/wp\/v2\/types\/product"}],"replies":[{"embeddable":true,"href":"https:\/\/uj.adatbank.ro\/lexikon\/wp-json\/wp\/v2\/comments?post=23705"}],"wp:attachment":[{"href":"https:\/\/uj.adatbank.ro\/lexikon\/wp-json\/wp\/v2\/media?parent=23705"}],"wp:term":[{"taxonomy":"product_brand","embeddable":true,"href":"https:\/\/uj.adatbank.ro\/lexikon\/wp-json\/wp\/v2\/product_brand?post=23705"},{"taxonomy":"product_cat","embeddable":true,"href":"https:\/\/uj.adatbank.ro\/lexikon\/wp-json\/wp\/v2\/product_cat?post=23705"},{"taxonomy":"product_tag","embeddable":true,"href":"https:\/\/uj.adatbank.ro\/lexikon\/wp-json\/wp\/v2\/product_tag?post=23705"}],"curies":[{"name":"wp","href":"https:\/\/api.w.org\/{rel}","templated":true}]}}