{"id":23712,"date":"2025-08-01T17:38:33","date_gmt":"2025-08-01T15:38:33","guid":{"rendered":"https:\/\/uj.adatbank.ro\/lexikon\/termek\/turnagiu-ioan\/"},"modified":"2025-08-01T17:38:33","modified_gmt":"2025-08-01T15:38:33","slug":"turnagiu-ioan","status":"publish","type":"product","link":"https:\/\/uj.adatbank.ro\/lexikon\/termek\/turnagiu-ioan\/","title":{"rendered":"TURNAGIU, Ioan"},"content":{"rendered":"<p>? \u2020 ?: ort. lelk\u00e9sz. \u2013 Kisf\u00fclp\u00f6s\u00f6n szolg\u00e1lt (1965\u201378). Vezet\u00e9s\u00e9vel kezdt\u00e9k k\u00e9rv\u00e9nyezni egy \u00faj k\u0151templom \u00e9p\u00edt\u00e9s\u00e9t, a r\u00e9gi, megromlott 95 \u00e9ves fatemplom hely\u00e9re (1972). A munk\u00e1latokat elkezdt\u00e9k (1977\u2013). Sz\u00fcl\u0151hely\u00e9re, Alexandri\u00e1ba helyezt\u00e9k (1977). <br \/><strong>\u2013 Irod.:<\/strong> Filipi\u015ful Mic; Reghin, Protopopiat.<\/br><\/p>\n","protected":false},"excerpt":{"rendered":"<p>? \u2020 ?: ort. lelk\u00e9sz. \u2013 Kisf\u00fclp\u00f6s\u00f6n szolg\u00e1lt (1965\u201378). Vezet\u00e9s\u00e9vel kezdt\u00e9k k\u00e9rv\u00e9nyezni egy \u00faj k\u0151templom \u00e9p\u00edt\u00e9s\u00e9t, a r\u00e9gi, megromlott 95 \u00e9ves fatemplom hely\u00e9re (1972). A munk\u00e1latokat elkezdt\u00e9k (1977\u2013). Sz\u00fcl\u0151hely\u00e9re, Alexandri\u00e1ba helyezt\u00e9k (1977). \u2013 Irod.: Filipi\u015ful Mic; Reghin, Protopopiat.<\/p>\n","protected":false},"featured_media":0,"comment_status":"open","ping_status":"closed","template":"","meta":[],"product_brand":[],"product_cat":[137],"product_tag":[],"class_list":{"0":"post-23712","1":"product","2":"type-product","3":"status-publish","5":"product_cat-maros-megyei-eletrajzi-lexikon","7":"first","8":"instock","9":"shipping-taxable","10":"product-type-simple"},"_links":{"self":[{"href":"https:\/\/uj.adatbank.ro\/lexikon\/wp-json\/wp\/v2\/product\/23712","targetHints":{"allow":["GET"]}}],"collection":[{"href":"https:\/\/uj.adatbank.ro\/lexikon\/wp-json\/wp\/v2\/product"}],"about":[{"href":"https:\/\/uj.adatbank.ro\/lexikon\/wp-json\/wp\/v2\/types\/product"}],"replies":[{"embeddable":true,"href":"https:\/\/uj.adatbank.ro\/lexikon\/wp-json\/wp\/v2\/comments?post=23712"}],"wp:attachment":[{"href":"https:\/\/uj.adatbank.ro\/lexikon\/wp-json\/wp\/v2\/media?parent=23712"}],"wp:term":[{"taxonomy":"product_brand","embeddable":true,"href":"https:\/\/uj.adatbank.ro\/lexikon\/wp-json\/wp\/v2\/product_brand?post=23712"},{"taxonomy":"product_cat","embeddable":true,"href":"https:\/\/uj.adatbank.ro\/lexikon\/wp-json\/wp\/v2\/product_cat?post=23712"},{"taxonomy":"product_tag","embeddable":true,"href":"https:\/\/uj.adatbank.ro\/lexikon\/wp-json\/wp\/v2\/product_tag?post=23712"}],"curies":[{"name":"wp","href":"https:\/\/api.w.org\/{rel}","templated":true}]}}