{"id":23721,"date":"2025-08-01T17:38:55","date_gmt":"2025-08-01T15:38:55","guid":{"rendered":"https:\/\/uj.adatbank.ro\/lexikon\/termek\/turotzi\/"},"modified":"2025-08-01T17:38:55","modified_gmt":"2025-08-01T15:38:55","slug":"turotzi","status":"publish","type":"product","link":"https:\/\/uj.adatbank.ro\/lexikon\/termek\/turotzi\/","title":{"rendered":"T\u00daR\u00d3TZI \u2026"},"content":{"rendered":"<p>? \u2020 ?: tan\u00edt\u00f3. \u2013 D\u00e9sfalv\u00e1n tan\u00edtott (1734). \u2013 K\u00fck\u00fcll\u0151i Ref. Egyh\u00e1zm. 2.<\/br><\/p>\n","protected":false},"excerpt":{"rendered":"<p>? \u2020 ?: tan\u00edt\u00f3. \u2013 D\u00e9sfalv\u00e1n tan\u00edtott (1734). \u2013 K\u00fck\u00fcll\u0151i Ref. Egyh\u00e1zm. 2.<\/p>\n","protected":false},"featured_media":0,"comment_status":"open","ping_status":"closed","template":"","meta":[],"product_brand":[],"product_cat":[137],"product_tag":[],"class_list":{"0":"post-23721","1":"product","2":"type-product","3":"status-publish","5":"product_cat-maros-megyei-eletrajzi-lexikon","7":"first","8":"instock","9":"shipping-taxable","10":"product-type-simple"},"_links":{"self":[{"href":"https:\/\/uj.adatbank.ro\/lexikon\/wp-json\/wp\/v2\/product\/23721","targetHints":{"allow":["GET"]}}],"collection":[{"href":"https:\/\/uj.adatbank.ro\/lexikon\/wp-json\/wp\/v2\/product"}],"about":[{"href":"https:\/\/uj.adatbank.ro\/lexikon\/wp-json\/wp\/v2\/types\/product"}],"replies":[{"embeddable":true,"href":"https:\/\/uj.adatbank.ro\/lexikon\/wp-json\/wp\/v2\/comments?post=23721"}],"wp:attachment":[{"href":"https:\/\/uj.adatbank.ro\/lexikon\/wp-json\/wp\/v2\/media?parent=23721"}],"wp:term":[{"taxonomy":"product_brand","embeddable":true,"href":"https:\/\/uj.adatbank.ro\/lexikon\/wp-json\/wp\/v2\/product_brand?post=23721"},{"taxonomy":"product_cat","embeddable":true,"href":"https:\/\/uj.adatbank.ro\/lexikon\/wp-json\/wp\/v2\/product_cat?post=23721"},{"taxonomy":"product_tag","embeddable":true,"href":"https:\/\/uj.adatbank.ro\/lexikon\/wp-json\/wp\/v2\/product_tag?post=23721"}],"curies":[{"name":"wp","href":"https:\/\/api.w.org\/{rel}","templated":true}]}}