{"id":23723,"date":"2025-08-01T17:39:00","date_gmt":"2025-08-01T15:39:00","guid":{"rendered":"https:\/\/uj.adatbank.ro\/lexikon\/termek\/tury\/"},"modified":"2025-08-01T17:39:00","modified_gmt":"2025-08-01T15:39:00","slug":"tury","status":"publish","type":"product","link":"https:\/\/uj.adatbank.ro\/lexikon\/termek\/tury\/","title":{"rendered":"TURY"},"content":{"rendered":"<p>D\u00e1ny\u00e1ni csal\u00e1d. C\u00edmereslevele kelt 1578. j\u00fan. 14. <br \/><strong>\u2013 Irod.:<\/strong> Siebm. 687.<\/br><\/p>\n","protected":false},"excerpt":{"rendered":"<p>D\u00e1ny\u00e1ni csal\u00e1d. C\u00edmereslevele kelt 1578. j\u00fan. 14. \u2013 Irod.: Siebm. 687.<\/p>\n","protected":false},"featured_media":0,"comment_status":"open","ping_status":"closed","template":"","meta":[],"product_brand":[],"product_cat":[137],"product_tag":[],"class_list":{"0":"post-23723","1":"product","2":"type-product","3":"status-publish","5":"product_cat-maros-megyei-eletrajzi-lexikon","7":"first","8":"instock","9":"shipping-taxable","10":"product-type-simple"},"_links":{"self":[{"href":"https:\/\/uj.adatbank.ro\/lexikon\/wp-json\/wp\/v2\/product\/23723","targetHints":{"allow":["GET"]}}],"collection":[{"href":"https:\/\/uj.adatbank.ro\/lexikon\/wp-json\/wp\/v2\/product"}],"about":[{"href":"https:\/\/uj.adatbank.ro\/lexikon\/wp-json\/wp\/v2\/types\/product"}],"replies":[{"embeddable":true,"href":"https:\/\/uj.adatbank.ro\/lexikon\/wp-json\/wp\/v2\/comments?post=23723"}],"wp:attachment":[{"href":"https:\/\/uj.adatbank.ro\/lexikon\/wp-json\/wp\/v2\/media?parent=23723"}],"wp:term":[{"taxonomy":"product_brand","embeddable":true,"href":"https:\/\/uj.adatbank.ro\/lexikon\/wp-json\/wp\/v2\/product_brand?post=23723"},{"taxonomy":"product_cat","embeddable":true,"href":"https:\/\/uj.adatbank.ro\/lexikon\/wp-json\/wp\/v2\/product_cat?post=23723"},{"taxonomy":"product_tag","embeddable":true,"href":"https:\/\/uj.adatbank.ro\/lexikon\/wp-json\/wp\/v2\/product_tag?post=23723"}],"curies":[{"name":"wp","href":"https:\/\/api.w.org\/{rel}","templated":true}]}}