{"id":23724,"date":"2025-08-01T17:39:03","date_gmt":"2025-08-01T15:39:03","guid":{"rendered":"https:\/\/uj.adatbank.ro\/lexikon\/termek\/tury-kalman\/"},"modified":"2025-08-01T17:39:03","modified_gmt":"2025-08-01T15:39:03","slug":"tury-kalman","status":"publish","type":"product","link":"https:\/\/uj.adatbank.ro\/lexikon\/termek\/tury-kalman\/","title":{"rendered":"TURY K\u00e1lm\u00e1n"},"content":{"rendered":"<p>? \u2020 ?: zen\u00e9sz. \u2013 Fell\u00e9pett a mv.-i Sz\u00e9kely Sz\u00ednh\u00e1zban Iszajev-Galics: Nem mag\u00e1n\u00fcgy c. sz\u00edndarabj\u00e1ban mint zen\u00e9sz. <br \/><strong>\u2013 Irod.:<\/strong> Horv\u00e1th Bea.<\/br><\/p>\n","protected":false},"excerpt":{"rendered":"<p>? \u2020 ?: zen\u00e9sz. \u2013 Fell\u00e9pett a mv.-i Sz\u00e9kely Sz\u00ednh\u00e1zban Iszajev-Galics: Nem mag\u00e1n\u00fcgy c. sz\u00edndarabj\u00e1ban mint zen\u00e9sz. \u2013 Irod.: Horv\u00e1th Bea.<\/p>\n","protected":false},"featured_media":0,"comment_status":"open","ping_status":"closed","template":"","meta":[],"product_brand":[],"product_cat":[137],"product_tag":[],"class_list":{"0":"post-23724","1":"product","2":"type-product","3":"status-publish","5":"product_cat-maros-megyei-eletrajzi-lexikon","7":"first","8":"instock","9":"shipping-taxable","10":"product-type-simple"},"_links":{"self":[{"href":"https:\/\/uj.adatbank.ro\/lexikon\/wp-json\/wp\/v2\/product\/23724","targetHints":{"allow":["GET"]}}],"collection":[{"href":"https:\/\/uj.adatbank.ro\/lexikon\/wp-json\/wp\/v2\/product"}],"about":[{"href":"https:\/\/uj.adatbank.ro\/lexikon\/wp-json\/wp\/v2\/types\/product"}],"replies":[{"embeddable":true,"href":"https:\/\/uj.adatbank.ro\/lexikon\/wp-json\/wp\/v2\/comments?post=23724"}],"wp:attachment":[{"href":"https:\/\/uj.adatbank.ro\/lexikon\/wp-json\/wp\/v2\/media?parent=23724"}],"wp:term":[{"taxonomy":"product_brand","embeddable":true,"href":"https:\/\/uj.adatbank.ro\/lexikon\/wp-json\/wp\/v2\/product_brand?post=23724"},{"taxonomy":"product_cat","embeddable":true,"href":"https:\/\/uj.adatbank.ro\/lexikon\/wp-json\/wp\/v2\/product_cat?post=23724"},{"taxonomy":"product_tag","embeddable":true,"href":"https:\/\/uj.adatbank.ro\/lexikon\/wp-json\/wp\/v2\/product_tag?post=23724"}],"curies":[{"name":"wp","href":"https:\/\/api.w.org\/{rel}","templated":true}]}}