{"id":23727,"date":"2025-08-01T17:39:11","date_gmt":"2025-08-01T15:39:11","guid":{"rendered":"https:\/\/uj.adatbank.ro\/lexikon\/termek\/tusa-etelka-hirsch-etelka\/"},"modified":"2025-08-01T17:39:11","modified_gmt":"2025-08-01T15:39:11","slug":"tusa-etelka-hirsch-etelka","status":"publish","type":"product","link":"https:\/\/uj.adatbank.ro\/lexikon\/termek\/tusa-etelka-hirsch-etelka\/","title":{"rendered":"TUSA Etelka, Hirsch Etelka"},"content":{"rendered":"<p>D\u00e9s, 1925., \u2020 Mv., 2021.: orvos. \u2013 Fiatalon a zsid\u00f3\u00fcld\u00f6z\u00e9s \u00e1ldozata, deport\u00e1l\u00e1s alatt Malchow, Auschwitz, Ravensbr\u00fcck t\u00e1borok foglya. A MOGYI Gyermekgy\u00f3gy\u00e1szati Kar\u00e1n v\u00e9gzett (1951). Mv.-en gyermekortop\u00e9d-seb\u00e9sz szakorvosk\u00e9nt tev\u00e9kenykedett. <br \/><strong>\u2013 Irod.:<\/strong> Kir\u00e1ly Kinga J.; Kiss Cs. M3.<\/br><\/p>\n","protected":false},"excerpt":{"rendered":"<p>D\u00e9s, 1925., \u2020 Mv., 2021.: orvos. \u2013 Fiatalon a zsid\u00f3\u00fcld\u00f6z\u00e9s \u00e1ldozata, deport\u00e1l\u00e1s alatt Malchow, Auschwitz, Ravensbr\u00fcck t\u00e1borok foglya. A MOGYI Gyermekgy\u00f3gy\u00e1szati Kar\u00e1n v\u00e9gzett (1951). Mv.-en gyermekortop\u00e9d-seb\u00e9sz szakorvosk\u00e9nt tev\u00e9kenykedett. \u2013 Irod.: Kir\u00e1ly Kinga J.; Kiss Cs. M3.<\/p>\n","protected":false},"featured_media":0,"comment_status":"open","ping_status":"closed","template":"","meta":[],"product_brand":[],"product_cat":[137],"product_tag":[],"class_list":{"0":"post-23727","1":"product","2":"type-product","3":"status-publish","5":"product_cat-maros-megyei-eletrajzi-lexikon","7":"first","8":"instock","9":"shipping-taxable","10":"product-type-simple"},"_links":{"self":[{"href":"https:\/\/uj.adatbank.ro\/lexikon\/wp-json\/wp\/v2\/product\/23727","targetHints":{"allow":["GET"]}}],"collection":[{"href":"https:\/\/uj.adatbank.ro\/lexikon\/wp-json\/wp\/v2\/product"}],"about":[{"href":"https:\/\/uj.adatbank.ro\/lexikon\/wp-json\/wp\/v2\/types\/product"}],"replies":[{"embeddable":true,"href":"https:\/\/uj.adatbank.ro\/lexikon\/wp-json\/wp\/v2\/comments?post=23727"}],"wp:attachment":[{"href":"https:\/\/uj.adatbank.ro\/lexikon\/wp-json\/wp\/v2\/media?parent=23727"}],"wp:term":[{"taxonomy":"product_brand","embeddable":true,"href":"https:\/\/uj.adatbank.ro\/lexikon\/wp-json\/wp\/v2\/product_brand?post=23727"},{"taxonomy":"product_cat","embeddable":true,"href":"https:\/\/uj.adatbank.ro\/lexikon\/wp-json\/wp\/v2\/product_cat?post=23727"},{"taxonomy":"product_tag","embeddable":true,"href":"https:\/\/uj.adatbank.ro\/lexikon\/wp-json\/wp\/v2\/product_tag?post=23727"}],"curies":[{"name":"wp","href":"https:\/\/api.w.org\/{rel}","templated":true}]}}