{"id":23729,"date":"2025-08-01T17:39:16","date_gmt":"2025-08-01T15:39:16","guid":{"rendered":"https:\/\/uj.adatbank.ro\/lexikon\/termek\/tusan-tamas\/"},"modified":"2025-08-01T17:39:16","modified_gmt":"2025-08-01T15:39:16","slug":"tusan-tamas","status":"publish","type":"product","link":"https:\/\/uj.adatbank.ro\/lexikon\/termek\/tusan-tamas\/","title":{"rendered":"TUS\u00c1N Tam\u00e1s"},"content":{"rendered":"<p>? \u2020 ?: tan\u00edt\u00f3. \u2013 Sz\u00e9kelyudvarhelyen subscrib\u00e1lt (1729). Olth\u00e9v\u00edzen, K\u00fck\u00fcll\u0151alm\u00e1son (1740\u201344), Dics\u0151szentm\u00e1rtonban (1745, 1760\u201362), G\u00f3g\u00e1nban (1747\u201351), G\u00f3g\u00e1nv\u00e1ralj\u00e1n (1751\u201355), Magyarherep\u00e9n (1756) \u00e9s K\u00f3r\u00f3dszentm\u00e1rtonban (1763\u201368) tan\u00edtott. <br \/><strong>\u2013 Irod.:<\/strong> K\u00fck\u00fcll\u0151i Ref. Egyh\u00e1zm. 2., 3. V\u00e1ros a Kisk\u00fck\u00fcll\u0151 partj\u00e1n (Mv., 2000).<\/br><\/p>\n","protected":false},"excerpt":{"rendered":"<p>? \u2020 ?: tan\u00edt\u00f3. \u2013 Sz\u00e9kelyudvarhelyen subscrib\u00e1lt (1729). Olth\u00e9v\u00edzen, K\u00fck\u00fcll\u0151alm\u00e1son (1740\u201344), Dics\u0151szentm\u00e1rtonban (1745, 1760\u201362), G\u00f3g\u00e1nban (1747\u201351), G\u00f3g\u00e1nv\u00e1ralj\u00e1n (1751\u201355), Magyarherep\u00e9n (1756) \u00e9s K\u00f3r\u00f3dszentm\u00e1rtonban (1763\u201368) tan\u00edtott. \u2013 Irod.: K\u00fck\u00fcll\u0151i Ref. Egyh\u00e1zm. 2., 3. V\u00e1ros a Kisk\u00fck\u00fcll\u0151 partj\u00e1n (Mv., 2000).<\/p>\n","protected":false},"featured_media":0,"comment_status":"open","ping_status":"closed","template":"","meta":[],"product_brand":[],"product_cat":[137],"product_tag":[],"class_list":{"0":"post-23729","1":"product","2":"type-product","3":"status-publish","5":"product_cat-maros-megyei-eletrajzi-lexikon","7":"first","8":"instock","9":"shipping-taxable","10":"product-type-simple"},"_links":{"self":[{"href":"https:\/\/uj.adatbank.ro\/lexikon\/wp-json\/wp\/v2\/product\/23729","targetHints":{"allow":["GET"]}}],"collection":[{"href":"https:\/\/uj.adatbank.ro\/lexikon\/wp-json\/wp\/v2\/product"}],"about":[{"href":"https:\/\/uj.adatbank.ro\/lexikon\/wp-json\/wp\/v2\/types\/product"}],"replies":[{"embeddable":true,"href":"https:\/\/uj.adatbank.ro\/lexikon\/wp-json\/wp\/v2\/comments?post=23729"}],"wp:attachment":[{"href":"https:\/\/uj.adatbank.ro\/lexikon\/wp-json\/wp\/v2\/media?parent=23729"}],"wp:term":[{"taxonomy":"product_brand","embeddable":true,"href":"https:\/\/uj.adatbank.ro\/lexikon\/wp-json\/wp\/v2\/product_brand?post=23729"},{"taxonomy":"product_cat","embeddable":true,"href":"https:\/\/uj.adatbank.ro\/lexikon\/wp-json\/wp\/v2\/product_cat?post=23729"},{"taxonomy":"product_tag","embeddable":true,"href":"https:\/\/uj.adatbank.ro\/lexikon\/wp-json\/wp\/v2\/product_tag?post=23729"}],"curies":[{"name":"wp","href":"https:\/\/api.w.org\/{rel}","templated":true}]}}