{"id":23733,"date":"2025-08-01T17:39:23","date_gmt":"2025-08-01T15:39:23","guid":{"rendered":"https:\/\/uj.adatbank.ro\/lexikon\/termek\/tutius-gyorgy\/"},"modified":"2025-08-01T17:39:23","modified_gmt":"2025-08-01T15:39:23","slug":"tutius-gyorgy","status":"publish","type":"product","link":"https:\/\/uj.adatbank.ro\/lexikon\/termek\/tutius-gyorgy\/","title":{"rendered":"TUTIUS Gy\u00f6rgy"},"content":{"rendered":"<p>Kissink, ? \u2020 Segesd, 1705. m\u00e1j. 5: ev. lelk\u00e9sz . \u2013 Segesden volt lelk\u00e9sz (1684\u2013), ahova Segesv\u00e1rr\u00f3l h\u00edvt\u00e1k meg. T. Gy\u00f6rgy lelk\u00e9sz id\u0151sebb fia. Tanult a wittenbergi egyetemen (1677\u2013), hol a Greissing-f\u00e9le polemikus munk\u00e1t: De Atheismo v\u00e9delmezte \u00e9s Scharf J\u00e1nos Frigyes cs. palotagr\u00f3ft\u00f3l a k\u00f6lt\u0151i koszor\u00fat nyerte (1678. dec. 31). \u2013  <strong>F. m..:<\/strong> Exercitatio Academica Prior De Atheismo &#8230; (Wittenbergae, 1677.); Epigrammatum Catonis Christiani Libri Quatuor&#8230; (Keresdini, 1686). <br \/><strong>\u2013 Irod.:<\/strong> RMK 3.; Szinnyei.<\/br><\/p>\n","protected":false},"excerpt":{"rendered":"<p>Kissink, ? \u2020 Segesd, 1705. m\u00e1j. 5: ev. lelk\u00e9sz . \u2013 Segesden volt lelk\u00e9sz (1684\u2013), ahova Segesv\u00e1rr\u00f3l h\u00edvt\u00e1k meg. T. Gy\u00f6rgy lelk\u00e9sz id\u0151sebb fia. Tanult a wittenbergi egyetemen (1677\u2013), hol a Greissing-f\u00e9le polemikus munk\u00e1t: De Atheismo v\u00e9delmezte \u00e9s Scharf J\u00e1nos Frigyes cs. palotagr\u00f3ft\u00f3l a k\u00f6lt\u0151i koszor\u00fat nyerte (1678. dec. 31). \u2013 F. m..: Exercitatio Academica [&hellip;]<\/p>\n","protected":false},"featured_media":0,"comment_status":"open","ping_status":"closed","template":"","meta":[],"product_brand":[],"product_cat":[137],"product_tag":[],"class_list":{"0":"post-23733","1":"product","2":"type-product","3":"status-publish","5":"product_cat-maros-megyei-eletrajzi-lexikon","7":"first","8":"instock","9":"shipping-taxable","10":"product-type-simple"},"_links":{"self":[{"href":"https:\/\/uj.adatbank.ro\/lexikon\/wp-json\/wp\/v2\/product\/23733","targetHints":{"allow":["GET"]}}],"collection":[{"href":"https:\/\/uj.adatbank.ro\/lexikon\/wp-json\/wp\/v2\/product"}],"about":[{"href":"https:\/\/uj.adatbank.ro\/lexikon\/wp-json\/wp\/v2\/types\/product"}],"replies":[{"embeddable":true,"href":"https:\/\/uj.adatbank.ro\/lexikon\/wp-json\/wp\/v2\/comments?post=23733"}],"wp:attachment":[{"href":"https:\/\/uj.adatbank.ro\/lexikon\/wp-json\/wp\/v2\/media?parent=23733"}],"wp:term":[{"taxonomy":"product_brand","embeddable":true,"href":"https:\/\/uj.adatbank.ro\/lexikon\/wp-json\/wp\/v2\/product_brand?post=23733"},{"taxonomy":"product_cat","embeddable":true,"href":"https:\/\/uj.adatbank.ro\/lexikon\/wp-json\/wp\/v2\/product_cat?post=23733"},{"taxonomy":"product_tag","embeddable":true,"href":"https:\/\/uj.adatbank.ro\/lexikon\/wp-json\/wp\/v2\/product_tag?post=23733"}],"curies":[{"name":"wp","href":"https:\/\/api.w.org\/{rel}","templated":true}]}}