{"id":23736,"date":"2025-08-01T17:39:32","date_gmt":"2025-08-01T15:39:32","guid":{"rendered":"https:\/\/uj.adatbank.ro\/lexikon\/termek\/tuzsan-ferenc\/"},"modified":"2025-08-01T17:39:32","modified_gmt":"2025-08-01T15:39:32","slug":"tuzsan-ferenc","status":"publish","type":"product","link":"https:\/\/uj.adatbank.ro\/lexikon\/termek\/tuzsan-ferenc\/","title":{"rendered":"TUZS\u00c1N Ferenc"},"content":{"rendered":"<p>1912., \u2020 ?: mag\u00e1ntisztvisel\u0151. \u2013 K\u00f6z\u00e9piskol\u00e1it K\u00e9zdiv\u00e1s\u00e1rhelyen \u00e9s Bp.-en v\u00e9gezte. Jogot hallgatott \u00e9s k\u00f6zben mag\u00e1ntisztvisel\u0151 Ratosny\u00e1n. Minden hazafias \u00e9s kultur\u00e1lis \u00fcgy t\u00e1mogat\u00f3ja volt. <br \/><strong>\u2013 Irod.:<\/strong> Sz\u00e9kelyf\u00f6ld \u00ed. k.<\/br><\/p>\n","protected":false},"excerpt":{"rendered":"<p>1912., \u2020 ?: mag\u00e1ntisztvisel\u0151. \u2013 K\u00f6z\u00e9piskol\u00e1it K\u00e9zdiv\u00e1s\u00e1rhelyen \u00e9s Bp.-en v\u00e9gezte. Jogot hallgatott \u00e9s k\u00f6zben mag\u00e1ntisztvisel\u0151 Ratosny\u00e1n. Minden hazafias \u00e9s kultur\u00e1lis \u00fcgy t\u00e1mogat\u00f3ja volt. \u2013 Irod.: Sz\u00e9kelyf\u00f6ld \u00ed. k.<\/p>\n","protected":false},"featured_media":0,"comment_status":"open","ping_status":"closed","template":"","meta":[],"product_brand":[],"product_cat":[137],"product_tag":[],"class_list":{"0":"post-23736","1":"product","2":"type-product","3":"status-publish","5":"product_cat-maros-megyei-eletrajzi-lexikon","7":"first","8":"instock","9":"shipping-taxable","10":"product-type-simple"},"_links":{"self":[{"href":"https:\/\/uj.adatbank.ro\/lexikon\/wp-json\/wp\/v2\/product\/23736","targetHints":{"allow":["GET"]}}],"collection":[{"href":"https:\/\/uj.adatbank.ro\/lexikon\/wp-json\/wp\/v2\/product"}],"about":[{"href":"https:\/\/uj.adatbank.ro\/lexikon\/wp-json\/wp\/v2\/types\/product"}],"replies":[{"embeddable":true,"href":"https:\/\/uj.adatbank.ro\/lexikon\/wp-json\/wp\/v2\/comments?post=23736"}],"wp:attachment":[{"href":"https:\/\/uj.adatbank.ro\/lexikon\/wp-json\/wp\/v2\/media?parent=23736"}],"wp:term":[{"taxonomy":"product_brand","embeddable":true,"href":"https:\/\/uj.adatbank.ro\/lexikon\/wp-json\/wp\/v2\/product_brand?post=23736"},{"taxonomy":"product_cat","embeddable":true,"href":"https:\/\/uj.adatbank.ro\/lexikon\/wp-json\/wp\/v2\/product_cat?post=23736"},{"taxonomy":"product_tag","embeddable":true,"href":"https:\/\/uj.adatbank.ro\/lexikon\/wp-json\/wp\/v2\/product_tag?post=23736"}],"curies":[{"name":"wp","href":"https:\/\/api.w.org\/{rel}","templated":true}]}}