{"id":23746,"date":"2025-08-01T17:39:55","date_gmt":"2025-08-01T15:39:55","guid":{"rendered":"https:\/\/uj.adatbank.ro\/lexikon\/termek\/udvarhelyi-karoly-kendoff\/"},"modified":"2025-08-01T17:39:55","modified_gmt":"2025-08-01T15:39:55","slug":"udvarhelyi-karoly-kendoff","status":"publish","type":"product","link":"https:\/\/uj.adatbank.ro\/lexikon\/termek\/udvarhelyi-karoly-kendoff\/","title":{"rendered":"UDVARHELYI K\u00e1roly; Kendoff"},"content":{"rendered":"<p>Ny\u00e1r\u00e1dmagyar\u00f3s, 1903. febr. 9., \u2020 Bp., 1992. m\u00e1rc. 1.: geogr\u00e1fus, pedag\u00f3gus. \u2013 Kv.-on gy\u00e1ri munk\u00e1s (1916. j\u00fal.\u20141917. szept..), vaseszterg\u00e1lyos (1921. j\u00fan.\u2013okt.). A kv.-i Marianum kat. tan\u00edt\u00f3k\u00e9pz\u0151 int.-\u00e9ben tan\u00edt\u00f3i (1921), a bp.-i polg\u00e1ri isk. tan\u00e1rk\u00e9pz\u0151 f\u0151isk.-n (Paedagogium) f\u00f6ldrajz-biol\u00f3gia-k\u00e9mia szakos tan\u00e1ri oklevelet, emellett testnevel\u0151 tan\u00e1ri oklevelet is szerzett (1923). A m\u00e1t\u00e9szalkai \u00e1ll. polg\u00e1ri isk. tan\u00e1ra (1924\u201329), a szegedi polg\u00e1ri isk. tan\u00e1rk\u00e9pz\u0151 f\u0151isk. gyakorl\u00f3isk.-j\u00e1ban a f\u00f6ldrajz szakvezet\u0151 tan\u00e1ra (1929\u201348), egyidej\u0171leg t\u00f6bb \u00e9ven kereszt\u00fcl a szegedi tanker. f\u00f6ldrajzi szakfel\u00fcgyel\u0151je, majd \u00e1ltal\u00e1nos tanulm\u00e1nyi fel\u00fcgyel\u0151je. A szegedi egy.-en b\u00f6lcs\u00e9szdoktori oklevelet szerzett (1942). A F\u00f6ldtani Int. megb\u00edz\u00e1s\u00e1b\u00f3l geol\u00f3giai kutat\u00e1sokban vett r\u00e9szt a g\u00f6m\u00f6ri karsztvid\u00e9ken \u00e9s Nagy\u00e1g k\u00f6rny\u00e9k\u00e9n (1942\u201343). A debreceni pedag\u00f3giai f\u0151isk. f\u00f6ldrajz tansz\u00e9k\u00e9n megb\u00edzott tansz\u00e9kvezet\u0151 tan\u00e1r (1948\u2013), az egri pedag\u00f3giai (tan\u00e1rk\u00e9pz\u0151) f\u0151isk. f\u00f6ldrajz tansz\u00e9k\u00e9n tansz\u00e9kvezet\u0151 f\u0151isk. tan\u00e1r nyugd\u00edjaz\u00e1s\u00e1ig (1949\u201370). Az 1956. \u00e9vi forradalom idej\u00e9n az egri pedag\u00f3giai f\u0151isk. ideiglenes munk\u00e1stan\u00e1cs\u00e1nak eln\u00f6ke volt. F\u0151k\u00e9nt a f\u00f6ldrajzoktat\u00e1s k\u00e9rd\u00e9seivel, emellett term\u00e9szeti, f\u00f6ldrajzi \u00e9s gazdas\u00e1gf\u00f6ldrajzi kutat\u00e1sokkal foglalkozott. Az 1945 ut\u00e1ni als\u00f3fok\u00fa f\u00f6ldrajzoktat\u00e1s korszakmeghat\u00e1roz\u00f3 szem\u00e9lyis\u00e9ge. M\u00f3dszertana els\u0151 a m. szakmetodikai irodalomban, \u00e1lt isk. tank\u00f6nyveit \u00e9s munkaf\u00fczeteit tartalmi \u00e9s m\u00f3dszertani korszer\u0171s\u00edt\u00e9sekkel t\u00f6bb mint 30 \u00e9vig haszn\u00e1lt\u00e1k f\u0151isk. tank\u00f6nyvk\u00e9nt. Az \u00e1ltal\u00e1nos isk. f\u00f6ldrajztan\u00e1rk\u00e9pz\u00e9s, a tant\u00e1rgy-pedag\u00f3gia \u00e9s a szeml\u00e9ltet\u0151 f\u00f6ldrajzoktat\u00e1s \u00fatt\u00f6r\u0151je. A f\u00f6ldrajztudom\u00e1ny kandid\u00e1tusa (1962). A M. F\u00f6ldr. T\u00e1rs. v\u00e1lasztm\u00e1nyi tagja, t. tagja (1974), \u00c9-mo.-i oszt\u00e1ly\u00e1nak vezet\u0151je. Ap\u00e1czai Csere J\u00e1nos-d\u00edj (1980), L\u00f3czy Lajos-eml\u00e9k\u00e9rem (1983). \u2013  <strong>F. m..:<\/strong> F\u00f6ldrajzoktat\u00e1s a cselekv\u0151 iskol\u00e1ban. F\u00f6ldrajzi gondolkod\u00e1sra val\u00f3 nevel\u00e9s (Szeged, 1934); V\u00e1zlatok a f\u00f6ldrajztan\u00edt\u00e1shoz, I\u2013IV. r\u00e9sz (Szeged, 1935; 4. kiad. 1941); Magyarorsz\u00e1g f\u00f6ldrajza az iskol\u00e1ban \u00e9s sz\u00fcl\u0151f\u00f6ldismertet\u00e9s (Szeged, 1938); Eur\u00f3pa f\u00f6ldrajza az iskol\u00e1ban (Szeged, 1940); A t\u00e1jjellemz\u00e9s \u00e9s t\u00e1j\u00e9rt\u00e9kel\u00e9s didaktik\u00e1ja (Szeged, 1941); F\u00f6ldrajzi gyakorlatok (f\u0151isk. jegyzet; Bp., 1955); Szeml\u00e9ltet\u0151 rajzok a f\u00f6ldrajz\u00f3r\u00e1n (Bp., 1952; 2. \u00e1td. kiad. 1961); A f\u00f6ldrajztan\u00edt\u00e1s m\u00f3dszertana (f\u0151isk. jegyzet; Bp., 1962); Magyarorsz\u00e1g term\u00e9szeti \u00e9s gazdas\u00e1gi f\u00f6ldrajza. Szerk. (f\u0151isk. tank\u00f6nyv; Bp., 1968); Fejl\u0151d\u00e9s, min\u0151s\u00e9gi v\u00e1ltoz\u00e1sok a f\u00f6ldrajzi szf\u00e9r\u00e1ban \u00e9s a f\u00f6ldrajzoktat\u00e1sban (Acta Academiae Pedagogicae Agriensis, 1969); A f\u00f6ldrajzi gyakorlatok rendszere \u00e9s m\u00f3dszere a tan\u00e1rk\u00e9pz\u0151 f\u0151iskol\u00e1n (Egri Tan\u00e1rk\u00e9pz\u0151 F\u0151isk. Tud. K\u00f6zlm., 1970). <br \/><strong>\u2013 Irod.:<\/strong> Ki kicsoda?; \u00daM\u00c9L.<\/br><\/p>\n","protected":false},"excerpt":{"rendered":"<p>Ny\u00e1r\u00e1dmagyar\u00f3s, 1903. febr. 9., \u2020 Bp., 1992. m\u00e1rc. 1.: geogr\u00e1fus, pedag\u00f3gus. \u2013 Kv.-on gy\u00e1ri munk\u00e1s (1916. j\u00fal.\u20141917. szept..), vaseszterg\u00e1lyos (1921. j\u00fan.\u2013okt.). A kv.-i Marianum kat. tan\u00edt\u00f3k\u00e9pz\u0151 int.-\u00e9ben tan\u00edt\u00f3i (1921), a bp.-i polg\u00e1ri isk. tan\u00e1rk\u00e9pz\u0151 f\u0151isk.-n (Paedagogium) f\u00f6ldrajz-biol\u00f3gia-k\u00e9mia szakos tan\u00e1ri oklevelet, emellett testnevel\u0151 tan\u00e1ri oklevelet is szerzett (1923). A m\u00e1t\u00e9szalkai \u00e1ll. polg\u00e1ri isk. tan\u00e1ra (1924\u201329), a [&hellip;]<\/p>\n","protected":false},"featured_media":0,"comment_status":"open","ping_status":"closed","template":"","meta":[],"product_brand":[],"product_cat":[137],"product_tag":[],"class_list":{"0":"post-23746","1":"product","2":"type-product","3":"status-publish","5":"product_cat-maros-megyei-eletrajzi-lexikon","7":"first","8":"instock","9":"shipping-taxable","10":"product-type-simple"},"_links":{"self":[{"href":"https:\/\/uj.adatbank.ro\/lexikon\/wp-json\/wp\/v2\/product\/23746","targetHints":{"allow":["GET"]}}],"collection":[{"href":"https:\/\/uj.adatbank.ro\/lexikon\/wp-json\/wp\/v2\/product"}],"about":[{"href":"https:\/\/uj.adatbank.ro\/lexikon\/wp-json\/wp\/v2\/types\/product"}],"replies":[{"embeddable":true,"href":"https:\/\/uj.adatbank.ro\/lexikon\/wp-json\/wp\/v2\/comments?post=23746"}],"wp:attachment":[{"href":"https:\/\/uj.adatbank.ro\/lexikon\/wp-json\/wp\/v2\/media?parent=23746"}],"wp:term":[{"taxonomy":"product_brand","embeddable":true,"href":"https:\/\/uj.adatbank.ro\/lexikon\/wp-json\/wp\/v2\/product_brand?post=23746"},{"taxonomy":"product_cat","embeddable":true,"href":"https:\/\/uj.adatbank.ro\/lexikon\/wp-json\/wp\/v2\/product_cat?post=23746"},{"taxonomy":"product_tag","embeddable":true,"href":"https:\/\/uj.adatbank.ro\/lexikon\/wp-json\/wp\/v2\/product_tag?post=23746"}],"curies":[{"name":"wp","href":"https:\/\/api.w.org\/{rel}","templated":true}]}}