{"id":23750,"date":"2025-08-01T17:40:04","date_gmt":"2025-08-01T15:40:04","guid":{"rendered":"https:\/\/uj.adatbank.ro\/lexikon\/termek\/ufferbach-bela\/"},"modified":"2025-08-01T17:40:04","modified_gmt":"2025-08-01T15:40:04","slug":"ufferbach-bela","status":"publish","type":"product","link":"https:\/\/uj.adatbank.ro\/lexikon\/termek\/ufferbach-bela\/","title":{"rendered":"UFFERBACH B\u00e9la"},"content":{"rendered":"<p>? \u2020\u00a0?: amat\u0151r f\u00e9nyk\u00e9p\u00e9sz. \u2013 K\u00e9peslapokon jelentek meg felv\u00e9telei Mv.-r\u0151l (1941). <br \/><strong>\u2013 Irod.:<\/strong> Csepreghy 2010.<\/br><\/p>\n","protected":false},"excerpt":{"rendered":"<p>? \u2020\u00a0?: amat\u0151r f\u00e9nyk\u00e9p\u00e9sz. \u2013 K\u00e9peslapokon jelentek meg felv\u00e9telei Mv.-r\u0151l (1941). \u2013 Irod.: Csepreghy 2010.<\/p>\n","protected":false},"featured_media":0,"comment_status":"open","ping_status":"closed","template":"","meta":[],"product_brand":[],"product_cat":[137],"product_tag":[],"class_list":{"0":"post-23750","1":"product","2":"type-product","3":"status-publish","5":"product_cat-maros-megyei-eletrajzi-lexikon","7":"first","8":"instock","9":"shipping-taxable","10":"product-type-simple"},"_links":{"self":[{"href":"https:\/\/uj.adatbank.ro\/lexikon\/wp-json\/wp\/v2\/product\/23750","targetHints":{"allow":["GET"]}}],"collection":[{"href":"https:\/\/uj.adatbank.ro\/lexikon\/wp-json\/wp\/v2\/product"}],"about":[{"href":"https:\/\/uj.adatbank.ro\/lexikon\/wp-json\/wp\/v2\/types\/product"}],"replies":[{"embeddable":true,"href":"https:\/\/uj.adatbank.ro\/lexikon\/wp-json\/wp\/v2\/comments?post=23750"}],"wp:attachment":[{"href":"https:\/\/uj.adatbank.ro\/lexikon\/wp-json\/wp\/v2\/media?parent=23750"}],"wp:term":[{"taxonomy":"product_brand","embeddable":true,"href":"https:\/\/uj.adatbank.ro\/lexikon\/wp-json\/wp\/v2\/product_brand?post=23750"},{"taxonomy":"product_cat","embeddable":true,"href":"https:\/\/uj.adatbank.ro\/lexikon\/wp-json\/wp\/v2\/product_cat?post=23750"},{"taxonomy":"product_tag","embeddable":true,"href":"https:\/\/uj.adatbank.ro\/lexikon\/wp-json\/wp\/v2\/product_tag?post=23750"}],"curies":[{"name":"wp","href":"https:\/\/api.w.org\/{rel}","templated":true}]}}