{"id":23752,"date":"2025-08-01T17:40:08","date_gmt":"2025-08-01T15:40:08","guid":{"rendered":"https:\/\/uj.adatbank.ro\/lexikon\/termek\/ugrai-gabor\/"},"modified":"2025-08-01T17:40:08","modified_gmt":"2025-08-01T15:40:08","slug":"ugrai-gabor","status":"publish","type":"product","link":"https:\/\/uj.adatbank.ro\/lexikon\/termek\/ugrai-gabor\/","title":{"rendered":"UGRAI G\u00e1bor"},"content":{"rendered":"<p>1872? \u2020\u00a0Mv., 1920. m\u00e1j. 25.: \u00e1llateg\u00e9szs\u00e9g\u00fcgyi fel\u00fcgyel\u0151. \u2013 Apja U. Gyula. Testv\u00e9rei: U. Katalin \u2013 Ko\u00f3s Ferencn\u00e9; Erzs\u00e9bet; J\u00falia \u2013 Maroevich Iv\u00e1nn\u00e9. Feles\u00e9ge: Ziegler Kl\u00e1ra. Gyermekeik: U. G\u00e1bor, Gyula, Kl\u00e1ra, S\u00e1ra, Gy\u00f6rgy, Cecile, Erzs\u00e9bet, D\u00e1niel. \u2013 Mv.-en \u00e1llateg\u00e9szs\u00e9g\u00fcgyi f\u0151fel\u00fcgyel\u0151. <br \/><strong>\u2013 Irod.:<\/strong> Gy\u00e1szjelent\u0151.<\/br><\/p>\n","protected":false},"excerpt":{"rendered":"<p>1872? \u2020\u00a0Mv., 1920. m\u00e1j. 25.: \u00e1llateg\u00e9szs\u00e9g\u00fcgyi fel\u00fcgyel\u0151. \u2013 Apja U. Gyula. Testv\u00e9rei: U. Katalin \u2013 Ko\u00f3s Ferencn\u00e9; Erzs\u00e9bet; J\u00falia \u2013 Maroevich Iv\u00e1nn\u00e9. Feles\u00e9ge: Ziegler Kl\u00e1ra. Gyermekeik: U. G\u00e1bor, Gyula, Kl\u00e1ra, S\u00e1ra, Gy\u00f6rgy, Cecile, Erzs\u00e9bet, D\u00e1niel. \u2013 Mv.-en \u00e1llateg\u00e9szs\u00e9g\u00fcgyi f\u0151fel\u00fcgyel\u0151. \u2013 Irod.: Gy\u00e1szjelent\u0151.<\/p>\n","protected":false},"featured_media":0,"comment_status":"open","ping_status":"closed","template":"","meta":[],"product_brand":[],"product_cat":[137],"product_tag":[],"class_list":{"0":"post-23752","1":"product","2":"type-product","3":"status-publish","5":"product_cat-maros-megyei-eletrajzi-lexikon","7":"first","8":"instock","9":"shipping-taxable","10":"product-type-simple"},"_links":{"self":[{"href":"https:\/\/uj.adatbank.ro\/lexikon\/wp-json\/wp\/v2\/product\/23752","targetHints":{"allow":["GET"]}}],"collection":[{"href":"https:\/\/uj.adatbank.ro\/lexikon\/wp-json\/wp\/v2\/product"}],"about":[{"href":"https:\/\/uj.adatbank.ro\/lexikon\/wp-json\/wp\/v2\/types\/product"}],"replies":[{"embeddable":true,"href":"https:\/\/uj.adatbank.ro\/lexikon\/wp-json\/wp\/v2\/comments?post=23752"}],"wp:attachment":[{"href":"https:\/\/uj.adatbank.ro\/lexikon\/wp-json\/wp\/v2\/media?parent=23752"}],"wp:term":[{"taxonomy":"product_brand","embeddable":true,"href":"https:\/\/uj.adatbank.ro\/lexikon\/wp-json\/wp\/v2\/product_brand?post=23752"},{"taxonomy":"product_cat","embeddable":true,"href":"https:\/\/uj.adatbank.ro\/lexikon\/wp-json\/wp\/v2\/product_cat?post=23752"},{"taxonomy":"product_tag","embeddable":true,"href":"https:\/\/uj.adatbank.ro\/lexikon\/wp-json\/wp\/v2\/product_tag?post=23752"}],"curies":[{"name":"wp","href":"https:\/\/api.w.org\/{rel}","templated":true}]}}