{"id":23754,"date":"2025-08-01T17:40:14","date_gmt":"2025-08-01T15:40:14","guid":{"rendered":"https:\/\/uj.adatbank.ro\/lexikon\/termek\/ugrai-laszlo\/"},"modified":"2025-08-01T17:40:14","modified_gmt":"2025-08-01T15:40:14","slug":"ugrai-laszlo","status":"publish","type":"product","link":"https:\/\/uj.adatbank.ro\/lexikon\/termek\/ugrai-laszlo\/","title":{"rendered":"UGRAI L\u00e1szl\u00f3"},"content":{"rendered":"<p>Kv., 1769. m\u00e1j. 12. (a keresztel\u00e9s napja), \u2020\u00a0Sz\u00e9kelyudvarhely, 1830. febr. 5.: \u00e9p\u00edt\u00e9sz. \u2013 U. Andr\u00e1s (\u2020 Kv., 1772) \u201eudvari inspector\u201d \u00e9s Husz\u00e1r Anna (\u2020 Kv., 1790) fia. Testv\u00e9re: Kl\u00e1ra K\u00e9sm\u00e1rki P\u00e9tern\u00e9. Feles\u00e9ge: M\u00e1rtonffi Erzs\u00e9bet. Fiuk: K\u00e1roly. \u2013 A kv.-i unit koll.-ban tanult, l\u00e1togatta a Norm\u00e1l Rajzod\u00e1t \/ Rajzol\u00f3 Acad.-\u00e1t is (3 \u00e9vig). A b\u00e9csi K\u00e9pz\u0151m\u0171v\u00e9szeti Akad. di\u00e1kja (1791- 97), itt m\u00e1r akad.-i k\u00fcl\u00f6nd\u00edjban r\u00e9szes\u00fclt, sz\u00fclei elhal\u00e1loz\u00e1sa ut\u00e1n neh\u00e9z anyagi k\u00f6r\u00fclm\u00e9nyek k\u00f6z\u00f6tt \u00e9lt, siker\u00fclt Gundel-d\u00edjat kapnia (1892). K\u00e9relmez\u00e9se ut\u00e1n a Teleki S\u00e1muel \u00e1ltal vezetett korm\u00e1nyszerv j\u00f3v\u00e1hagyta sz\u00e1m\u00e1ra a Goldbergiana Fundatio t\u00e1mogat\u00e1s\u00e1t, de el\u0151\u00edrt\u00e1k, hogy a civil \u00e9p\u00edt\u00e9szet mellett tanuljon geod\u00e9zi\u00e1t, hidraulik\u00e1t, \u00fat- \u00e9s h\u00edd\u00e9p\u00edt\u00e9st is (1794\u201397). Olasz tanulm\u00e1ny\u00fatra ment (1798. j\u00fal. \u2013 1799. m\u00e1j.). Kinevezt\u00e9k Udvarhelysz\u00e9k, Cs\u00edk-, Gyergy\u00f3-\u00e9s K\u00e1szonsz\u00e9k, valamint Segesv\u00e1rsz\u00e9k geometr\u00e1j\u00e1v\u00e1. A segesv\u00e1rsz\u00e9ki feladatait is ell\u00e1tta (1800\u20131806), elk\u00e9sz\u00edtette: a r. k.elemi iskola terv\u00e9t (1804. \u00e1pr.), a d\u00e1nosi ev. er\u0151dtemplom jav\u00edt\u00e1si \u00e9s torny\u00e1nak \u00e9p\u00edt\u00e9si terv\u00e9t (1804 tavasz\u00e1n), az erkedi, nagysz\u0151ll\u0151si, r\u00e1dosi \u00e9s sz\u00e1szbenei kv\u00e1rt\u00e9lyh\u00e1zak felm\u00e9r\u00e9s\u00e9t (1805. \u00e1pr.). Elk\u00e9sz\u00edtette a mv.-i koll.-hoz k\u00e9sz\u00edtett, de ma m\u00e9g ismeretlen terv\u00e9t (1801), a b\u00f6z\u00f6d\u00fajfalui r. k.templom fel\u00faj\u00edt\u00e1si \u00e9s a torony megemel\u00e9si terv\u00e9t \u00e9s k\u00f6lts\u00e9gvet\u00e9s\u00e9t (1803. jan. 25.), ezt az Udvari Kancell\u00e1ria j\u00f3v\u00e1hagyta (1803. m\u00e1j. 20.), Voltak f\u0151\u00fari megrendel\u0151i is. <br \/><strong>\u2013 Irod.:<\/strong> Orb\u00e1n J\u00e1nos: B\u00e9cst\u0151l Sz\u00e9kelyudvarhelyig. T\u00e1mpontok U.L. munk\u00e1ss\u00e1g\u00e1nak val\u00f3s \u00e9rt\u00e9kel\u00e9s\u00e9hez = Fund\u00e1lok, pall\u00e9rok.<\/br><\/p>\n","protected":false},"excerpt":{"rendered":"<p>Kv., 1769. m\u00e1j. 12. (a keresztel\u00e9s napja), \u2020\u00a0Sz\u00e9kelyudvarhely, 1830. febr. 5.: \u00e9p\u00edt\u00e9sz. \u2013 U. Andr\u00e1s (\u2020 Kv., 1772) \u201eudvari inspector\u201d \u00e9s Husz\u00e1r Anna (\u2020 Kv., 1790) fia. Testv\u00e9re: Kl\u00e1ra K\u00e9sm\u00e1rki P\u00e9tern\u00e9. Feles\u00e9ge: M\u00e1rtonffi Erzs\u00e9bet. Fiuk: K\u00e1roly. \u2013 A kv.-i unit koll.-ban tanult, l\u00e1togatta a Norm\u00e1l Rajzod\u00e1t \/ Rajzol\u00f3 Acad.-\u00e1t is (3 \u00e9vig). A b\u00e9csi K\u00e9pz\u0151m\u0171v\u00e9szeti [&hellip;]<\/p>\n","protected":false},"featured_media":0,"comment_status":"open","ping_status":"closed","template":"","meta":[],"product_brand":[],"product_cat":[137],"product_tag":[],"class_list":{"0":"post-23754","1":"product","2":"type-product","3":"status-publish","5":"product_cat-maros-megyei-eletrajzi-lexikon","7":"first","8":"instock","9":"shipping-taxable","10":"product-type-simple"},"_links":{"self":[{"href":"https:\/\/uj.adatbank.ro\/lexikon\/wp-json\/wp\/v2\/product\/23754","targetHints":{"allow":["GET"]}}],"collection":[{"href":"https:\/\/uj.adatbank.ro\/lexikon\/wp-json\/wp\/v2\/product"}],"about":[{"href":"https:\/\/uj.adatbank.ro\/lexikon\/wp-json\/wp\/v2\/types\/product"}],"replies":[{"embeddable":true,"href":"https:\/\/uj.adatbank.ro\/lexikon\/wp-json\/wp\/v2\/comments?post=23754"}],"wp:attachment":[{"href":"https:\/\/uj.adatbank.ro\/lexikon\/wp-json\/wp\/v2\/media?parent=23754"}],"wp:term":[{"taxonomy":"product_brand","embeddable":true,"href":"https:\/\/uj.adatbank.ro\/lexikon\/wp-json\/wp\/v2\/product_brand?post=23754"},{"taxonomy":"product_cat","embeddable":true,"href":"https:\/\/uj.adatbank.ro\/lexikon\/wp-json\/wp\/v2\/product_cat?post=23754"},{"taxonomy":"product_tag","embeddable":true,"href":"https:\/\/uj.adatbank.ro\/lexikon\/wp-json\/wp\/v2\/product_tag?post=23754"}],"curies":[{"name":"wp","href":"https:\/\/api.w.org\/{rel}","templated":true}]}}