{"id":23755,"date":"2025-08-01T17:40:19","date_gmt":"2025-08-01T15:40:19","guid":{"rendered":"https:\/\/uj.adatbank.ro\/lexikon\/termek\/ugrai-marton\/"},"modified":"2025-08-01T17:40:19","modified_gmt":"2025-08-01T15:40:19","slug":"ugrai-marton","status":"publish","type":"product","link":"https:\/\/uj.adatbank.ro\/lexikon\/termek\/ugrai-marton\/","title":{"rendered":"UGRAI M\u00e1rton"},"content":{"rendered":"<p>Sz\u0151kefalva, ? \u2020\u00a0?: sz\u0171csmester, tan\u00edt\u00f3. \u2013 Sz\u0151kefalv\u00e1r\u00f3l sz\u00e1rmazott \u00e9s a mv.-i sz\u0171cs\u00f6k c\u00e9h\u00e9b\u0151l \u00e9rkezett. Bonyh\u00e1ban tan\u00edtott (1798\u20131801). Bonyh\u00e1n nem becs\u00fclt\u00e9k meg a j\u00f3 taner\u0151ket, ezzel magyar\u00e1zhat\u00f3, hogy nehezen tal\u00e1ltak mestert, egy iparosnak is \u00f6rvendhettek. \u00cdgy ker\u00fclt sz\u0171csmesterk\u00e9nt a tan\u00edt\u00f3i \u00e1ll\u00e1sba. Nagyerny\u00e9ben tan\u00edtott (1815\u20131832). Feladat\u00e1nak nem felelt meg, magaviselet\u00e9t is kifog\u00e1solt\u00e1k, ez\u00e9rt \u201ea traktusb\u00f3l kicsapatott\u201d, a vizit\u00e1ci\u00f3s jegyz\u0151k\u00f6nyv szerint. <br \/><strong>\u2013 Irod.:<\/strong> Bonyha \u00e9s egyh\u00e1za; Imreh Barna; K\u00fck\u00fcll\u0151i Ref. Egyh\u00e1zm. 1.<\/br><\/p>\n","protected":false},"excerpt":{"rendered":"<p>Sz\u0151kefalva, ? \u2020\u00a0?: sz\u0171csmester, tan\u00edt\u00f3. \u2013 Sz\u0151kefalv\u00e1r\u00f3l sz\u00e1rmazott \u00e9s a mv.-i sz\u0171cs\u00f6k c\u00e9h\u00e9b\u0151l \u00e9rkezett. Bonyh\u00e1ban tan\u00edtott (1798\u20131801). Bonyh\u00e1n nem becs\u00fclt\u00e9k meg a j\u00f3 taner\u0151ket, ezzel magyar\u00e1zhat\u00f3, hogy nehezen tal\u00e1ltak mestert, egy iparosnak is \u00f6rvendhettek. \u00cdgy ker\u00fclt sz\u0171csmesterk\u00e9nt a tan\u00edt\u00f3i \u00e1ll\u00e1sba. Nagyerny\u00e9ben tan\u00edtott (1815\u20131832). Feladat\u00e1nak nem felelt meg, magaviselet\u00e9t is kifog\u00e1solt\u00e1k, ez\u00e9rt \u201ea traktusb\u00f3l kicsapatott\u201d, a [&hellip;]<\/p>\n","protected":false},"featured_media":0,"comment_status":"open","ping_status":"closed","template":"","meta":[],"product_brand":[],"product_cat":[137],"product_tag":[],"class_list":{"0":"post-23755","1":"product","2":"type-product","3":"status-publish","5":"product_cat-maros-megyei-eletrajzi-lexikon","7":"first","8":"instock","9":"shipping-taxable","10":"product-type-simple"},"_links":{"self":[{"href":"https:\/\/uj.adatbank.ro\/lexikon\/wp-json\/wp\/v2\/product\/23755","targetHints":{"allow":["GET"]}}],"collection":[{"href":"https:\/\/uj.adatbank.ro\/lexikon\/wp-json\/wp\/v2\/product"}],"about":[{"href":"https:\/\/uj.adatbank.ro\/lexikon\/wp-json\/wp\/v2\/types\/product"}],"replies":[{"embeddable":true,"href":"https:\/\/uj.adatbank.ro\/lexikon\/wp-json\/wp\/v2\/comments?post=23755"}],"wp:attachment":[{"href":"https:\/\/uj.adatbank.ro\/lexikon\/wp-json\/wp\/v2\/media?parent=23755"}],"wp:term":[{"taxonomy":"product_brand","embeddable":true,"href":"https:\/\/uj.adatbank.ro\/lexikon\/wp-json\/wp\/v2\/product_brand?post=23755"},{"taxonomy":"product_cat","embeddable":true,"href":"https:\/\/uj.adatbank.ro\/lexikon\/wp-json\/wp\/v2\/product_cat?post=23755"},{"taxonomy":"product_tag","embeddable":true,"href":"https:\/\/uj.adatbank.ro\/lexikon\/wp-json\/wp\/v2\/product_tag?post=23755"}],"curies":[{"name":"wp","href":"https:\/\/api.w.org\/{rel}","templated":true}]}}