{"id":23756,"date":"2025-08-01T17:40:22","date_gmt":"2025-08-01T15:40:22","guid":{"rendered":"https:\/\/uj.adatbank.ro\/lexikon\/termek\/ugrai-mihaly\/"},"modified":"2025-08-01T17:40:22","modified_gmt":"2025-08-01T15:40:22","slug":"ugrai-mihaly","status":"publish","type":"product","link":"https:\/\/uj.adatbank.ro\/lexikon\/termek\/ugrai-mihaly\/","title":{"rendered":"UGRAI Mih\u00e1ly"},"content":{"rendered":"<p>? \u2020\u00a0?: mv.-i esk\u00fcdt . \u2013 Mint esk\u00fcdt \u00edrta al\u00e1 szentannai L\u00e1z\u00e1r J\u00e1nos v\u00e9grendelet\u00e9t cs\u00edki, k\u00e1szoni, marossz\u00e9ki szentannai \u00e9s kisfaludi j\u00f3sz\u00e1gair\u00f3l (Szentanna, 1549. m\u00e1rc. 1). <br \/><strong>\u2013 Irod.:<\/strong> SzOkl, 2.<\/br><\/p>\n","protected":false},"excerpt":{"rendered":"<p>? \u2020\u00a0?: mv.-i esk\u00fcdt . \u2013 Mint esk\u00fcdt \u00edrta al\u00e1 szentannai L\u00e1z\u00e1r J\u00e1nos v\u00e9grendelet\u00e9t cs\u00edki, k\u00e1szoni, marossz\u00e9ki szentannai \u00e9s kisfaludi j\u00f3sz\u00e1gair\u00f3l (Szentanna, 1549. m\u00e1rc. 1). \u2013 Irod.: SzOkl, 2.<\/p>\n","protected":false},"featured_media":0,"comment_status":"open","ping_status":"closed","template":"","meta":[],"product_brand":[],"product_cat":[137],"product_tag":[],"class_list":{"0":"post-23756","1":"product","2":"type-product","3":"status-publish","5":"product_cat-maros-megyei-eletrajzi-lexikon","7":"first","8":"instock","9":"shipping-taxable","10":"product-type-simple"},"_links":{"self":[{"href":"https:\/\/uj.adatbank.ro\/lexikon\/wp-json\/wp\/v2\/product\/23756","targetHints":{"allow":["GET"]}}],"collection":[{"href":"https:\/\/uj.adatbank.ro\/lexikon\/wp-json\/wp\/v2\/product"}],"about":[{"href":"https:\/\/uj.adatbank.ro\/lexikon\/wp-json\/wp\/v2\/types\/product"}],"replies":[{"embeddable":true,"href":"https:\/\/uj.adatbank.ro\/lexikon\/wp-json\/wp\/v2\/comments?post=23756"}],"wp:attachment":[{"href":"https:\/\/uj.adatbank.ro\/lexikon\/wp-json\/wp\/v2\/media?parent=23756"}],"wp:term":[{"taxonomy":"product_brand","embeddable":true,"href":"https:\/\/uj.adatbank.ro\/lexikon\/wp-json\/wp\/v2\/product_brand?post=23756"},{"taxonomy":"product_cat","embeddable":true,"href":"https:\/\/uj.adatbank.ro\/lexikon\/wp-json\/wp\/v2\/product_cat?post=23756"},{"taxonomy":"product_tag","embeddable":true,"href":"https:\/\/uj.adatbank.ro\/lexikon\/wp-json\/wp\/v2\/product_tag?post=23756"}],"curies":[{"name":"wp","href":"https:\/\/api.w.org\/{rel}","templated":true}]}}