{"id":23764,"date":"2025-08-01T17:40:40","date_gmt":"2025-08-01T15:40:40","guid":{"rendered":"https:\/\/uj.adatbank.ro\/lexikon\/termek\/ugron-andras-2\/"},"modified":"2025-08-01T17:40:40","modified_gmt":"2025-08-01T15:40:40","slug":"ugron-andras-2","status":"publish","type":"product","link":"https:\/\/uj.adatbank.ro\/lexikon\/termek\/ugron-andras-2\/","title":{"rendered":"UGRON Andr\u00e1s"},"content":{"rendered":"<p>Mv., 1935., \u2020\u00a0Mv., 2010. okt. 26.: Irod. Nekrol\u00f3g (V\u00e1s\u00e1rhelyi H\u00edrlap, 2010. okt. 28.).<\/br><\/p>\n","protected":false},"excerpt":{"rendered":"<p>Mv., 1935., \u2020\u00a0Mv., 2010. okt. 26.: Irod. Nekrol\u00f3g (V\u00e1s\u00e1rhelyi H\u00edrlap, 2010. okt. 28.).<\/p>\n","protected":false},"featured_media":0,"comment_status":"open","ping_status":"closed","template":"","meta":[],"product_brand":[],"product_cat":[137],"product_tag":[],"class_list":{"0":"post-23764","1":"product","2":"type-product","3":"status-publish","5":"product_cat-maros-megyei-eletrajzi-lexikon","7":"first","8":"instock","9":"shipping-taxable","10":"product-type-simple"},"_links":{"self":[{"href":"https:\/\/uj.adatbank.ro\/lexikon\/wp-json\/wp\/v2\/product\/23764","targetHints":{"allow":["GET"]}}],"collection":[{"href":"https:\/\/uj.adatbank.ro\/lexikon\/wp-json\/wp\/v2\/product"}],"about":[{"href":"https:\/\/uj.adatbank.ro\/lexikon\/wp-json\/wp\/v2\/types\/product"}],"replies":[{"embeddable":true,"href":"https:\/\/uj.adatbank.ro\/lexikon\/wp-json\/wp\/v2\/comments?post=23764"}],"wp:attachment":[{"href":"https:\/\/uj.adatbank.ro\/lexikon\/wp-json\/wp\/v2\/media?parent=23764"}],"wp:term":[{"taxonomy":"product_brand","embeddable":true,"href":"https:\/\/uj.adatbank.ro\/lexikon\/wp-json\/wp\/v2\/product_brand?post=23764"},{"taxonomy":"product_cat","embeddable":true,"href":"https:\/\/uj.adatbank.ro\/lexikon\/wp-json\/wp\/v2\/product_cat?post=23764"},{"taxonomy":"product_tag","embeddable":true,"href":"https:\/\/uj.adatbank.ro\/lexikon\/wp-json\/wp\/v2\/product_tag?post=23764"}],"curies":[{"name":"wp","href":"https:\/\/api.w.org\/{rel}","templated":true}]}}