{"id":23766,"date":"2025-08-01T17:40:45","date_gmt":"2025-08-01T15:40:45","guid":{"rendered":"https:\/\/uj.adatbank.ro\/lexikon\/termek\/ugron-anna-%c2%a7-fiatfalvi-miko-laszlone\/"},"modified":"2025-08-01T17:40:45","modified_gmt":"2025-08-01T15:40:45","slug":"ugron-anna-%c2%a7-fiatfalvi-miko-laszlone","status":"publish","type":"product","link":"https:\/\/uj.adatbank.ro\/lexikon\/termek\/ugron-anna-%c2%a7-fiatfalvi-miko-laszlone\/","title":{"rendered":"UGRON Anna, \u00a7 fi\u00e1tfalvi, Mik\u00f3 L\u00e1szl\u00f3n\u00e9"},"content":{"rendered":"<p>? \u2020\u00a0?: f\u00f6ldbirtokos. \u2013 U. Zolt\u00e1n (1865\u20131928) \u00e9s Ka\u00e1li Nagy Margit le\u00e1nya. F\u00e9rje: hidv\u00e9gi gr. Mik\u00f3 L\u00e1szl\u00f3 (1897\u20131983). Gyermekeik: Mik\u00f3 L\u00e1szl\u00f3 (1920), mez\u0151gazd\u00e1sz; Margit k\u00f6zgazd\u00e1sz; Istv\u00e1n (1929). A ny\u00e1r\u00e1dszentl\u00e1szl\u00f3i birtokot \u00f6r\u00f6k\u00f6lte, amit teljess\u00e9g\u00e9ben \u00e1llamos\u00edtottak. <br \/><strong>\u2013 Irod.:<\/strong> Mik\u00f3; Ny\u00e1r\u00e1dszentl\u00e1szl\u00f3.<\/br><\/p>\n","protected":false},"excerpt":{"rendered":"<p>? \u2020\u00a0?: f\u00f6ldbirtokos. \u2013 U. Zolt\u00e1n (1865\u20131928) \u00e9s Ka\u00e1li Nagy Margit le\u00e1nya. F\u00e9rje: hidv\u00e9gi gr. Mik\u00f3 L\u00e1szl\u00f3 (1897\u20131983). Gyermekeik: Mik\u00f3 L\u00e1szl\u00f3 (1920), mez\u0151gazd\u00e1sz; Margit k\u00f6zgazd\u00e1sz; Istv\u00e1n (1929). A ny\u00e1r\u00e1dszentl\u00e1szl\u00f3i birtokot \u00f6r\u00f6k\u00f6lte, amit teljess\u00e9g\u00e9ben \u00e1llamos\u00edtottak. \u2013 Irod.: Mik\u00f3; Ny\u00e1r\u00e1dszentl\u00e1szl\u00f3.<\/p>\n","protected":false},"featured_media":0,"comment_status":"open","ping_status":"closed","template":"","meta":[],"product_brand":[],"product_cat":[137],"product_tag":[],"class_list":{"0":"post-23766","1":"product","2":"type-product","3":"status-publish","5":"product_cat-maros-megyei-eletrajzi-lexikon","7":"first","8":"instock","9":"shipping-taxable","10":"product-type-simple"},"_links":{"self":[{"href":"https:\/\/uj.adatbank.ro\/lexikon\/wp-json\/wp\/v2\/product\/23766","targetHints":{"allow":["GET"]}}],"collection":[{"href":"https:\/\/uj.adatbank.ro\/lexikon\/wp-json\/wp\/v2\/product"}],"about":[{"href":"https:\/\/uj.adatbank.ro\/lexikon\/wp-json\/wp\/v2\/types\/product"}],"replies":[{"embeddable":true,"href":"https:\/\/uj.adatbank.ro\/lexikon\/wp-json\/wp\/v2\/comments?post=23766"}],"wp:attachment":[{"href":"https:\/\/uj.adatbank.ro\/lexikon\/wp-json\/wp\/v2\/media?parent=23766"}],"wp:term":[{"taxonomy":"product_brand","embeddable":true,"href":"https:\/\/uj.adatbank.ro\/lexikon\/wp-json\/wp\/v2\/product_brand?post=23766"},{"taxonomy":"product_cat","embeddable":true,"href":"https:\/\/uj.adatbank.ro\/lexikon\/wp-json\/wp\/v2\/product_cat?post=23766"},{"taxonomy":"product_tag","embeddable":true,"href":"https:\/\/uj.adatbank.ro\/lexikon\/wp-json\/wp\/v2\/product_tag?post=23766"}],"curies":[{"name":"wp","href":"https:\/\/api.w.org\/{rel}","templated":true}]}}