{"id":23767,"date":"2025-08-01T17:40:47","date_gmt":"2025-08-01T15:40:47","guid":{"rendered":"https:\/\/uj.adatbank.ro\/lexikon\/termek\/ugron-banffy-istvan-osb\/"},"modified":"2025-08-01T17:40:47","modified_gmt":"2025-08-01T15:40:47","slug":"ugron-banffy-istvan-osb","status":"publish","type":"product","link":"https:\/\/uj.adatbank.ro\/lexikon\/termek\/ugron-banffy-istvan-osb\/","title":{"rendered":"UGRON B\u00c1NFFY Istv\u00e1n, OSB."},"content":{"rendered":"<p>Mez\u0151z\u00e1h, 1928. okt. 31., \u2020 2005. jan. 7.: benc\u00e9s szerzetes, O. S. B. \u2013 Nov\u00edcius (1956. okt. 3.\u2013), \u00fcnnep\u00e9lyes fogadalmat tett (1965. jan. 5.). Szerzetesi volt\u00e1t titokban kellett tartania, alkalmazottk\u00e9nt \u00e9lt a monostorban 44 \u00e9vig. <br \/><strong>\u2013 Irod.:<\/strong> Der\u00e9k magyar embernek \u00e9s kereszt\u00e9nynek maradni \/ Ol\u00e1h-G\u00e1l Elvira besz\u00e9lget\u00e9se Ugron Istv\u00e1nn\u00e9 b\u00e1r\u00f3 B\u00e1nffy M\u00e1ri\u00e1val (Sz\u00e9kelyf\u00f6ld, 2012, 1. sz.).<\/br><\/p>\n","protected":false},"excerpt":{"rendered":"<p>Mez\u0151z\u00e1h, 1928. okt. 31., \u2020 2005. jan. 7.: benc\u00e9s szerzetes, O. S. B. \u2013 Nov\u00edcius (1956. okt. 3.\u2013), \u00fcnnep\u00e9lyes fogadalmat tett (1965. jan. 5.). Szerzetesi volt\u00e1t titokban kellett tartania, alkalmazottk\u00e9nt \u00e9lt a monostorban 44 \u00e9vig. \u2013 Irod.: Der\u00e9k magyar embernek \u00e9s kereszt\u00e9nynek maradni \/ Ol\u00e1h-G\u00e1l Elvira besz\u00e9lget\u00e9se Ugron Istv\u00e1nn\u00e9 b\u00e1r\u00f3 B\u00e1nffy M\u00e1ri\u00e1val (Sz\u00e9kelyf\u00f6ld, 2012, 1. [&hellip;]<\/p>\n","protected":false},"featured_media":0,"comment_status":"open","ping_status":"closed","template":"","meta":[],"product_brand":[],"product_cat":[137],"product_tag":[],"class_list":{"0":"post-23767","1":"product","2":"type-product","3":"status-publish","5":"product_cat-maros-megyei-eletrajzi-lexikon","7":"first","8":"instock","9":"shipping-taxable","10":"product-type-simple"},"_links":{"self":[{"href":"https:\/\/uj.adatbank.ro\/lexikon\/wp-json\/wp\/v2\/product\/23767","targetHints":{"allow":["GET"]}}],"collection":[{"href":"https:\/\/uj.adatbank.ro\/lexikon\/wp-json\/wp\/v2\/product"}],"about":[{"href":"https:\/\/uj.adatbank.ro\/lexikon\/wp-json\/wp\/v2\/types\/product"}],"replies":[{"embeddable":true,"href":"https:\/\/uj.adatbank.ro\/lexikon\/wp-json\/wp\/v2\/comments?post=23767"}],"wp:attachment":[{"href":"https:\/\/uj.adatbank.ro\/lexikon\/wp-json\/wp\/v2\/media?parent=23767"}],"wp:term":[{"taxonomy":"product_brand","embeddable":true,"href":"https:\/\/uj.adatbank.ro\/lexikon\/wp-json\/wp\/v2\/product_brand?post=23767"},{"taxonomy":"product_cat","embeddable":true,"href":"https:\/\/uj.adatbank.ro\/lexikon\/wp-json\/wp\/v2\/product_cat?post=23767"},{"taxonomy":"product_tag","embeddable":true,"href":"https:\/\/uj.adatbank.ro\/lexikon\/wp-json\/wp\/v2\/product_tag?post=23767"}],"curies":[{"name":"wp","href":"https:\/\/api.w.org\/{rel}","templated":true}]}}