{"id":23770,"date":"2025-08-01T17:40:54","date_gmt":"2025-08-01T15:40:54","guid":{"rendered":"https:\/\/uj.adatbank.ro\/lexikon\/termek\/ugron-gaborne-id-knopfler-maria\/"},"modified":"2025-08-01T17:40:54","modified_gmt":"2025-08-01T15:40:54","slug":"ugron-gaborne-id-knopfler-maria","status":"publish","type":"product","link":"https:\/\/uj.adatbank.ro\/lexikon\/termek\/ugron-gaborne-id-knopfler-maria\/","title":{"rendered":"UGRON G\u00e1born\u00e9, id. Kn\u00f6pfler M\u00e1ria"},"content":{"rendered":"<p>? \u2020\u00a0?: birtokos. \u2013 K. Vilmos le\u00e1nya, a Transsylvania \u00e9tterem \u00e9s sz\u00e1lloda tulajdonosa, k\u00e1rt\u00e9r\u00edt\u00e9st k\u00f6vetelt Schweitzer Adolft\u00f3l, aki b\u00e9relte az ingatlant (1907\u201319) \u00e9s elhanyagolta az \u00e9p\u00fclt rendbet\u00e9tel\u00e9t, holott erre a szerz\u0151d\u00e9s k\u00f6telezte (1919). A k\u00f6zelg\u0151 koron\u00e1z\u00e1s miatt kiutas\u00edtott\u00e1k sz\u00fcl\u0151v\u00e1ros\u00e1b\u00f3l, gyan\u00fas elemnek nyilv\u00e1n\u00edtva (1922). <br \/><strong>\u2013 Irod.:<\/strong> Id\u0151t\u00e1r 3.<\/br><\/p>\n","protected":false},"excerpt":{"rendered":"<p>? \u2020\u00a0?: birtokos. \u2013 K. Vilmos le\u00e1nya, a Transsylvania \u00e9tterem \u00e9s sz\u00e1lloda tulajdonosa, k\u00e1rt\u00e9r\u00edt\u00e9st k\u00f6vetelt Schweitzer Adolft\u00f3l, aki b\u00e9relte az ingatlant (1907\u201319) \u00e9s elhanyagolta az \u00e9p\u00fclt rendbet\u00e9tel\u00e9t, holott erre a szerz\u0151d\u00e9s k\u00f6telezte (1919). A k\u00f6zelg\u0151 koron\u00e1z\u00e1s miatt kiutas\u00edtott\u00e1k sz\u00fcl\u0151v\u00e1ros\u00e1b\u00f3l, gyan\u00fas elemnek nyilv\u00e1n\u00edtva (1922). \u2013 Irod.: Id\u0151t\u00e1r 3.<\/p>\n","protected":false},"featured_media":0,"comment_status":"open","ping_status":"closed","template":"","meta":[],"product_brand":[],"product_cat":[137],"product_tag":[],"class_list":{"0":"post-23770","1":"product","2":"type-product","3":"status-publish","5":"product_cat-maros-megyei-eletrajzi-lexikon","7":"first","8":"instock","9":"shipping-taxable","10":"product-type-simple"},"_links":{"self":[{"href":"https:\/\/uj.adatbank.ro\/lexikon\/wp-json\/wp\/v2\/product\/23770","targetHints":{"allow":["GET"]}}],"collection":[{"href":"https:\/\/uj.adatbank.ro\/lexikon\/wp-json\/wp\/v2\/product"}],"about":[{"href":"https:\/\/uj.adatbank.ro\/lexikon\/wp-json\/wp\/v2\/types\/product"}],"replies":[{"embeddable":true,"href":"https:\/\/uj.adatbank.ro\/lexikon\/wp-json\/wp\/v2\/comments?post=23770"}],"wp:attachment":[{"href":"https:\/\/uj.adatbank.ro\/lexikon\/wp-json\/wp\/v2\/media?parent=23770"}],"wp:term":[{"taxonomy":"product_brand","embeddable":true,"href":"https:\/\/uj.adatbank.ro\/lexikon\/wp-json\/wp\/v2\/product_brand?post=23770"},{"taxonomy":"product_cat","embeddable":true,"href":"https:\/\/uj.adatbank.ro\/lexikon\/wp-json\/wp\/v2\/product_cat?post=23770"},{"taxonomy":"product_tag","embeddable":true,"href":"https:\/\/uj.adatbank.ro\/lexikon\/wp-json\/wp\/v2\/product_tag?post=23770"}],"curies":[{"name":"wp","href":"https:\/\/api.w.org\/{rel}","templated":true}]}}