{"id":23771,"date":"2025-08-01T17:40:56","date_gmt":"2025-08-01T15:40:56","guid":{"rendered":"https:\/\/uj.adatbank.ro\/lexikon\/termek\/ugron-gaborne-ifj-szalay-lili-br-no\/"},"modified":"2025-08-01T17:40:56","modified_gmt":"2025-08-01T15:40:56","slug":"ugron-gaborne-ifj-szalay-lili-br-no","status":"publish","type":"product","link":"https:\/\/uj.adatbank.ro\/lexikon\/termek\/ugron-gaborne-ifj-szalay-lili-br-no\/","title":{"rendered":"UGRON G\u00e1born\u00e9, ifj., Szalay Lili br.-n\u0151"},"content":{"rendered":"<p>? \u2020\u00a0?: A J\u00f3zsef kir. herceg Szanat\u00f3rium Egyes\u00fclet mv.-i fi\u00f3kj\u00e1nak eln\u00f6ke. A J\u00f3zsef kir. herceg t\u00fcd\u0151beteg szanat\u00f3rium \u00e9s gondoz\u00f3 int\u00e9zet alap\u00edt\u00f3ja \u00e9s vezet\u0151je. Az I. vh. idej\u00e9n az int\u00e9zet\u00e9t \u00e1tadta katonai c\u00e9lokra, a sebes\u00fcltek \u00e1pol\u00e1s\u00e1ra (1914. szept.\u2013). <br \/><strong>\u2013 Irod.:<\/strong> Mv. \u00e9s a h\u00e1bor\u00fa 1; Ravasz L\u00e1szl\u00f3: Legyen vil\u00e1goss\u00e1g (Bp., 1938.).<\/br><\/p>\n","protected":false},"excerpt":{"rendered":"<p>? \u2020\u00a0?: A J\u00f3zsef kir. herceg Szanat\u00f3rium Egyes\u00fclet mv.-i fi\u00f3kj\u00e1nak eln\u00f6ke. A J\u00f3zsef kir. herceg t\u00fcd\u0151beteg szanat\u00f3rium \u00e9s gondoz\u00f3 int\u00e9zet alap\u00edt\u00f3ja \u00e9s vezet\u0151je. Az I. vh. idej\u00e9n az int\u00e9zet\u00e9t \u00e1tadta katonai c\u00e9lokra, a sebes\u00fcltek \u00e1pol\u00e1s\u00e1ra (1914. szept.\u2013). \u2013 Irod.: Mv. \u00e9s a h\u00e1bor\u00fa 1; Ravasz L\u00e1szl\u00f3: Legyen vil\u00e1goss\u00e1g (Bp., 1938.).<\/p>\n","protected":false},"featured_media":0,"comment_status":"open","ping_status":"closed","template":"","meta":[],"product_brand":[],"product_cat":[137],"product_tag":[],"class_list":{"0":"post-23771","1":"product","2":"type-product","3":"status-publish","5":"product_cat-maros-megyei-eletrajzi-lexikon","7":"first","8":"instock","9":"shipping-taxable","10":"product-type-simple"},"_links":{"self":[{"href":"https:\/\/uj.adatbank.ro\/lexikon\/wp-json\/wp\/v2\/product\/23771","targetHints":{"allow":["GET"]}}],"collection":[{"href":"https:\/\/uj.adatbank.ro\/lexikon\/wp-json\/wp\/v2\/product"}],"about":[{"href":"https:\/\/uj.adatbank.ro\/lexikon\/wp-json\/wp\/v2\/types\/product"}],"replies":[{"embeddable":true,"href":"https:\/\/uj.adatbank.ro\/lexikon\/wp-json\/wp\/v2\/comments?post=23771"}],"wp:attachment":[{"href":"https:\/\/uj.adatbank.ro\/lexikon\/wp-json\/wp\/v2\/media?parent=23771"}],"wp:term":[{"taxonomy":"product_brand","embeddable":true,"href":"https:\/\/uj.adatbank.ro\/lexikon\/wp-json\/wp\/v2\/product_brand?post=23771"},{"taxonomy":"product_cat","embeddable":true,"href":"https:\/\/uj.adatbank.ro\/lexikon\/wp-json\/wp\/v2\/product_cat?post=23771"},{"taxonomy":"product_tag","embeddable":true,"href":"https:\/\/uj.adatbank.ro\/lexikon\/wp-json\/wp\/v2\/product_tag?post=23771"}],"curies":[{"name":"wp","href":"https:\/\/api.w.org\/{rel}","templated":true}]}}