{"id":23775,"date":"2025-08-01T17:41:05","date_gmt":"2025-08-01T15:41:05","guid":{"rendered":"https:\/\/uj.adatbank.ro\/lexikon\/termek\/ugron-istvan-3\/"},"modified":"2025-08-01T17:41:05","modified_gmt":"2025-08-01T15:41:05","slug":"ugron-istvan-3","status":"publish","type":"product","link":"https:\/\/uj.adatbank.ro\/lexikon\/termek\/ugron-istvan-3\/","title":{"rendered":"UGRON Istv\u00e1n"},"content":{"rendered":"<p>1786. \u2020 1867: f\u0151isp\u00e1n. \u2013 U. L\u00e1szl\u00f3 \u00e9s vargyasi Daniel Julianna fia. Feles\u00e9ge: nagyercsei gr. Toldalagi Katalin (1800\u20131860). Fiuk: U. S\u00e1ndor. \u2013 Torda megye f\u0151isp\u00e1nja, aranyossz\u00e9ki f\u0151kir\u00e1lyb\u00edr\u00f3, az erd\u00e9lyi ref. egyh\u00e1z f\u0151gondnoka. A mez\u0151z\u00e1hi birtok \u00f6r\u00f6k\u00f6se, S\u00e1ndor fi\u00fak, anyja hal\u00e1la ut\u00e1n, a birtokra k\u00f6lt\u00f6z\u00f6tt (1860 k.). <br \/><strong>\u2013 Irod.:<\/strong> Bicsok Zolt\u00e1n: Fondok \u00e9s gy\u0171jtem\u00e9nyek a Rom\u00e1n Orsz\u00e1gos Lev\u00e9lt\u00e1r Cs\u00edkszeredai Igazgat\u00f3s\u00e1g\u00e1nak kezel\u00e9s\u00e9ben 4. (\u00d6r\u00f6ks\u00e9g\u00fcnk, 2009, 4. sz.); Bord\u00e1s Be\u00e1ta: A mez\u0151z\u00e1hi Ugron-kast\u00e9ly \u00e9p\u00edt\u00e9st\u00f6rt\u00e9nete = Liber discipulorum.<\/br><\/p>\n","protected":false},"excerpt":{"rendered":"<p>1786. \u2020 1867: f\u0151isp\u00e1n. \u2013 U. L\u00e1szl\u00f3 \u00e9s vargyasi Daniel Julianna fia. Feles\u00e9ge: nagyercsei gr. Toldalagi Katalin (1800\u20131860). Fiuk: U. S\u00e1ndor. \u2013 Torda megye f\u0151isp\u00e1nja, aranyossz\u00e9ki f\u0151kir\u00e1lyb\u00edr\u00f3, az erd\u00e9lyi ref. egyh\u00e1z f\u0151gondnoka. A mez\u0151z\u00e1hi birtok \u00f6r\u00f6k\u00f6se, S\u00e1ndor fi\u00fak, anyja hal\u00e1la ut\u00e1n, a birtokra k\u00f6lt\u00f6z\u00f6tt (1860 k.). \u2013 Irod.: Bicsok Zolt\u00e1n: Fondok \u00e9s gy\u0171jtem\u00e9nyek a Rom\u00e1n [&hellip;]<\/p>\n","protected":false},"featured_media":0,"comment_status":"open","ping_status":"closed","template":"","meta":[],"product_brand":[],"product_cat":[137],"product_tag":[],"class_list":{"0":"post-23775","1":"product","2":"type-product","3":"status-publish","5":"product_cat-maros-megyei-eletrajzi-lexikon","7":"first","8":"instock","9":"shipping-taxable","10":"product-type-simple"},"_links":{"self":[{"href":"https:\/\/uj.adatbank.ro\/lexikon\/wp-json\/wp\/v2\/product\/23775","targetHints":{"allow":["GET"]}}],"collection":[{"href":"https:\/\/uj.adatbank.ro\/lexikon\/wp-json\/wp\/v2\/product"}],"about":[{"href":"https:\/\/uj.adatbank.ro\/lexikon\/wp-json\/wp\/v2\/types\/product"}],"replies":[{"embeddable":true,"href":"https:\/\/uj.adatbank.ro\/lexikon\/wp-json\/wp\/v2\/comments?post=23775"}],"wp:attachment":[{"href":"https:\/\/uj.adatbank.ro\/lexikon\/wp-json\/wp\/v2\/media?parent=23775"}],"wp:term":[{"taxonomy":"product_brand","embeddable":true,"href":"https:\/\/uj.adatbank.ro\/lexikon\/wp-json\/wp\/v2\/product_brand?post=23775"},{"taxonomy":"product_cat","embeddable":true,"href":"https:\/\/uj.adatbank.ro\/lexikon\/wp-json\/wp\/v2\/product_cat?post=23775"},{"taxonomy":"product_tag","embeddable":true,"href":"https:\/\/uj.adatbank.ro\/lexikon\/wp-json\/wp\/v2\/product_tag?post=23775"}],"curies":[{"name":"wp","href":"https:\/\/api.w.org\/{rel}","templated":true}]}}