{"id":23779,"date":"2025-08-01T17:41:16","date_gmt":"2025-08-01T15:41:16","guid":{"rendered":"https:\/\/uj.adatbank.ro\/lexikon\/termek\/ugron-janos-abrahamfalvi-2\/"},"modified":"2025-08-01T17:41:16","modified_gmt":"2025-08-01T15:41:16","slug":"ugron-janos-abrahamfalvi-2","status":"publish","type":"product","link":"https:\/\/uj.adatbank.ro\/lexikon\/termek\/ugron-janos-abrahamfalvi-2\/","title":{"rendered":"UGRON J\u00e1nos, \u00e1brah\u00e1mfalvi"},"content":{"rendered":"<p>1753., \u2020\u00a0Mv., 1832. nov. 29. temet\u00e9se: f\u0151kir\u00e1lyb\u00edr\u00f3. \u2013 U. J\u00f3zsef, Udvarhelysz\u00e9k f\u0151kir\u00e1lyb\u00edr\u00f3ja \u00e9s br. Kem\u00e9ny Anna fia. Feles\u00e9ge: veresegyh\u00e1zi borsai Nagy M\u00e1ria. Gyermekei Anna, tarcsfalvi P\u00e1lffy Antaln\u00e9, Istv\u00e1n (1793\u20131863), M\u00e1ria, \u00fcrm\u00f6si Mauer S\u00e1ndorn\u00e9. \u2013 H\u00e1zass\u00e1gk\u00f6t\u00e9se nyom\u00e1n szerezte meg a b\u00f6g\u00f6zi \u00e9s mikesz\u00e1szi birtokait. <br \/><strong>\u2013 Irod.:<\/strong> Bicsok Zolt\u00e1n: Fondok \u00e9s gy\u0171jtem\u00e9nyek a Rom\u00e1n Orsz\u00e1gos Lev\u00e9lt\u00e1r Cs\u00edkszeredai Igazgat\u00f3s\u00e1g\u00e1nak kezel\u00e9s\u00e9ben 4. (\u00d6r\u00f6ks\u00e9g\u00fcnk, 2009, 4. sz.); Halotti besz\u00e9dek; Halotti besz\u00e9dek \u00e1br\u00e1nfalvi m\u00e9lt\u00f3s\u00e1gos Ugron J\u00e1nos \u00far v\u00e9gtisztelet\u00e9re (Bodor P\u00e1l, z\u00e1goni Bodola S\u00e1muel, 1832. dec. 6.; Mv., 1833); P\u00e1lmay.<\/br><\/p>\n","protected":false},"excerpt":{"rendered":"<p>1753., \u2020\u00a0Mv., 1832. nov. 29. temet\u00e9se: f\u0151kir\u00e1lyb\u00edr\u00f3. \u2013 U. J\u00f3zsef, Udvarhelysz\u00e9k f\u0151kir\u00e1lyb\u00edr\u00f3ja \u00e9s br. Kem\u00e9ny Anna fia. Feles\u00e9ge: veresegyh\u00e1zi borsai Nagy M\u00e1ria. Gyermekei Anna, tarcsfalvi P\u00e1lffy Antaln\u00e9, Istv\u00e1n (1793\u20131863), M\u00e1ria, \u00fcrm\u00f6si Mauer S\u00e1ndorn\u00e9. \u2013 H\u00e1zass\u00e1gk\u00f6t\u00e9se nyom\u00e1n szerezte meg a b\u00f6g\u00f6zi \u00e9s mikesz\u00e1szi birtokait. \u2013 Irod.: Bicsok Zolt\u00e1n: Fondok \u00e9s gy\u0171jtem\u00e9nyek a Rom\u00e1n Orsz\u00e1gos Lev\u00e9lt\u00e1r Cs\u00edkszeredai [&hellip;]<\/p>\n","protected":false},"featured_media":0,"comment_status":"open","ping_status":"closed","template":"","meta":[],"product_brand":[],"product_cat":[137],"product_tag":[],"class_list":{"0":"post-23779","1":"product","2":"type-product","3":"status-publish","5":"product_cat-maros-megyei-eletrajzi-lexikon","7":"first","8":"instock","9":"shipping-taxable","10":"product-type-simple"},"_links":{"self":[{"href":"https:\/\/uj.adatbank.ro\/lexikon\/wp-json\/wp\/v2\/product\/23779","targetHints":{"allow":["GET"]}}],"collection":[{"href":"https:\/\/uj.adatbank.ro\/lexikon\/wp-json\/wp\/v2\/product"}],"about":[{"href":"https:\/\/uj.adatbank.ro\/lexikon\/wp-json\/wp\/v2\/types\/product"}],"replies":[{"embeddable":true,"href":"https:\/\/uj.adatbank.ro\/lexikon\/wp-json\/wp\/v2\/comments?post=23779"}],"wp:attachment":[{"href":"https:\/\/uj.adatbank.ro\/lexikon\/wp-json\/wp\/v2\/media?parent=23779"}],"wp:term":[{"taxonomy":"product_brand","embeddable":true,"href":"https:\/\/uj.adatbank.ro\/lexikon\/wp-json\/wp\/v2\/product_brand?post=23779"},{"taxonomy":"product_cat","embeddable":true,"href":"https:\/\/uj.adatbank.ro\/lexikon\/wp-json\/wp\/v2\/product_cat?post=23779"},{"taxonomy":"product_tag","embeddable":true,"href":"https:\/\/uj.adatbank.ro\/lexikon\/wp-json\/wp\/v2\/product_tag?post=23779"}],"curies":[{"name":"wp","href":"https:\/\/api.w.org\/{rel}","templated":true}]}}