{"id":23781,"date":"2025-08-01T17:41:23","date_gmt":"2025-08-01T15:41:23","guid":{"rendered":"https:\/\/uj.adatbank.ro\/lexikon\/termek\/ugron-pal\/"},"modified":"2025-08-01T17:41:23","modified_gmt":"2025-08-01T15:41:23","slug":"ugron-pal","status":"publish","type":"product","link":"https:\/\/uj.adatbank.ro\/lexikon\/termek\/ugron-pal\/","title":{"rendered":"UGRON P\u00e1l"},"content":{"rendered":"<p>1902., \u2020\u00a01967.: f\u00f6ldbirtokos. \u2013 U. J\u00e1nos (1817\u20131882) udvarhelysz\u00e9ki kir\u00e1lyb\u00edr\u00f3 unok\u00e1ja. \u2013 R\u00e9szt vett az I. vh.-ban, a nyugati fronton esett amerikai fogs\u00e1gba (1946-ig). A nagyapja \u00e1ltal v\u00e1s\u00e1rolt (1866) fiatfalvi kast\u00e9ly utols\u00f3 tulajdonosa. Az \u00e1llamos\u00edt\u00e1s ut\u00e1n cukorgy\u00e1ri kamp\u00e1nymunk\u00e1s Mv.-en. <br \/><strong>\u2013 Irod.:<\/strong> Bicsok\u2013Orb\u00e1n; Mik\u00f3.<\/br><\/p>\n","protected":false},"excerpt":{"rendered":"<p>1902., \u2020\u00a01967.: f\u00f6ldbirtokos. \u2013 U. J\u00e1nos (1817\u20131882) udvarhelysz\u00e9ki kir\u00e1lyb\u00edr\u00f3 unok\u00e1ja. \u2013 R\u00e9szt vett az I. vh.-ban, a nyugati fronton esett amerikai fogs\u00e1gba (1946-ig). A nagyapja \u00e1ltal v\u00e1s\u00e1rolt (1866) fiatfalvi kast\u00e9ly utols\u00f3 tulajdonosa. Az \u00e1llamos\u00edt\u00e1s ut\u00e1n cukorgy\u00e1ri kamp\u00e1nymunk\u00e1s Mv.-en. \u2013 Irod.: Bicsok\u2013Orb\u00e1n; Mik\u00f3.<\/p>\n","protected":false},"featured_media":0,"comment_status":"open","ping_status":"closed","template":"","meta":[],"product_brand":[],"product_cat":[137],"product_tag":[],"class_list":{"0":"post-23781","1":"product","2":"type-product","3":"status-publish","5":"product_cat-maros-megyei-eletrajzi-lexikon","7":"first","8":"instock","9":"shipping-taxable","10":"product-type-simple"},"_links":{"self":[{"href":"https:\/\/uj.adatbank.ro\/lexikon\/wp-json\/wp\/v2\/product\/23781","targetHints":{"allow":["GET"]}}],"collection":[{"href":"https:\/\/uj.adatbank.ro\/lexikon\/wp-json\/wp\/v2\/product"}],"about":[{"href":"https:\/\/uj.adatbank.ro\/lexikon\/wp-json\/wp\/v2\/types\/product"}],"replies":[{"embeddable":true,"href":"https:\/\/uj.adatbank.ro\/lexikon\/wp-json\/wp\/v2\/comments?post=23781"}],"wp:attachment":[{"href":"https:\/\/uj.adatbank.ro\/lexikon\/wp-json\/wp\/v2\/media?parent=23781"}],"wp:term":[{"taxonomy":"product_brand","embeddable":true,"href":"https:\/\/uj.adatbank.ro\/lexikon\/wp-json\/wp\/v2\/product_brand?post=23781"},{"taxonomy":"product_cat","embeddable":true,"href":"https:\/\/uj.adatbank.ro\/lexikon\/wp-json\/wp\/v2\/product_cat?post=23781"},{"taxonomy":"product_tag","embeddable":true,"href":"https:\/\/uj.adatbank.ro\/lexikon\/wp-json\/wp\/v2\/product_tag?post=23781"}],"curies":[{"name":"wp","href":"https:\/\/api.w.org\/{rel}","templated":true}]}}