{"id":23782,"date":"2025-08-01T17:41:24","date_gmt":"2025-08-01T15:41:24","guid":{"rendered":"https:\/\/uj.adatbank.ro\/lexikon\/termek\/ugron-rozalia-ugron-roza-br-banffy-janosne\/"},"modified":"2025-08-01T17:41:24","modified_gmt":"2025-08-01T15:41:24","slug":"ugron-rozalia-ugron-roza-br-banffy-janosne","status":"publish","type":"product","link":"https:\/\/uj.adatbank.ro\/lexikon\/termek\/ugron-rozalia-ugron-roza-br-banffy-janosne\/","title":{"rendered":"UGRON Roz\u00e1lia, Ugron R\u00f3za, br. B\u00e1nffy J\u00e1nosn\u00e9"},"content":{"rendered":"<p>Mez\u0151z\u00e1h, 1874. nov. 7., \u2020 Kv., 1953. aug. 20.: U. S\u00e1ndor (1826\u20131901) \u00e9s malomv\u00edzi gr. Kendeffy R\u00f3za le\u00e1nya. F\u00e9rje: losonczi br. B\u00e1nffy J\u00e1nos (1870\u20131946). Gyermekei: B\u00e1nffy J\u00e1nos (Marosgezse, 1895. aug. 17., \u2020 Kv., 1956 v. 1962), B. L\u00e1szl\u00f3 (Marosgezse, 1896. szept. 11., \u2020 Kv., 1974. dec. 16.), B. Istv\u00e1n (Marosgezse, 1898. dec. 28., \u2020 Debrecen, 1944. okt. 30.). <br \/><strong>\u2013 Irod.:<\/strong> Gudenus.<\/br><\/p>\n","protected":false},"excerpt":{"rendered":"<p>Mez\u0151z\u00e1h, 1874. nov. 7., \u2020 Kv., 1953. aug. 20.: U. S\u00e1ndor (1826\u20131901) \u00e9s malomv\u00edzi gr. Kendeffy R\u00f3za le\u00e1nya. F\u00e9rje: losonczi br. B\u00e1nffy J\u00e1nos (1870\u20131946). Gyermekei: B\u00e1nffy J\u00e1nos (Marosgezse, 1895. aug. 17., \u2020 Kv., 1956 v. 1962), B. L\u00e1szl\u00f3 (Marosgezse, 1896. szept. 11., \u2020 Kv., 1974. dec. 16.), B. Istv\u00e1n (Marosgezse, 1898. dec. 28., \u2020 Debrecen, [&hellip;]<\/p>\n","protected":false},"featured_media":0,"comment_status":"open","ping_status":"closed","template":"","meta":[],"product_brand":[],"product_cat":[137],"product_tag":[],"class_list":{"0":"post-23782","1":"product","2":"type-product","3":"status-publish","5":"product_cat-maros-megyei-eletrajzi-lexikon","7":"first","8":"instock","9":"shipping-taxable","10":"product-type-simple"},"_links":{"self":[{"href":"https:\/\/uj.adatbank.ro\/lexikon\/wp-json\/wp\/v2\/product\/23782","targetHints":{"allow":["GET"]}}],"collection":[{"href":"https:\/\/uj.adatbank.ro\/lexikon\/wp-json\/wp\/v2\/product"}],"about":[{"href":"https:\/\/uj.adatbank.ro\/lexikon\/wp-json\/wp\/v2\/types\/product"}],"replies":[{"embeddable":true,"href":"https:\/\/uj.adatbank.ro\/lexikon\/wp-json\/wp\/v2\/comments?post=23782"}],"wp:attachment":[{"href":"https:\/\/uj.adatbank.ro\/lexikon\/wp-json\/wp\/v2\/media?parent=23782"}],"wp:term":[{"taxonomy":"product_brand","embeddable":true,"href":"https:\/\/uj.adatbank.ro\/lexikon\/wp-json\/wp\/v2\/product_brand?post=23782"},{"taxonomy":"product_cat","embeddable":true,"href":"https:\/\/uj.adatbank.ro\/lexikon\/wp-json\/wp\/v2\/product_cat?post=23782"},{"taxonomy":"product_tag","embeddable":true,"href":"https:\/\/uj.adatbank.ro\/lexikon\/wp-json\/wp\/v2\/product_tag?post=23782"}],"curies":[{"name":"wp","href":"https:\/\/api.w.org\/{rel}","templated":true}]}}