{"id":23784,"date":"2025-08-01T17:41:30","date_gmt":"2025-08-01T15:41:30","guid":{"rendered":"https:\/\/uj.adatbank.ro\/lexikon\/termek\/ugron-vilma\/"},"modified":"2025-08-01T17:41:30","modified_gmt":"2025-08-01T15:41:30","slug":"ugron-vilma","status":"publish","type":"product","link":"https:\/\/uj.adatbank.ro\/lexikon\/termek\/ugron-vilma\/","title":{"rendered":"UGRON Vilma,"},"content":{"rendered":"<p>? \u2020 ?: f\u00f6ldbirtokos asszony. Ugron Andr\u00e1s testv\u00e9re. A maroskereszt\u00fari f\u00f6ldbirtokok t\u00f6rv\u00e9nyes \u00f6r\u00f6k\u00f6se. Miut\u00e1n le\u00e9gett a kast\u00e9lyuk a f\u00f6ldbirtokokat felparcell\u00e1zta, \u00e9s h\u00e1zhelyeknek eladta (1935). <br \/><strong>\u2013 Irod.:<\/strong> Criste\u015fti \u2013 Mure\u015f.<\/br><\/p>\n","protected":false},"excerpt":{"rendered":"<p>? \u2020 ?: f\u00f6ldbirtokos asszony. Ugron Andr\u00e1s testv\u00e9re. A maroskereszt\u00fari f\u00f6ldbirtokok t\u00f6rv\u00e9nyes \u00f6r\u00f6k\u00f6se. Miut\u00e1n le\u00e9gett a kast\u00e9lyuk a f\u00f6ldbirtokokat felparcell\u00e1zta, \u00e9s h\u00e1zhelyeknek eladta (1935). \u2013 Irod.: Criste\u015fti \u2013 Mure\u015f.<\/p>\n","protected":false},"featured_media":0,"comment_status":"open","ping_status":"closed","template":"","meta":[],"product_brand":[],"product_cat":[137],"product_tag":[],"class_list":{"0":"post-23784","1":"product","2":"type-product","3":"status-publish","5":"product_cat-maros-megyei-eletrajzi-lexikon","7":"first","8":"instock","9":"shipping-taxable","10":"product-type-simple"},"_links":{"self":[{"href":"https:\/\/uj.adatbank.ro\/lexikon\/wp-json\/wp\/v2\/product\/23784","targetHints":{"allow":["GET"]}}],"collection":[{"href":"https:\/\/uj.adatbank.ro\/lexikon\/wp-json\/wp\/v2\/product"}],"about":[{"href":"https:\/\/uj.adatbank.ro\/lexikon\/wp-json\/wp\/v2\/types\/product"}],"replies":[{"embeddable":true,"href":"https:\/\/uj.adatbank.ro\/lexikon\/wp-json\/wp\/v2\/comments?post=23784"}],"wp:attachment":[{"href":"https:\/\/uj.adatbank.ro\/lexikon\/wp-json\/wp\/v2\/media?parent=23784"}],"wp:term":[{"taxonomy":"product_brand","embeddable":true,"href":"https:\/\/uj.adatbank.ro\/lexikon\/wp-json\/wp\/v2\/product_brand?post=23784"},{"taxonomy":"product_cat","embeddable":true,"href":"https:\/\/uj.adatbank.ro\/lexikon\/wp-json\/wp\/v2\/product_cat?post=23784"},{"taxonomy":"product_tag","embeddable":true,"href":"https:\/\/uj.adatbank.ro\/lexikon\/wp-json\/wp\/v2\/product_tag?post=23784"}],"curies":[{"name":"wp","href":"https:\/\/api.w.org\/{rel}","templated":true}]}}