{"id":23785,"date":"2025-08-01T17:41:33","date_gmt":"2025-08-01T15:41:33","guid":{"rendered":"https:\/\/uj.adatbank.ro\/lexikon\/termek\/ugron-zoltan-abranfalvi\/"},"modified":"2025-08-01T17:41:33","modified_gmt":"2025-08-01T15:41:33","slug":"ugron-zoltan-abranfalvi","status":"publish","type":"product","link":"https:\/\/uj.adatbank.ro\/lexikon\/termek\/ugron-zoltan-abranfalvi\/","title":{"rendered":"UGRON Zolt\u00e1n, \u00e1br\u00e1nfalvi"},"content":{"rendered":"<p>1865., \u2020\u00a0Fi\u00e1tfalva, 1928. aug. 7.: f\u00f6ldbirtokos, ogy.-i k\u00e9pvisel\u0151. \u2013 U. J\u00e1nos (1817\u20131882) \u00e9s lozs\u00e1di br. Gy\u00f6rffy \u00c1gnes fia. Feles\u00e9ge: ka\u00e1li Nagy Margit (esk, 1895). Gyermekeik: J\u00e1nos, Anna gr. Mik\u00f3 L\u00e1szl\u00f3n\u00e9; Istv\u00e1n, M\u00e1ria, P\u00e1l. \u2013 Ogy.-i k\u00e9pvisel\u0151k\u00e9nt r\u00e9szt vett az orsz\u00e1gos politikai \u00e9s k\u00f6z\u00e9letben is. Feles\u00e9ge ka\u00e1li Nagy Margit. Mik\u00f3 Istv\u00e1n nagyapja. M\u00e9g kiment a 9. husz\u00e1rok Keleti-K\u00e1rp\u00e1tokban tartott \u00e1ll\u00e1saiba az I. vh.-ban (1916). <br \/><strong>\u2013 Irod.:<\/strong> Bicsok Zolt\u00e1n: Fondok \u00e9s gy\u0171jtem\u00e9nyek a Rom\u00e1n Orsz\u00e1gos Lev\u00e9lt\u00e1r Cs\u00edkszeredai Igazgat\u00f3s\u00e1g\u00e1nak kezel\u00e9s\u00e9ben 4. (\u00d6r\u00f6ks\u00e9g\u00fcnk, 2009, 4. sz.); Lev\u00e9lt\u00e1ri gy\u00e1szj.; Mik\u00f3; [Nekrol\u00f3g] (Maros, 1928. aug. 9.); P\u00e1lmay.<\/br><\/p>\n","protected":false},"excerpt":{"rendered":"<p>1865., \u2020\u00a0Fi\u00e1tfalva, 1928. aug. 7.: f\u00f6ldbirtokos, ogy.-i k\u00e9pvisel\u0151. \u2013 U. J\u00e1nos (1817\u20131882) \u00e9s lozs\u00e1di br. Gy\u00f6rffy \u00c1gnes fia. Feles\u00e9ge: ka\u00e1li Nagy Margit (esk, 1895). Gyermekeik: J\u00e1nos, Anna gr. Mik\u00f3 L\u00e1szl\u00f3n\u00e9; Istv\u00e1n, M\u00e1ria, P\u00e1l. \u2013 Ogy.-i k\u00e9pvisel\u0151k\u00e9nt r\u00e9szt vett az orsz\u00e1gos politikai \u00e9s k\u00f6z\u00e9letben is. Feles\u00e9ge ka\u00e1li Nagy Margit. Mik\u00f3 Istv\u00e1n nagyapja. M\u00e9g kiment a 9. [&hellip;]<\/p>\n","protected":false},"featured_media":0,"comment_status":"open","ping_status":"closed","template":"","meta":[],"product_brand":[],"product_cat":[137],"product_tag":[],"class_list":{"0":"post-23785","1":"product","2":"type-product","3":"status-publish","5":"product_cat-maros-megyei-eletrajzi-lexikon","7":"first","8":"instock","9":"shipping-taxable","10":"product-type-simple"},"_links":{"self":[{"href":"https:\/\/uj.adatbank.ro\/lexikon\/wp-json\/wp\/v2\/product\/23785","targetHints":{"allow":["GET"]}}],"collection":[{"href":"https:\/\/uj.adatbank.ro\/lexikon\/wp-json\/wp\/v2\/product"}],"about":[{"href":"https:\/\/uj.adatbank.ro\/lexikon\/wp-json\/wp\/v2\/types\/product"}],"replies":[{"embeddable":true,"href":"https:\/\/uj.adatbank.ro\/lexikon\/wp-json\/wp\/v2\/comments?post=23785"}],"wp:attachment":[{"href":"https:\/\/uj.adatbank.ro\/lexikon\/wp-json\/wp\/v2\/media?parent=23785"}],"wp:term":[{"taxonomy":"product_brand","embeddable":true,"href":"https:\/\/uj.adatbank.ro\/lexikon\/wp-json\/wp\/v2\/product_brand?post=23785"},{"taxonomy":"product_cat","embeddable":true,"href":"https:\/\/uj.adatbank.ro\/lexikon\/wp-json\/wp\/v2\/product_cat?post=23785"},{"taxonomy":"product_tag","embeddable":true,"href":"https:\/\/uj.adatbank.ro\/lexikon\/wp-json\/wp\/v2\/product_tag?post=23785"}],"curies":[{"name":"wp","href":"https:\/\/api.w.org\/{rel}","templated":true}]}}