{"id":23792,"date":"2025-08-01T17:41:49","date_gmt":"2025-08-01T15:41:49","guid":{"rendered":"https:\/\/uj.adatbank.ro\/lexikon\/termek\/ujfalvi-csejdi\/"},"modified":"2025-08-01T17:41:49","modified_gmt":"2025-08-01T15:41:49","slug":"ujfalvi-csejdi","status":"publish","type":"product","link":"https:\/\/uj.adatbank.ro\/lexikon\/termek\/ujfalvi-csejdi\/","title":{"rendered":"\u00daJFALVI, csejdi"},"content":{"rendered":"<p>A csal\u00e1d csejdi \u00e1g\u00e1b\u00f3l \u00da. J\u00e1nos \u00e9s Mih\u00e1ly nemesi igazolv\u00e1nyt vett (1789. szept. 14.). <br \/><strong>\u2013 Irod.:<\/strong> Csejd \u2013 T\u00f3falva; P\u00e1lmay.<\/br><\/p>\n","protected":false},"excerpt":{"rendered":"<p>A csal\u00e1d csejdi \u00e1g\u00e1b\u00f3l \u00da. J\u00e1nos \u00e9s Mih\u00e1ly nemesi igazolv\u00e1nyt vett (1789. szept. 14.). \u2013 Irod.: Csejd \u2013 T\u00f3falva; P\u00e1lmay.<\/p>\n","protected":false},"featured_media":0,"comment_status":"open","ping_status":"closed","template":"","meta":[],"product_brand":[],"product_cat":[137],"product_tag":[],"class_list":{"0":"post-23792","1":"product","2":"type-product","3":"status-publish","5":"product_cat-maros-megyei-eletrajzi-lexikon","7":"first","8":"instock","9":"shipping-taxable","10":"product-type-simple"},"_links":{"self":[{"href":"https:\/\/uj.adatbank.ro\/lexikon\/wp-json\/wp\/v2\/product\/23792","targetHints":{"allow":["GET"]}}],"collection":[{"href":"https:\/\/uj.adatbank.ro\/lexikon\/wp-json\/wp\/v2\/product"}],"about":[{"href":"https:\/\/uj.adatbank.ro\/lexikon\/wp-json\/wp\/v2\/types\/product"}],"replies":[{"embeddable":true,"href":"https:\/\/uj.adatbank.ro\/lexikon\/wp-json\/wp\/v2\/comments?post=23792"}],"wp:attachment":[{"href":"https:\/\/uj.adatbank.ro\/lexikon\/wp-json\/wp\/v2\/media?parent=23792"}],"wp:term":[{"taxonomy":"product_brand","embeddable":true,"href":"https:\/\/uj.adatbank.ro\/lexikon\/wp-json\/wp\/v2\/product_brand?post=23792"},{"taxonomy":"product_cat","embeddable":true,"href":"https:\/\/uj.adatbank.ro\/lexikon\/wp-json\/wp\/v2\/product_cat?post=23792"},{"taxonomy":"product_tag","embeddable":true,"href":"https:\/\/uj.adatbank.ro\/lexikon\/wp-json\/wp\/v2\/product_tag?post=23792"}],"curies":[{"name":"wp","href":"https:\/\/api.w.org\/{rel}","templated":true}]}}