{"id":23793,"date":"2025-08-01T17:41:51","date_gmt":"2025-08-01T15:41:51","guid":{"rendered":"https:\/\/uj.adatbank.ro\/lexikon\/termek\/ujfalvi-ferenc\/"},"modified":"2025-08-01T17:41:51","modified_gmt":"2025-08-01T15:41:51","slug":"ujfalvi-ferenc","status":"publish","type":"product","link":"https:\/\/uj.adatbank.ro\/lexikon\/termek\/ujfalvi-ferenc\/","title":{"rendered":"\u00daJFALVI Ferenc"},"content":{"rendered":"<p>? 1941., \u2020\u00a0Mv., 1998. dec. 12.: labdar\u00fag\u00f3, edz\u0151. \u2013 Nagyon kor\u00e1n kezdett focizni a mv.-i t\u00f6rpecsapatban. J\u00e1tszott Kal\u00e1nb\u00e1ny\u00e1n, majd a mv.-i Ciocanul \/Kalap\u00e1csn\u00e1l (az Elektomaros el\u0151dje), a Medicin\u00e1n\u00e1l folytatta a C-oszt\u00e1lyban. Edz\u0151 kezdetben a Cukorgy\u00e1r csapat\u00e1n\u00e1l, felkarolta a n\u0151i labdar\u00fag\u00e1st Mv.-en \u00e9s n\u00e9h\u00e1ny \u00e9vig a CFR n\u0151i csapat\u00e1t edzette, majd visszat\u00e9rt az Elektromaroshoz. Alap\u00edt\u00f3tagja lett az els\u0151 mv.-i mag\u00e1n fociiskol\u00e1nak (1989), az Olimpia Sportegyes\u00fcletnek (1994), \u00e9s a gyermekk\u00f6zpont edz\u0151je lett. Nemzetk\u00f6zi gyermeklabdar\u00fag\u00f3-torn\u00e1n a gy\u0151ztesnek kij\u00e1r\u00f3 serleget \u00e9s a turn\u00e9t r\u00f3la nevezt\u00e9k el (1999) \u00dajfalvi Ferenc-eml\u00e9kversenynek. <br \/><strong>\u2013 Irod.:<\/strong> [Nekrol\u00f3g] (N\u00fa., 1998. dec. 14.); Czimbalmos Ferenc-Attila: \u00da. F.-eml\u00e9kverseny (N\u00fa., 1999. m\u00e1rc. 29.); F. A.: \u00da. F.-eml\u00e9kverseny (N\u00fa., 1999. m\u00e1rc. 25).<\/br><\/p>\n","protected":false},"excerpt":{"rendered":"<p>? 1941., \u2020\u00a0Mv., 1998. dec. 12.: labdar\u00fag\u00f3, edz\u0151. \u2013 Nagyon kor\u00e1n kezdett focizni a mv.-i t\u00f6rpecsapatban. J\u00e1tszott Kal\u00e1nb\u00e1ny\u00e1n, majd a mv.-i Ciocanul \/Kalap\u00e1csn\u00e1l (az Elektomaros el\u0151dje), a Medicin\u00e1n\u00e1l folytatta a C-oszt\u00e1lyban. Edz\u0151 kezdetben a Cukorgy\u00e1r csapat\u00e1n\u00e1l, felkarolta a n\u0151i labdar\u00fag\u00e1st Mv.-en \u00e9s n\u00e9h\u00e1ny \u00e9vig a CFR n\u0151i csapat\u00e1t edzette, majd visszat\u00e9rt az Elektromaroshoz. Alap\u00edt\u00f3tagja lett [&hellip;]<\/p>\n","protected":false},"featured_media":0,"comment_status":"open","ping_status":"closed","template":"","meta":[],"product_brand":[],"product_cat":[137],"product_tag":[],"class_list":{"0":"post-23793","1":"product","2":"type-product","3":"status-publish","5":"product_cat-maros-megyei-eletrajzi-lexikon","7":"first","8":"instock","9":"shipping-taxable","10":"product-type-simple"},"_links":{"self":[{"href":"https:\/\/uj.adatbank.ro\/lexikon\/wp-json\/wp\/v2\/product\/23793","targetHints":{"allow":["GET"]}}],"collection":[{"href":"https:\/\/uj.adatbank.ro\/lexikon\/wp-json\/wp\/v2\/product"}],"about":[{"href":"https:\/\/uj.adatbank.ro\/lexikon\/wp-json\/wp\/v2\/types\/product"}],"replies":[{"embeddable":true,"href":"https:\/\/uj.adatbank.ro\/lexikon\/wp-json\/wp\/v2\/comments?post=23793"}],"wp:attachment":[{"href":"https:\/\/uj.adatbank.ro\/lexikon\/wp-json\/wp\/v2\/media?parent=23793"}],"wp:term":[{"taxonomy":"product_brand","embeddable":true,"href":"https:\/\/uj.adatbank.ro\/lexikon\/wp-json\/wp\/v2\/product_brand?post=23793"},{"taxonomy":"product_cat","embeddable":true,"href":"https:\/\/uj.adatbank.ro\/lexikon\/wp-json\/wp\/v2\/product_cat?post=23793"},{"taxonomy":"product_tag","embeddable":true,"href":"https:\/\/uj.adatbank.ro\/lexikon\/wp-json\/wp\/v2\/product_tag?post=23793"}],"curies":[{"name":"wp","href":"https:\/\/api.w.org\/{rel}","templated":true}]}}