{"id":23797,"date":"2025-08-01T17:42:01","date_gmt":"2025-08-01T15:42:01","guid":{"rendered":"https:\/\/uj.adatbank.ro\/lexikon\/termek\/ujfalvi-jozsef-mezokovesdi\/"},"modified":"2025-08-01T17:42:01","modified_gmt":"2025-08-01T15:42:01","slug":"ujfalvi-jozsef-mezokovesdi","status":"publish","type":"product","link":"https:\/\/uj.adatbank.ro\/lexikon\/termek\/ujfalvi-jozsef-mezokovesdi\/","title":{"rendered":"\u00daJFALVI J\u00f3zsef, mez\u0151k\u00f6vesdi"},"content":{"rendered":"<p>1815? \u2020\u00a0Sz\u0151kefalva, 1883. m\u00e1j. 23.: f\u00f6ldbirtokos. \u2013 Feles\u00e9ge: g\u00e1lospetri Csongr\u00e1dy Zsuzs\u00e1nna. Le\u00e1nyuk: Katinka, kebelei Nagy P\u00e1ln\u00e9. <br \/><strong>\u2013 Irod.:<\/strong> Filep 2.; Gy\u00e1szjelent\u0151.<\/br><\/p>\n","protected":false},"excerpt":{"rendered":"<p>1815? \u2020\u00a0Sz\u0151kefalva, 1883. m\u00e1j. 23.: f\u00f6ldbirtokos. \u2013 Feles\u00e9ge: g\u00e1lospetri Csongr\u00e1dy Zsuzs\u00e1nna. Le\u00e1nyuk: Katinka, kebelei Nagy P\u00e1ln\u00e9. \u2013 Irod.: Filep 2.; Gy\u00e1szjelent\u0151.<\/p>\n","protected":false},"featured_media":0,"comment_status":"open","ping_status":"closed","template":"","meta":[],"product_brand":[],"product_cat":[137],"product_tag":[],"class_list":{"0":"post-23797","1":"product","2":"type-product","3":"status-publish","5":"product_cat-maros-megyei-eletrajzi-lexikon","7":"first","8":"instock","9":"shipping-taxable","10":"product-type-simple"},"_links":{"self":[{"href":"https:\/\/uj.adatbank.ro\/lexikon\/wp-json\/wp\/v2\/product\/23797","targetHints":{"allow":["GET"]}}],"collection":[{"href":"https:\/\/uj.adatbank.ro\/lexikon\/wp-json\/wp\/v2\/product"}],"about":[{"href":"https:\/\/uj.adatbank.ro\/lexikon\/wp-json\/wp\/v2\/types\/product"}],"replies":[{"embeddable":true,"href":"https:\/\/uj.adatbank.ro\/lexikon\/wp-json\/wp\/v2\/comments?post=23797"}],"wp:attachment":[{"href":"https:\/\/uj.adatbank.ro\/lexikon\/wp-json\/wp\/v2\/media?parent=23797"}],"wp:term":[{"taxonomy":"product_brand","embeddable":true,"href":"https:\/\/uj.adatbank.ro\/lexikon\/wp-json\/wp\/v2\/product_brand?post=23797"},{"taxonomy":"product_cat","embeddable":true,"href":"https:\/\/uj.adatbank.ro\/lexikon\/wp-json\/wp\/v2\/product_cat?post=23797"},{"taxonomy":"product_tag","embeddable":true,"href":"https:\/\/uj.adatbank.ro\/lexikon\/wp-json\/wp\/v2\/product_tag?post=23797"}],"curies":[{"name":"wp","href":"https:\/\/api.w.org\/{rel}","templated":true}]}}