{"id":23800,"date":"2025-08-01T17:42:10","date_gmt":"2025-08-01T15:42:10","guid":{"rendered":"https:\/\/uj.adatbank.ro\/lexikon\/termek\/ujfalvi-mezokovesdi\/"},"modified":"2025-08-01T17:42:10","modified_gmt":"2025-08-01T15:42:10","slug":"ujfalvi-mezokovesdi","status":"publish","type":"product","link":"https:\/\/uj.adatbank.ro\/lexikon\/termek\/ujfalvi-mezokovesdi\/","title":{"rendered":"\u00daJFALVI, mez\u0151k\u00f6vesdi"},"content":{"rendered":"<p>Sz\u00e9kely eredet\u0171 csal\u00e1d, \u0151si f\u00e9szke Csejd volt, ahol \u00da. J\u00e1nos, mint pixid\u00e1rius fordult el\u0151 a Bethlen G\u00e1bor-f\u00e9le \u00f6ssze\u00edr\u00e1sban (1614), unok\u00e1ja adom\u00e1nylevelet nyert Apafi Mih\u00e1lyt\u00f3l. A csal\u00e1d csejdi \u00e1g\u00e1b\u00f3l \u00da. J\u00e1nos \u00e9s Mih\u00e1ly nemesi igazolv\u00e1nyt vett (1789. szept. 14.); I. S\u00e1muel \u2013 k\u00fck\u00fcll\u0151i f\u0151b\u00edr\u00f3; I. S\u00e1muel fiai k\u00f6z\u00fcl G\u00e1bor \u00e1ga K\u00fck\u00fcll\u0151 megy\u00e9ben, Besseny\u0151ben \u00e9lt. S\u00e1muel le\u00e1nya Krisztina \u00edr\u00f3n\u0151 (1761\u20131818.). <br \/><strong>\u2013 Irod.:<\/strong> K\u0151v\u00e1ry, Nagy Iv\u00e1n; P\u00e1lmay.<\/br><\/p>\n","protected":false},"excerpt":{"rendered":"<p>Sz\u00e9kely eredet\u0171 csal\u00e1d, \u0151si f\u00e9szke Csejd volt, ahol \u00da. J\u00e1nos, mint pixid\u00e1rius fordult el\u0151 a Bethlen G\u00e1bor-f\u00e9le \u00f6ssze\u00edr\u00e1sban (1614), unok\u00e1ja adom\u00e1nylevelet nyert Apafi Mih\u00e1lyt\u00f3l. A csal\u00e1d csejdi \u00e1g\u00e1b\u00f3l \u00da. J\u00e1nos \u00e9s Mih\u00e1ly nemesi igazolv\u00e1nyt vett (1789. szept. 14.); I. S\u00e1muel \u2013 k\u00fck\u00fcll\u0151i f\u0151b\u00edr\u00f3; I. S\u00e1muel fiai k\u00f6z\u00fcl G\u00e1bor \u00e1ga K\u00fck\u00fcll\u0151 megy\u00e9ben, Besseny\u0151ben \u00e9lt. S\u00e1muel le\u00e1nya [&hellip;]<\/p>\n","protected":false},"featured_media":0,"comment_status":"open","ping_status":"closed","template":"","meta":[],"product_brand":[],"product_cat":[137],"product_tag":[],"class_list":{"0":"post-23800","1":"product","2":"type-product","3":"status-publish","5":"product_cat-maros-megyei-eletrajzi-lexikon","7":"first","8":"instock","9":"shipping-taxable","10":"product-type-simple"},"_links":{"self":[{"href":"https:\/\/uj.adatbank.ro\/lexikon\/wp-json\/wp\/v2\/product\/23800","targetHints":{"allow":["GET"]}}],"collection":[{"href":"https:\/\/uj.adatbank.ro\/lexikon\/wp-json\/wp\/v2\/product"}],"about":[{"href":"https:\/\/uj.adatbank.ro\/lexikon\/wp-json\/wp\/v2\/types\/product"}],"replies":[{"embeddable":true,"href":"https:\/\/uj.adatbank.ro\/lexikon\/wp-json\/wp\/v2\/comments?post=23800"}],"wp:attachment":[{"href":"https:\/\/uj.adatbank.ro\/lexikon\/wp-json\/wp\/v2\/media?parent=23800"}],"wp:term":[{"taxonomy":"product_brand","embeddable":true,"href":"https:\/\/uj.adatbank.ro\/lexikon\/wp-json\/wp\/v2\/product_brand?post=23800"},{"taxonomy":"product_cat","embeddable":true,"href":"https:\/\/uj.adatbank.ro\/lexikon\/wp-json\/wp\/v2\/product_cat?post=23800"},{"taxonomy":"product_tag","embeddable":true,"href":"https:\/\/uj.adatbank.ro\/lexikon\/wp-json\/wp\/v2\/product_tag?post=23800"}],"curies":[{"name":"wp","href":"https:\/\/api.w.org\/{rel}","templated":true}]}}