{"id":23804,"date":"2025-08-01T17:42:17","date_gmt":"2025-08-01T15:42:17","guid":{"rendered":"https:\/\/uj.adatbank.ro\/lexikon\/termek\/ujfalvi-vilmos\/"},"modified":"2025-08-01T17:42:17","modified_gmt":"2025-08-01T15:42:17","slug":"ujfalvi-vilmos","status":"publish","type":"product","link":"https:\/\/uj.adatbank.ro\/lexikon\/termek\/ujfalvi-vilmos\/","title":{"rendered":"\u00daJFALVI Vilmos"},"content":{"rendered":"<p>Erd\u0151szengyel, 1913. m\u00e1rc. 22. \u2020\u00a0?: kov\u00e1cs. \u2013 Galambodon volt kov\u00e1csmester. A kollektiviz\u00e1l\u00e1s elleni bujtogat\u00e1s, a p\u00e1rttagok megfenyeget\u00e9se v\u00e1dj\u00e1val \u00e1llt a MATKatonai \u00dcgy\u00e9szs\u00e9ge el\u0151tt (1959). <br \/><strong>\u2013 Irod.:<\/strong> 1956 Erd\u00e9lyben.<\/br><\/p>\n","protected":false},"excerpt":{"rendered":"<p>Erd\u0151szengyel, 1913. m\u00e1rc. 22. \u2020\u00a0?: kov\u00e1cs. \u2013 Galambodon volt kov\u00e1csmester. A kollektiviz\u00e1l\u00e1s elleni bujtogat\u00e1s, a p\u00e1rttagok megfenyeget\u00e9se v\u00e1dj\u00e1val \u00e1llt a MATKatonai \u00dcgy\u00e9szs\u00e9ge el\u0151tt (1959). \u2013 Irod.: 1956 Erd\u00e9lyben.<\/p>\n","protected":false},"featured_media":0,"comment_status":"open","ping_status":"closed","template":"","meta":[],"product_brand":[],"product_cat":[137],"product_tag":[],"class_list":{"0":"post-23804","1":"product","2":"type-product","3":"status-publish","5":"product_cat-maros-megyei-eletrajzi-lexikon","7":"first","8":"instock","9":"shipping-taxable","10":"product-type-simple"},"_links":{"self":[{"href":"https:\/\/uj.adatbank.ro\/lexikon\/wp-json\/wp\/v2\/product\/23804","targetHints":{"allow":["GET"]}}],"collection":[{"href":"https:\/\/uj.adatbank.ro\/lexikon\/wp-json\/wp\/v2\/product"}],"about":[{"href":"https:\/\/uj.adatbank.ro\/lexikon\/wp-json\/wp\/v2\/types\/product"}],"replies":[{"embeddable":true,"href":"https:\/\/uj.adatbank.ro\/lexikon\/wp-json\/wp\/v2\/comments?post=23804"}],"wp:attachment":[{"href":"https:\/\/uj.adatbank.ro\/lexikon\/wp-json\/wp\/v2\/media?parent=23804"}],"wp:term":[{"taxonomy":"product_brand","embeddable":true,"href":"https:\/\/uj.adatbank.ro\/lexikon\/wp-json\/wp\/v2\/product_brand?post=23804"},{"taxonomy":"product_cat","embeddable":true,"href":"https:\/\/uj.adatbank.ro\/lexikon\/wp-json\/wp\/v2\/product_cat?post=23804"},{"taxonomy":"product_tag","embeddable":true,"href":"https:\/\/uj.adatbank.ro\/lexikon\/wp-json\/wp\/v2\/product_tag?post=23804"}],"curies":[{"name":"wp","href":"https:\/\/api.w.org\/{rel}","templated":true}]}}