{"id":23805,"date":"2025-08-01T17:42:19","date_gmt":"2025-08-01T15:42:19","guid":{"rendered":"https:\/\/uj.adatbank.ro\/lexikon\/termek\/ujfalvy-karoly-jeno-mezokovesdi\/"},"modified":"2025-08-01T17:42:19","modified_gmt":"2025-08-01T15:42:19","slug":"ujfalvy-karoly-jeno-mezokovesdi","status":"publish","type":"product","link":"https:\/\/uj.adatbank.ro\/lexikon\/termek\/ujfalvy-karoly-jeno-mezokovesdi\/","title":{"rendered":"\u00daJFALVY K\u00e1roly Jen\u0151, mez\u0151k\u00f6vesdi"},"content":{"rendered":"<p>Sz\u00e9kelyk\u00f6vesd, 1842. m\u00e1j. 16., \u2020\u00a0Firenze, 1904. jan. 31.: nyelv\u00e9sz, utaz\u00f3. \u2013 Katonatiszt volt, majd tudom\u00e1nyos p\u00e1ly\u00e1ra l\u00e9pett (1864\u2013). Tan\u00e1r volt Versailles-ban (1870\u2013), P\u00e1rizsban a Keleti Akad.-\u00e1n (1877\u2013). H\u00e1romszor j\u00e1rt tanulm\u00e1ny\u00faton K\u00f6z\u00e9p-\u00c1zsi\u00e1ban (1876\u201382). Franci\u00e1ra ford\u00edtotta a Kaleval\u00e1t. Finn \u00e9s m. nyelvtant adott ki franci\u00e1k sz\u00e1m\u00e1ra. A MTA tagja (t.1876). \u2013  <strong>F. m..:<\/strong> La Hongrie: son histoire, sa langue et sa litt\u00e9rature (1872); \u00c9tude compar\u00e9e des langues ougro-finnoises (1875); Zur anthropologischen Geschichte Indians (1903). <br \/><strong>\u2013 Irod.:<\/strong> MNL 19.k\u00f6t.<\/br><\/p>\n","protected":false},"excerpt":{"rendered":"<p>Sz\u00e9kelyk\u00f6vesd, 1842. m\u00e1j. 16., \u2020\u00a0Firenze, 1904. jan. 31.: nyelv\u00e9sz, utaz\u00f3. \u2013 Katonatiszt volt, majd tudom\u00e1nyos p\u00e1ly\u00e1ra l\u00e9pett (1864\u2013). Tan\u00e1r volt Versailles-ban (1870\u2013), P\u00e1rizsban a Keleti Akad.-\u00e1n (1877\u2013). H\u00e1romszor j\u00e1rt tanulm\u00e1ny\u00faton K\u00f6z\u00e9p-\u00c1zsi\u00e1ban (1876\u201382). Franci\u00e1ra ford\u00edtotta a Kaleval\u00e1t. Finn \u00e9s m. nyelvtant adott ki franci\u00e1k sz\u00e1m\u00e1ra. A MTA tagja (t.1876). \u2013 F. m..: La Hongrie: son histoire, [&hellip;]<\/p>\n","protected":false},"featured_media":0,"comment_status":"open","ping_status":"closed","template":"","meta":[],"product_brand":[],"product_cat":[137],"product_tag":[],"class_list":{"0":"post-23805","1":"product","2":"type-product","3":"status-publish","5":"product_cat-maros-megyei-eletrajzi-lexikon","7":"first","8":"instock","9":"shipping-taxable","10":"product-type-simple"},"_links":{"self":[{"href":"https:\/\/uj.adatbank.ro\/lexikon\/wp-json\/wp\/v2\/product\/23805","targetHints":{"allow":["GET"]}}],"collection":[{"href":"https:\/\/uj.adatbank.ro\/lexikon\/wp-json\/wp\/v2\/product"}],"about":[{"href":"https:\/\/uj.adatbank.ro\/lexikon\/wp-json\/wp\/v2\/types\/product"}],"replies":[{"embeddable":true,"href":"https:\/\/uj.adatbank.ro\/lexikon\/wp-json\/wp\/v2\/comments?post=23805"}],"wp:attachment":[{"href":"https:\/\/uj.adatbank.ro\/lexikon\/wp-json\/wp\/v2\/media?parent=23805"}],"wp:term":[{"taxonomy":"product_brand","embeddable":true,"href":"https:\/\/uj.adatbank.ro\/lexikon\/wp-json\/wp\/v2\/product_brand?post=23805"},{"taxonomy":"product_cat","embeddable":true,"href":"https:\/\/uj.adatbank.ro\/lexikon\/wp-json\/wp\/v2\/product_cat?post=23805"},{"taxonomy":"product_tag","embeddable":true,"href":"https:\/\/uj.adatbank.ro\/lexikon\/wp-json\/wp\/v2\/product_tag?post=23805"}],"curies":[{"name":"wp","href":"https:\/\/api.w.org\/{rel}","templated":true}]}}