{"id":23807,"date":"2025-08-01T17:42:23","date_gmt":"2025-08-01T15:42:23","guid":{"rendered":"https:\/\/uj.adatbank.ro\/lexikon\/termek\/ujfalvy-mihaly\/"},"modified":"2025-08-01T17:42:23","modified_gmt":"2025-08-01T15:42:23","slug":"ujfalvy-mihaly","status":"publish","type":"product","link":"https:\/\/uj.adatbank.ro\/lexikon\/termek\/ujfalvy-mihaly\/","title":{"rendered":"\u00daJFALVY Mih\u00e1ly"},"content":{"rendered":"<p>S\u00f3v\u00e1rad, 1896., \u2020\u00a0?: gazd\u00e1lkod\u00f3. \u2013 Iskol\u00e1i elv\u00e9gz\u00e9se ut\u00e1n \u00f6n\u00e1ll\u00f3 gazda lett (1920). Az els\u0151 vh.-ban a 62. gy. e.-ben a szerb, olasz \u00e9s francia fronton harcolt, mint szakaszvezet\u0151 szerelt le a II. o. ez\u00fcst, a bronz vit. \u00e9rem, a K\u00e1roly Csapatkereszt \u00e9s a n\u00e9met vaskereszt kit\u00fcntet\u00e9ssel. R\u00e9szt vett a sz\u00e9kely felkel\u00e9sben, beb\u00f6rt\u00f6n\u00f6zt\u00e9k. <br \/><strong>\u2013 Irod.:<\/strong> Sz\u00e9kelyf\u00f6ld \u00ed. k.<\/br><\/p>\n","protected":false},"excerpt":{"rendered":"<p>S\u00f3v\u00e1rad, 1896., \u2020\u00a0?: gazd\u00e1lkod\u00f3. \u2013 Iskol\u00e1i elv\u00e9gz\u00e9se ut\u00e1n \u00f6n\u00e1ll\u00f3 gazda lett (1920). Az els\u0151 vh.-ban a 62. gy. e.-ben a szerb, olasz \u00e9s francia fronton harcolt, mint szakaszvezet\u0151 szerelt le a II. o. ez\u00fcst, a bronz vit. \u00e9rem, a K\u00e1roly Csapatkereszt \u00e9s a n\u00e9met vaskereszt kit\u00fcntet\u00e9ssel. R\u00e9szt vett a sz\u00e9kely felkel\u00e9sben, beb\u00f6rt\u00f6n\u00f6zt\u00e9k. \u2013 Irod.: Sz\u00e9kelyf\u00f6ld [&hellip;]<\/p>\n","protected":false},"featured_media":0,"comment_status":"open","ping_status":"closed","template":"","meta":[],"product_brand":[],"product_cat":[137],"product_tag":[],"class_list":{"0":"post-23807","1":"product","2":"type-product","3":"status-publish","5":"product_cat-maros-megyei-eletrajzi-lexikon","7":"first","8":"instock","9":"shipping-taxable","10":"product-type-simple"},"_links":{"self":[{"href":"https:\/\/uj.adatbank.ro\/lexikon\/wp-json\/wp\/v2\/product\/23807","targetHints":{"allow":["GET"]}}],"collection":[{"href":"https:\/\/uj.adatbank.ro\/lexikon\/wp-json\/wp\/v2\/product"}],"about":[{"href":"https:\/\/uj.adatbank.ro\/lexikon\/wp-json\/wp\/v2\/types\/product"}],"replies":[{"embeddable":true,"href":"https:\/\/uj.adatbank.ro\/lexikon\/wp-json\/wp\/v2\/comments?post=23807"}],"wp:attachment":[{"href":"https:\/\/uj.adatbank.ro\/lexikon\/wp-json\/wp\/v2\/media?parent=23807"}],"wp:term":[{"taxonomy":"product_brand","embeddable":true,"href":"https:\/\/uj.adatbank.ro\/lexikon\/wp-json\/wp\/v2\/product_brand?post=23807"},{"taxonomy":"product_cat","embeddable":true,"href":"https:\/\/uj.adatbank.ro\/lexikon\/wp-json\/wp\/v2\/product_cat?post=23807"},{"taxonomy":"product_tag","embeddable":true,"href":"https:\/\/uj.adatbank.ro\/lexikon\/wp-json\/wp\/v2\/product_tag?post=23807"}],"curies":[{"name":"wp","href":"https:\/\/api.w.org\/{rel}","templated":true}]}}