{"id":23809,"date":"2025-08-01T17:42:29","date_gmt":"2025-08-01T15:42:29","guid":{"rendered":"https:\/\/uj.adatbank.ro\/lexikon\/termek\/ujhelyi-adam-uyheli-adamus\/"},"modified":"2025-08-01T17:42:29","modified_gmt":"2025-08-01T15:42:29","slug":"ujhelyi-adam-uyheli-adamus","status":"publish","type":"product","link":"https:\/\/uj.adatbank.ro\/lexikon\/termek\/ujhelyi-adam-uyheli-adamus\/","title":{"rendered":"\u00daJHELYI \u00c1d\u00e1m, Uyheli Adamus"},"content":{"rendered":"<p>\u00dajhely, 1674. m\u00e1rc., \u2020\u00a0?: Jezsuita hitsz\u00f3nok, tan\u00e1r, rektor. \u2013 A trencs\u00e9nyi jezsuita gimn.-ban volt nov\u00edcius (1693\u2013). A mv.-i r. k. tanoda \u00e9s neveldeh\u00e1z igazgat\u00f3ja (1714\u201317). <br \/><strong>\u2013 Irod.:<\/strong> Id\u0151t\u00e1r 1; Jezsuita \u00e9vk.; Kr\u00f3n. F\u00fcz. (1940. 4\/10); Mv.-i R. k. okt.; R. k. okt.\u20131; R. k. okt.\u20132.<\/br><\/p>\n","protected":false},"excerpt":{"rendered":"<p>\u00dajhely, 1674. m\u00e1rc., \u2020\u00a0?: Jezsuita hitsz\u00f3nok, tan\u00e1r, rektor. \u2013 A trencs\u00e9nyi jezsuita gimn.-ban volt nov\u00edcius (1693\u2013). A mv.-i r. k. tanoda \u00e9s neveldeh\u00e1z igazgat\u00f3ja (1714\u201317). \u2013 Irod.: Id\u0151t\u00e1r 1; Jezsuita \u00e9vk.; Kr\u00f3n. F\u00fcz. (1940. 4\/10); Mv.-i R. k. okt.; R. k. okt.\u20131; R. k. okt.\u20132.<\/p>\n","protected":false},"featured_media":0,"comment_status":"open","ping_status":"closed","template":"","meta":[],"product_brand":[],"product_cat":[137],"product_tag":[],"class_list":{"0":"post-23809","1":"product","2":"type-product","3":"status-publish","5":"product_cat-maros-megyei-eletrajzi-lexikon","7":"first","8":"instock","9":"shipping-taxable","10":"product-type-simple"},"_links":{"self":[{"href":"https:\/\/uj.adatbank.ro\/lexikon\/wp-json\/wp\/v2\/product\/23809","targetHints":{"allow":["GET"]}}],"collection":[{"href":"https:\/\/uj.adatbank.ro\/lexikon\/wp-json\/wp\/v2\/product"}],"about":[{"href":"https:\/\/uj.adatbank.ro\/lexikon\/wp-json\/wp\/v2\/types\/product"}],"replies":[{"embeddable":true,"href":"https:\/\/uj.adatbank.ro\/lexikon\/wp-json\/wp\/v2\/comments?post=23809"}],"wp:attachment":[{"href":"https:\/\/uj.adatbank.ro\/lexikon\/wp-json\/wp\/v2\/media?parent=23809"}],"wp:term":[{"taxonomy":"product_brand","embeddable":true,"href":"https:\/\/uj.adatbank.ro\/lexikon\/wp-json\/wp\/v2\/product_brand?post=23809"},{"taxonomy":"product_cat","embeddable":true,"href":"https:\/\/uj.adatbank.ro\/lexikon\/wp-json\/wp\/v2\/product_cat?post=23809"},{"taxonomy":"product_tag","embeddable":true,"href":"https:\/\/uj.adatbank.ro\/lexikon\/wp-json\/wp\/v2\/product_tag?post=23809"}],"curies":[{"name":"wp","href":"https:\/\/api.w.org\/{rel}","templated":true}]}}