{"id":23811,"date":"2025-08-01T17:42:34","date_gmt":"2025-08-01T15:42:34","guid":{"rendered":"https:\/\/uj.adatbank.ro\/lexikon\/termek\/ujica-gheorghe\/"},"modified":"2025-08-01T17:42:34","modified_gmt":"2025-08-01T15:42:34","slug":"ujica-gheorghe","status":"publish","type":"product","link":"https:\/\/uj.adatbank.ro\/lexikon\/termek\/ujica-gheorghe\/","title":{"rendered":"UJIC\u0102, Gheorghe"},"content":{"rendered":"<p>? \u2020\u00a0?: g. kat. pap. \u2013 Fiai: \u015etefan \u00e9s Ioan. \u2013 Mesterh\u00e1z\u00e1n szolg\u00e1lt (1847\u201364). Fiaival egy\u00fctt fatemplomot \u00e9p\u00edtett, amelyet Sf. Mc. Dimitrienek aj\u00e1nlottak (1847). Az a templom napjainkban a marosh\u00e9v\u00edzi Sf. Ilie Kolostorban \u00e1ll, ami\u00f3ta Miron Cristea p\u00e1tri\u00e1rka odasz\u00e1ll\u00edttatta (1928\u2013). <br \/><strong>\u2013 Irod.:<\/strong> Reghin, Protopopiat.<\/br><\/p>\n","protected":false},"excerpt":{"rendered":"<p>? \u2020\u00a0?: g. kat. pap. \u2013 Fiai: \u015etefan \u00e9s Ioan. \u2013 Mesterh\u00e1z\u00e1n szolg\u00e1lt (1847\u201364). Fiaival egy\u00fctt fatemplomot \u00e9p\u00edtett, amelyet Sf. Mc. Dimitrienek aj\u00e1nlottak (1847). Az a templom napjainkban a marosh\u00e9v\u00edzi Sf. Ilie Kolostorban \u00e1ll, ami\u00f3ta Miron Cristea p\u00e1tri\u00e1rka odasz\u00e1ll\u00edttatta (1928\u2013). \u2013 Irod.: Reghin, Protopopiat.<\/p>\n","protected":false},"featured_media":0,"comment_status":"open","ping_status":"closed","template":"","meta":[],"product_brand":[],"product_cat":[137],"product_tag":[],"class_list":{"0":"post-23811","1":"product","2":"type-product","3":"status-publish","5":"product_cat-maros-megyei-eletrajzi-lexikon","7":"first","8":"instock","9":"shipping-taxable","10":"product-type-simple"},"_links":{"self":[{"href":"https:\/\/uj.adatbank.ro\/lexikon\/wp-json\/wp\/v2\/product\/23811","targetHints":{"allow":["GET"]}}],"collection":[{"href":"https:\/\/uj.adatbank.ro\/lexikon\/wp-json\/wp\/v2\/product"}],"about":[{"href":"https:\/\/uj.adatbank.ro\/lexikon\/wp-json\/wp\/v2\/types\/product"}],"replies":[{"embeddable":true,"href":"https:\/\/uj.adatbank.ro\/lexikon\/wp-json\/wp\/v2\/comments?post=23811"}],"wp:attachment":[{"href":"https:\/\/uj.adatbank.ro\/lexikon\/wp-json\/wp\/v2\/media?parent=23811"}],"wp:term":[{"taxonomy":"product_brand","embeddable":true,"href":"https:\/\/uj.adatbank.ro\/lexikon\/wp-json\/wp\/v2\/product_brand?post=23811"},{"taxonomy":"product_cat","embeddable":true,"href":"https:\/\/uj.adatbank.ro\/lexikon\/wp-json\/wp\/v2\/product_cat?post=23811"},{"taxonomy":"product_tag","embeddable":true,"href":"https:\/\/uj.adatbank.ro\/lexikon\/wp-json\/wp\/v2\/product_tag?post=23811"}],"curies":[{"name":"wp","href":"https:\/\/api.w.org\/{rel}","templated":true}]}}