{"id":23814,"date":"2025-08-01T17:42:43","date_gmt":"2025-08-01T15:42:43","guid":{"rendered":"https:\/\/uj.adatbank.ro\/lexikon\/termek\/ujica-traian\/"},"modified":"2025-08-01T17:42:43","modified_gmt":"2025-08-01T15:42:43","slug":"ujica-traian","status":"publish","type":"product","link":"https:\/\/uj.adatbank.ro\/lexikon\/termek\/ujica-traian\/","title":{"rendered":"UJIC\u0102, Traian"},"content":{"rendered":"<p>Palotailva, 1921. m\u00e1j. 25., \u2020 Ol\u00e1hzsuk (Kolozs), 1944. okt. 12.: t\u00f6rzs\u0151rmester. \u2013 Szakaszvezet\u0151 a 82. sz gyalogs\u00e1gi ezredn\u00e9l. Kit\u0171nt az erd\u00e9lyi harcokban. Katonai \u00c9rdemrenddel t\u00fcntett\u00e9k ki post mortem. <br \/><strong>\u2013 Irod.:<\/strong> B\u0103rba\u0163i ai datoriei (Buc., 1985).<\/br><\/p>\n","protected":false},"excerpt":{"rendered":"<p>Palotailva, 1921. m\u00e1j. 25., \u2020 Ol\u00e1hzsuk (Kolozs), 1944. okt. 12.: t\u00f6rzs\u0151rmester. \u2013 Szakaszvezet\u0151 a 82. sz gyalogs\u00e1gi ezredn\u00e9l. Kit\u0171nt az erd\u00e9lyi harcokban. Katonai \u00c9rdemrenddel t\u00fcntett\u00e9k ki post mortem. \u2013 Irod.: B\u0103rba\u0163i ai datoriei (Buc., 1985).<\/p>\n","protected":false},"featured_media":0,"comment_status":"open","ping_status":"closed","template":"","meta":[],"product_brand":[],"product_cat":[137],"product_tag":[],"class_list":{"0":"post-23814","1":"product","2":"type-product","3":"status-publish","5":"product_cat-maros-megyei-eletrajzi-lexikon","7":"first","8":"instock","9":"shipping-taxable","10":"product-type-simple"},"_links":{"self":[{"href":"https:\/\/uj.adatbank.ro\/lexikon\/wp-json\/wp\/v2\/product\/23814","targetHints":{"allow":["GET"]}}],"collection":[{"href":"https:\/\/uj.adatbank.ro\/lexikon\/wp-json\/wp\/v2\/product"}],"about":[{"href":"https:\/\/uj.adatbank.ro\/lexikon\/wp-json\/wp\/v2\/types\/product"}],"replies":[{"embeddable":true,"href":"https:\/\/uj.adatbank.ro\/lexikon\/wp-json\/wp\/v2\/comments?post=23814"}],"wp:attachment":[{"href":"https:\/\/uj.adatbank.ro\/lexikon\/wp-json\/wp\/v2\/media?parent=23814"}],"wp:term":[{"taxonomy":"product_brand","embeddable":true,"href":"https:\/\/uj.adatbank.ro\/lexikon\/wp-json\/wp\/v2\/product_brand?post=23814"},{"taxonomy":"product_cat","embeddable":true,"href":"https:\/\/uj.adatbank.ro\/lexikon\/wp-json\/wp\/v2\/product_cat?post=23814"},{"taxonomy":"product_tag","embeddable":true,"href":"https:\/\/uj.adatbank.ro\/lexikon\/wp-json\/wp\/v2\/product_tag?post=23814"}],"curies":[{"name":"wp","href":"https:\/\/api.w.org\/{rel}","templated":true}]}}