{"id":23820,"date":"2025-08-01T17:43:00","date_gmt":"2025-08-01T15:43:00","guid":{"rendered":"https:\/\/uj.adatbank.ro\/lexikon\/termek\/ujlaky-sandor\/"},"modified":"2025-08-01T17:43:00","modified_gmt":"2025-08-01T15:43:00","slug":"ujlaky-sandor","status":"publish","type":"product","link":"https:\/\/uj.adatbank.ro\/lexikon\/termek\/ujlaky-sandor\/","title":{"rendered":"\u00daJLAKY S\u00e1ndor"},"content":{"rendered":"<p>Beresztelke, 1900., \u2020\u00a0?: gazd\u00e1lkod\u00f3. \u2013 K\u00f6zs\u00e9galap\u00edt\u00f3 sz\u00e9kely csal\u00e1db\u00f3l sz\u00e1rmazott. Iskol\u00e1it sz\u00fcl\u0151faluj\u00e1ban \u00e9s Mv.-en v\u00e9gezte, tanulm\u00e1nyait apja hal\u00e1la miatt abbahagyta \u00e9s gazd\u00e1lkodni kezdett. A ref. egyh\u00e1z presbitere, k\u00f6zs\u00e9gi p\u00e9nzt\u00e1ros (1929\u2013), a Hitelsz\u00f6vetkezet ig. tagja, a Hangya eln\u00f6ke, a Gazdak\u00f6r jegyz\u0151je volt. <br \/><strong>\u2013 Irod.:<\/strong> Sz\u00e9kelyf\u00f6ld \u00ed. k.<\/br><\/p>\n","protected":false},"excerpt":{"rendered":"<p>Beresztelke, 1900., \u2020\u00a0?: gazd\u00e1lkod\u00f3. \u2013 K\u00f6zs\u00e9galap\u00edt\u00f3 sz\u00e9kely csal\u00e1db\u00f3l sz\u00e1rmazott. Iskol\u00e1it sz\u00fcl\u0151faluj\u00e1ban \u00e9s Mv.-en v\u00e9gezte, tanulm\u00e1nyait apja hal\u00e1la miatt abbahagyta \u00e9s gazd\u00e1lkodni kezdett. A ref. egyh\u00e1z presbitere, k\u00f6zs\u00e9gi p\u00e9nzt\u00e1ros (1929\u2013), a Hitelsz\u00f6vetkezet ig. tagja, a Hangya eln\u00f6ke, a Gazdak\u00f6r jegyz\u0151je volt. \u2013 Irod.: Sz\u00e9kelyf\u00f6ld \u00ed. k.<\/p>\n","protected":false},"featured_media":0,"comment_status":"open","ping_status":"closed","template":"","meta":[],"product_brand":[],"product_cat":[137],"product_tag":[],"class_list":{"0":"post-23820","1":"product","2":"type-product","3":"status-publish","5":"product_cat-maros-megyei-eletrajzi-lexikon","7":"first","8":"instock","9":"shipping-taxable","10":"product-type-simple"},"_links":{"self":[{"href":"https:\/\/uj.adatbank.ro\/lexikon\/wp-json\/wp\/v2\/product\/23820","targetHints":{"allow":["GET"]}}],"collection":[{"href":"https:\/\/uj.adatbank.ro\/lexikon\/wp-json\/wp\/v2\/product"}],"about":[{"href":"https:\/\/uj.adatbank.ro\/lexikon\/wp-json\/wp\/v2\/types\/product"}],"replies":[{"embeddable":true,"href":"https:\/\/uj.adatbank.ro\/lexikon\/wp-json\/wp\/v2\/comments?post=23820"}],"wp:attachment":[{"href":"https:\/\/uj.adatbank.ro\/lexikon\/wp-json\/wp\/v2\/media?parent=23820"}],"wp:term":[{"taxonomy":"product_brand","embeddable":true,"href":"https:\/\/uj.adatbank.ro\/lexikon\/wp-json\/wp\/v2\/product_brand?post=23820"},{"taxonomy":"product_cat","embeddable":true,"href":"https:\/\/uj.adatbank.ro\/lexikon\/wp-json\/wp\/v2\/product_cat?post=23820"},{"taxonomy":"product_tag","embeddable":true,"href":"https:\/\/uj.adatbank.ro\/lexikon\/wp-json\/wp\/v2\/product_tag?post=23820"}],"curies":[{"name":"wp","href":"https:\/\/api.w.org\/{rel}","templated":true}]}}