{"id":23821,"date":"2025-08-01T17:43:04","date_gmt":"2025-08-01T15:43:04","guid":{"rendered":"https:\/\/uj.adatbank.ro\/lexikon\/termek\/ujszaszy-istvan-alszaszy-vitez\/"},"modified":"2025-08-01T17:43:04","modified_gmt":"2025-08-01T15:43:04","slug":"ujszaszy-istvan-alszaszy-vitez","status":"publish","type":"product","link":"https:\/\/uj.adatbank.ro\/lexikon\/termek\/ujszaszy-istvan-alszaszy-vitez\/","title":{"rendered":"\u00daJSZ\u00c1SZY Istv\u00e1n, Alsz\u00e1szy, vit\u00e9z"},"content":{"rendered":"<p>? \u2020\u00a0?: vez\u00e9r\u0151rnagy. \u2013 A mv.-i az \u00c1llamv\u00e9delmi K\u00f6zpont vezet\u0151je (1942\u201344). <br \/><strong>\u2013 Irod.:<\/strong> M\u00e1jay Mv. gett\u00f3z\u00f3 polg\u00e1rmestere a n\u00e9p\u00fcgy\u00e9sz el\u0151tt (Szabad Sz\u00f3, 1946. jan. 23.).<\/br><\/p>\n","protected":false},"excerpt":{"rendered":"<p>? \u2020\u00a0?: vez\u00e9r\u0151rnagy. \u2013 A mv.-i az \u00c1llamv\u00e9delmi K\u00f6zpont vezet\u0151je (1942\u201344). \u2013 Irod.: M\u00e1jay Mv. gett\u00f3z\u00f3 polg\u00e1rmestere a n\u00e9p\u00fcgy\u00e9sz el\u0151tt (Szabad Sz\u00f3, 1946. jan. 23.).<\/p>\n","protected":false},"featured_media":0,"comment_status":"open","ping_status":"closed","template":"","meta":[],"product_brand":[],"product_cat":[137],"product_tag":[],"class_list":{"0":"post-23821","1":"product","2":"type-product","3":"status-publish","5":"product_cat-maros-megyei-eletrajzi-lexikon","7":"first","8":"instock","9":"shipping-taxable","10":"product-type-simple"},"_links":{"self":[{"href":"https:\/\/uj.adatbank.ro\/lexikon\/wp-json\/wp\/v2\/product\/23821","targetHints":{"allow":["GET"]}}],"collection":[{"href":"https:\/\/uj.adatbank.ro\/lexikon\/wp-json\/wp\/v2\/product"}],"about":[{"href":"https:\/\/uj.adatbank.ro\/lexikon\/wp-json\/wp\/v2\/types\/product"}],"replies":[{"embeddable":true,"href":"https:\/\/uj.adatbank.ro\/lexikon\/wp-json\/wp\/v2\/comments?post=23821"}],"wp:attachment":[{"href":"https:\/\/uj.adatbank.ro\/lexikon\/wp-json\/wp\/v2\/media?parent=23821"}],"wp:term":[{"taxonomy":"product_brand","embeddable":true,"href":"https:\/\/uj.adatbank.ro\/lexikon\/wp-json\/wp\/v2\/product_brand?post=23821"},{"taxonomy":"product_cat","embeddable":true,"href":"https:\/\/uj.adatbank.ro\/lexikon\/wp-json\/wp\/v2\/product_cat?post=23821"},{"taxonomy":"product_tag","embeddable":true,"href":"https:\/\/uj.adatbank.ro\/lexikon\/wp-json\/wp\/v2\/product_tag?post=23821"}],"curies":[{"name":"wp","href":"https:\/\/api.w.org\/{rel}","templated":true}]}}