{"id":23825,"date":"2025-08-01T17:43:16","date_gmt":"2025-08-01T15:43:16","guid":{"rendered":"https:\/\/uj.adatbank.ro\/lexikon\/termek\/ujvarosi-janos\/"},"modified":"2025-08-01T17:43:16","modified_gmt":"2025-08-01T15:43:16","slug":"ujvarosi-janos","status":"publish","type":"product","link":"https:\/\/uj.adatbank.ro\/lexikon\/termek\/ujvarosi-janos\/","title":{"rendered":"\u00daJV\u00c1ROSI J\u00e1nos"},"content":{"rendered":"<p>? \u2020 ?: lelk\u00e9sz. \u2013 Ref. pap Szentgeric\u00e9n (1703). <br \/><strong>\u2013 Irod.:<\/strong> Imreh Barna.<\/br><\/p>\n","protected":false},"excerpt":{"rendered":"<p>? \u2020 ?: lelk\u00e9sz. \u2013 Ref. pap Szentgeric\u00e9n (1703). \u2013 Irod.: Imreh Barna.<\/p>\n","protected":false},"featured_media":0,"comment_status":"open","ping_status":"closed","template":"","meta":[],"product_brand":[],"product_cat":[137],"product_tag":[],"class_list":{"0":"post-23825","1":"product","2":"type-product","3":"status-publish","5":"product_cat-maros-megyei-eletrajzi-lexikon","7":"first","8":"instock","9":"shipping-taxable","10":"product-type-simple"},"_links":{"self":[{"href":"https:\/\/uj.adatbank.ro\/lexikon\/wp-json\/wp\/v2\/product\/23825","targetHints":{"allow":["GET"]}}],"collection":[{"href":"https:\/\/uj.adatbank.ro\/lexikon\/wp-json\/wp\/v2\/product"}],"about":[{"href":"https:\/\/uj.adatbank.ro\/lexikon\/wp-json\/wp\/v2\/types\/product"}],"replies":[{"embeddable":true,"href":"https:\/\/uj.adatbank.ro\/lexikon\/wp-json\/wp\/v2\/comments?post=23825"}],"wp:attachment":[{"href":"https:\/\/uj.adatbank.ro\/lexikon\/wp-json\/wp\/v2\/media?parent=23825"}],"wp:term":[{"taxonomy":"product_brand","embeddable":true,"href":"https:\/\/uj.adatbank.ro\/lexikon\/wp-json\/wp\/v2\/product_brand?post=23825"},{"taxonomy":"product_cat","embeddable":true,"href":"https:\/\/uj.adatbank.ro\/lexikon\/wp-json\/wp\/v2\/product_cat?post=23825"},{"taxonomy":"product_tag","embeddable":true,"href":"https:\/\/uj.adatbank.ro\/lexikon\/wp-json\/wp\/v2\/product_tag?post=23825"}],"curies":[{"name":"wp","href":"https:\/\/api.w.org\/{rel}","templated":true}]}}