{"id":23827,"date":"2025-08-01T17:43:20","date_gmt":"2025-08-01T15:43:20","guid":{"rendered":"https:\/\/uj.adatbank.ro\/lexikon\/termek\/ujvarosi-marton\/"},"modified":"2025-08-01T17:43:20","modified_gmt":"2025-08-01T15:43:20","slug":"ujvarosi-marton","status":"publish","type":"product","link":"https:\/\/uj.adatbank.ro\/lexikon\/termek\/ujvarosi-marton\/","title":{"rendered":"\u00daJV\u00c1ROSI M\u00e1rton"},"content":{"rendered":"<p>? \u2020 ?: tan\u00edt\u00f3. \u2013 Magyardell\u0151n (1747\u201350), D\u00e1ny\u00e1nban (1747\u201350), K\u00fck\u00fcll\u0151alm\u00e1son (1751) \u00e9s Marosbog\u00e1ton volt tan\u00edt\u00f3 (1752). <br \/><strong>\u2013 Irod.:<\/strong> K\u00fck\u00fcll\u0151i Ref. Egyh\u00e1zm. 1., 3.<\/br><\/p>\n","protected":false},"excerpt":{"rendered":"<p>? \u2020 ?: tan\u00edt\u00f3. \u2013 Magyardell\u0151n (1747\u201350), D\u00e1ny\u00e1nban (1747\u201350), K\u00fck\u00fcll\u0151alm\u00e1son (1751) \u00e9s Marosbog\u00e1ton volt tan\u00edt\u00f3 (1752). \u2013 Irod.: K\u00fck\u00fcll\u0151i Ref. Egyh\u00e1zm. 1., 3.<\/p>\n","protected":false},"featured_media":0,"comment_status":"open","ping_status":"closed","template":"","meta":[],"product_brand":[],"product_cat":[137],"product_tag":[],"class_list":{"0":"post-23827","1":"product","2":"type-product","3":"status-publish","5":"product_cat-maros-megyei-eletrajzi-lexikon","7":"first","8":"instock","9":"shipping-taxable","10":"product-type-simple"},"_links":{"self":[{"href":"https:\/\/uj.adatbank.ro\/lexikon\/wp-json\/wp\/v2\/product\/23827","targetHints":{"allow":["GET"]}}],"collection":[{"href":"https:\/\/uj.adatbank.ro\/lexikon\/wp-json\/wp\/v2\/product"}],"about":[{"href":"https:\/\/uj.adatbank.ro\/lexikon\/wp-json\/wp\/v2\/types\/product"}],"replies":[{"embeddable":true,"href":"https:\/\/uj.adatbank.ro\/lexikon\/wp-json\/wp\/v2\/comments?post=23827"}],"wp:attachment":[{"href":"https:\/\/uj.adatbank.ro\/lexikon\/wp-json\/wp\/v2\/media?parent=23827"}],"wp:term":[{"taxonomy":"product_brand","embeddable":true,"href":"https:\/\/uj.adatbank.ro\/lexikon\/wp-json\/wp\/v2\/product_brand?post=23827"},{"taxonomy":"product_cat","embeddable":true,"href":"https:\/\/uj.adatbank.ro\/lexikon\/wp-json\/wp\/v2\/product_cat?post=23827"},{"taxonomy":"product_tag","embeddable":true,"href":"https:\/\/uj.adatbank.ro\/lexikon\/wp-json\/wp\/v2\/product_tag?post=23827"}],"curies":[{"name":"wp","href":"https:\/\/api.w.org\/{rel}","templated":true}]}}