{"id":23833,"date":"2025-08-01T17:43:33","date_gmt":"2025-08-01T15:43:33","guid":{"rendered":"https:\/\/uj.adatbank.ro\/lexikon\/termek\/ulrich-ulrich-ulricus-vlricus\/"},"modified":"2025-08-01T17:43:33","modified_gmt":"2025-08-01T15:43:33","slug":"ulrich-ulrich-ulricus-vlricus","status":"publish","type":"product","link":"https:\/\/uj.adatbank.ro\/lexikon\/termek\/ulrich-ulrich-ulricus-vlricus\/","title":{"rendered":"ULRICH, Ulrich, Ulricus \/ Vlricus"},"content":{"rendered":"<p>? \u2020\u00a0?: r. k. pap. \u2013 Sz\u00e1szn\u00e1das pl\u00e9b\u00e1niatemplom papja (1309), a p\u00e1p\u00e1n\u00e1l tiltakozott a p\u00fcsp\u00f6k ellen a felemelt d\u00e9zsma miatt. <br \/><strong>\u2013 Irod.:<\/strong> Ferenczi S\u00e1ndor 2009; L\u00e9sty\u00e1n \u2013 templomok.<\/br><\/p>\n","protected":false},"excerpt":{"rendered":"<p>? \u2020\u00a0?: r. k. pap. \u2013 Sz\u00e1szn\u00e1das pl\u00e9b\u00e1niatemplom papja (1309), a p\u00e1p\u00e1n\u00e1l tiltakozott a p\u00fcsp\u00f6k ellen a felemelt d\u00e9zsma miatt. \u2013 Irod.: Ferenczi S\u00e1ndor 2009; L\u00e9sty\u00e1n \u2013 templomok.<\/p>\n","protected":false},"featured_media":0,"comment_status":"open","ping_status":"closed","template":"","meta":[],"product_brand":[],"product_cat":[137],"product_tag":[],"class_list":{"0":"post-23833","1":"product","2":"type-product","3":"status-publish","5":"product_cat-maros-megyei-eletrajzi-lexikon","7":"first","8":"instock","9":"shipping-taxable","10":"product-type-simple"},"_links":{"self":[{"href":"https:\/\/uj.adatbank.ro\/lexikon\/wp-json\/wp\/v2\/product\/23833","targetHints":{"allow":["GET"]}}],"collection":[{"href":"https:\/\/uj.adatbank.ro\/lexikon\/wp-json\/wp\/v2\/product"}],"about":[{"href":"https:\/\/uj.adatbank.ro\/lexikon\/wp-json\/wp\/v2\/types\/product"}],"replies":[{"embeddable":true,"href":"https:\/\/uj.adatbank.ro\/lexikon\/wp-json\/wp\/v2\/comments?post=23833"}],"wp:attachment":[{"href":"https:\/\/uj.adatbank.ro\/lexikon\/wp-json\/wp\/v2\/media?parent=23833"}],"wp:term":[{"taxonomy":"product_brand","embeddable":true,"href":"https:\/\/uj.adatbank.ro\/lexikon\/wp-json\/wp\/v2\/product_brand?post=23833"},{"taxonomy":"product_cat","embeddable":true,"href":"https:\/\/uj.adatbank.ro\/lexikon\/wp-json\/wp\/v2\/product_cat?post=23833"},{"taxonomy":"product_tag","embeddable":true,"href":"https:\/\/uj.adatbank.ro\/lexikon\/wp-json\/wp\/v2\/product_tag?post=23833"}],"curies":[{"name":"wp","href":"https:\/\/api.w.org\/{rel}","templated":true}]}}