{"id":23834,"date":"2025-08-01T17:43:38","date_gmt":"2025-08-01T15:43:38","guid":{"rendered":"https:\/\/uj.adatbank.ro\/lexikon\/termek\/umling-andreas\/"},"modified":"2025-08-01T17:43:38","modified_gmt":"2025-08-01T15:43:38","slug":"umling-andreas","status":"publish","type":"product","link":"https:\/\/uj.adatbank.ro\/lexikon\/termek\/umling-andreas\/","title":{"rendered":"UMLING, Andreas"},"content":{"rendered":"<p>Segesv\u00e1r\u00a0? \u2020\u00a0Segesd, 1762. j\u00fal. 16.: tan\u00e1r, ev. lelk\u00e9sz. \u2013 Tan\u00e1r Segesv\u00e1ron. Lelk\u00e9sz Segesden (1753\u201362). <br \/><strong>\u2013 Irod.:<\/strong> Apold; Magyar t\u00f6rt\u00e9nelmi t\u00e1r 9. (Pest, 1855\u201363); Szab\u00f3\u2013Sz\u00f6gi.<\/br><\/p>\n","protected":false},"excerpt":{"rendered":"<p>Segesv\u00e1r\u00a0? \u2020\u00a0Segesd, 1762. j\u00fal. 16.: tan\u00e1r, ev. lelk\u00e9sz. \u2013 Tan\u00e1r Segesv\u00e1ron. Lelk\u00e9sz Segesden (1753\u201362). \u2013 Irod.: Apold; Magyar t\u00f6rt\u00e9nelmi t\u00e1r 9. (Pest, 1855\u201363); Szab\u00f3\u2013Sz\u00f6gi.<\/p>\n","protected":false},"featured_media":0,"comment_status":"open","ping_status":"closed","template":"","meta":[],"product_brand":[],"product_cat":[137],"product_tag":[],"class_list":{"0":"post-23834","1":"product","2":"type-product","3":"status-publish","5":"product_cat-maros-megyei-eletrajzi-lexikon","7":"first","8":"instock","9":"shipping-taxable","10":"product-type-simple"},"_links":{"self":[{"href":"https:\/\/uj.adatbank.ro\/lexikon\/wp-json\/wp\/v2\/product\/23834","targetHints":{"allow":["GET"]}}],"collection":[{"href":"https:\/\/uj.adatbank.ro\/lexikon\/wp-json\/wp\/v2\/product"}],"about":[{"href":"https:\/\/uj.adatbank.ro\/lexikon\/wp-json\/wp\/v2\/types\/product"}],"replies":[{"embeddable":true,"href":"https:\/\/uj.adatbank.ro\/lexikon\/wp-json\/wp\/v2\/comments?post=23834"}],"wp:attachment":[{"href":"https:\/\/uj.adatbank.ro\/lexikon\/wp-json\/wp\/v2\/media?parent=23834"}],"wp:term":[{"taxonomy":"product_brand","embeddable":true,"href":"https:\/\/uj.adatbank.ro\/lexikon\/wp-json\/wp\/v2\/product_brand?post=23834"},{"taxonomy":"product_cat","embeddable":true,"href":"https:\/\/uj.adatbank.ro\/lexikon\/wp-json\/wp\/v2\/product_cat?post=23834"},{"taxonomy":"product_tag","embeddable":true,"href":"https:\/\/uj.adatbank.ro\/lexikon\/wp-json\/wp\/v2\/product_tag?post=23834"}],"curies":[{"name":"wp","href":"https:\/\/api.w.org\/{rel}","templated":true}]}}