{"id":23835,"date":"2025-08-01T17:43:41","date_gmt":"2025-08-01T15:43:41","guid":{"rendered":"https:\/\/uj.adatbank.ro\/lexikon\/termek\/umling-andreas-2\/"},"modified":"2025-08-01T17:43:41","modified_gmt":"2025-08-01T15:43:41","slug":"umling-andreas-2","status":"publish","type":"product","link":"https:\/\/uj.adatbank.ro\/lexikon\/termek\/umling-andreas-2\/","title":{"rendered":"UMLING, Andreas"},"content":{"rendered":"<p>Segesv\u00e1r \u2020\u00a0?: pap, tan\u00e1r. \u2013 Tanult J\u00e9n\u00e1ban (1763). Tan\u00e1r Segesv\u00e1ron (1765\u2013), pr\u00e9dik\u00e1tor. <br \/><strong>\u2013 Irod.:<\/strong> Magyar t\u00f6rt\u00e9nelmi t\u00e1r (Pest, 1855\u201363); Szab\u00f3\u2013Sz\u00f6gi.<\/br><\/p>\n","protected":false},"excerpt":{"rendered":"<p>Segesv\u00e1r \u2020\u00a0?: pap, tan\u00e1r. \u2013 Tanult J\u00e9n\u00e1ban (1763). Tan\u00e1r Segesv\u00e1ron (1765\u2013), pr\u00e9dik\u00e1tor. \u2013 Irod.: Magyar t\u00f6rt\u00e9nelmi t\u00e1r (Pest, 1855\u201363); Szab\u00f3\u2013Sz\u00f6gi.<\/p>\n","protected":false},"featured_media":0,"comment_status":"open","ping_status":"closed","template":"","meta":[],"product_brand":[],"product_cat":[137],"product_tag":[],"class_list":{"0":"post-23835","1":"product","2":"type-product","3":"status-publish","5":"product_cat-maros-megyei-eletrajzi-lexikon","7":"first","8":"instock","9":"shipping-taxable","10":"product-type-simple"},"_links":{"self":[{"href":"https:\/\/uj.adatbank.ro\/lexikon\/wp-json\/wp\/v2\/product\/23835","targetHints":{"allow":["GET"]}}],"collection":[{"href":"https:\/\/uj.adatbank.ro\/lexikon\/wp-json\/wp\/v2\/product"}],"about":[{"href":"https:\/\/uj.adatbank.ro\/lexikon\/wp-json\/wp\/v2\/types\/product"}],"replies":[{"embeddable":true,"href":"https:\/\/uj.adatbank.ro\/lexikon\/wp-json\/wp\/v2\/comments?post=23835"}],"wp:attachment":[{"href":"https:\/\/uj.adatbank.ro\/lexikon\/wp-json\/wp\/v2\/media?parent=23835"}],"wp:term":[{"taxonomy":"product_brand","embeddable":true,"href":"https:\/\/uj.adatbank.ro\/lexikon\/wp-json\/wp\/v2\/product_brand?post=23835"},{"taxonomy":"product_cat","embeddable":true,"href":"https:\/\/uj.adatbank.ro\/lexikon\/wp-json\/wp\/v2\/product_cat?post=23835"},{"taxonomy":"product_tag","embeddable":true,"href":"https:\/\/uj.adatbank.ro\/lexikon\/wp-json\/wp\/v2\/product_tag?post=23835"}],"curies":[{"name":"wp","href":"https:\/\/api.w.org\/{rel}","templated":true}]}}