{"id":23836,"date":"2025-08-01T17:43:43","date_gmt":"2025-08-01T15:43:43","guid":{"rendered":"https:\/\/uj.adatbank.ro\/lexikon\/termek\/umling-lorinc-laurencius-umling-kolozsvari-asztalos-lorinc-asztalos-lorinc\/"},"modified":"2025-08-01T17:43:43","modified_gmt":"2025-08-01T15:43:43","slug":"umling-lorinc-laurencius-umling-kolozsvari-asztalos-lorinc-asztalos-lorinc","status":"publish","type":"product","link":"https:\/\/uj.adatbank.ro\/lexikon\/termek\/umling-lorinc-laurencius-umling-kolozsvari-asztalos-lorinc-asztalos-lorinc\/","title":{"rendered":"UMLING L\u0151rinc, Laurencius Umling, Kolozsv\u00e1ri Asztalos L\u0151rinc, Asztalos L\u0151rinc"},"content":{"rendered":"<p>Sz\u00e1zk\u00e9zd, 1710 k., \u2020 Kv. (?), 1787 ut\u00e1n: fest\u0151-asztalos. \u2013 Fiai: L\u0151rinc \u00e9s J\u00e1nos. \u2013 Sz\u00e1sz eredet\u0171 csal\u00e1db\u00f3l sz\u00e1rmazott, a szakm\u00e1t val\u00f3sz\u00edn\u0171leg a segesv\u00e1ri asztalosc\u00e9hben tanulta ki. A kv.-i asztalos c\u00e9h tagja lett (1742.), Kv.-ott polg\u00e1rjogot kapott (1742. j\u00fan.), a v\u00e1ros Monostor negyed\u00e9ben volt 200 forint \u00e9rt\u00e9k\u0171 h\u00e1za (1756). Egy ember\u00f6lt\u0151n\u00e9l tov\u00e1bb el\u00e1rasztotta mint\u00e1ival Kv. k\u00f6rny\u00e9k\u00e9t. Tev\u00e9kenys\u00e9g\u00e9t els\u0151sorban Kalotaszegen fejtette ki. Az olasz renesz\u00e1nszban gy\u00f6kerez\u0151 r\u00e9szletelemekb\u0151l alkotta barokkosan v\u00e1laszt\u00e9kos sz\u00edn\u0171 vir\u00e1gkompoz\u00edci\u00f3it, melyekkel sz\u00e1mos ref. templom mennyezet\u00e9t, karzat\u00e1t, padjait, sz\u00f3sz\u00e9k\u00e9t d\u00edsz\u00edtette. Az 1770-es \u00e9vekt\u0151l fiai k\u00f6zrem\u0171k\u00f6d\u00e9s\u00e9vel dolgozott. \u2013  <strong>F. ki\u00e1ll.:<\/strong> \u201eVir\u00e1goz\u00f3dott&#8230; Anno.\u201d Az U.-ok Kalotaszegen (Bp., N\u00e9pr. M\u00faz., 2006\u201307). \u2013  <strong>F. m..:<\/strong> Mennyezet \u00e9s pad (1742, ref. templom, Magyarkapus); sz\u00f3sz\u00e9kkorona (1744, ref. templom, Gy\u00f6rgyfalva); mennyezet (1745, ref. templom, Magyar\u00f3kereke); \u00farasztal, leg\u00e9nyk\u00f3rus, mennyezet (1746, 1753, 1774, ref. templom, Kalotad\u00e1mos); mennyezet, sz\u00f3sz\u00e9k, sz\u00f3sz\u00e9kkorona (1750, ref. templom, Gyer\u0151v\u00e1s\u00e1rhely); mennyezet, festm\u00e9nyek, karzat (1752, Magyarl\u00f3na); leg\u00e9nykarzat (1755, ref. templom, Sz\u00e1szny\u00edres); mennyezet, karzat (1761, ref. templom, Somker\u00e9k); Teleki h\u00e1zak renov\u00e1l\u00e1sa (1764, Nagy-somk\u00fat, Nagyb\u00e1nya); mennyezet, festett padel\u0151k (1765\u201387, ref. templom, Magyarvista); karzatfestm\u00e9nyek (1765, ref. templom, D\u00e9s); mennyezet (1768, ref. templom, J\u00e1k\u00f3telke); sz\u00f3sz\u00e9kkorona, mennyezetrenov\u00e1l\u00e1s (1769\u201370, ref. templom, Nagypetri); sz\u00f3sz\u00e9kkorona, karzatfestm\u00e9ny (1774, ref. templom, Magyark\u00f6bl\u00f6s); mennyezet (1780, ref. templom, B\u00e1nffyhunyad); mennyezet (1785, Magyard\u00e9cs). <br \/><strong>\u2013 Irod.:<\/strong> Adamovits S\u00e1dor: Kalotaszeg h\u00edres \u201edeszkafest\u0151i\u201d \u2013 az Umlingok (\u00daj Kezdet, 2008. j\u00fan., 6. sz.; 2008. j\u00fal., 7. sz.); B. Nagy Margit 1970; Bak\u00f3 Zolt\u00e1n: K\u00e9zdisz\u00e9k n\u00e9vad\u00f3ja felt\u00e1madni k\u00e9sz\u00fcl (V\u00e1s\u00e1rhelyi H\u00edrlap, 2008. okt. 17.); Kelemen Lajos: M\u0171v\u00e9szett\u00f6rt\u00e9neti tanulm\u00e1nyok. (Kiad. B. Nagy Margit, bev. Szab\u00f3 T. Attila; Buk., 1977); Mih\u00e1ly Ferenc-Mikl\u00f3s Zolt\u00e1n: Az Umling fest\u0151-asztalos csal\u00e1d hagyat\u00e9ka (\u00d6r\u00f6ks\u00e9g\u00fcnk, 2009, 2. sz.); Saschiz; Szer P\u00e1losy Piroska: Az Umling csal\u00e1d \u00f6r\u00f6ks\u00e9ge (N\u00fa., 2016. m\u00e1j. 5.); \u00daM\u00c9L.<\/br><\/p>\n","protected":false},"excerpt":{"rendered":"<p>Sz\u00e1zk\u00e9zd, 1710 k., \u2020 Kv. (?), 1787 ut\u00e1n: fest\u0151-asztalos. \u2013 Fiai: L\u0151rinc \u00e9s J\u00e1nos. \u2013 Sz\u00e1sz eredet\u0171 csal\u00e1db\u00f3l sz\u00e1rmazott, a szakm\u00e1t val\u00f3sz\u00edn\u0171leg a segesv\u00e1ri asztalosc\u00e9hben tanulta ki. A kv.-i asztalos c\u00e9h tagja lett (1742.), Kv.-ott polg\u00e1rjogot kapott (1742. j\u00fan.), a v\u00e1ros Monostor negyed\u00e9ben volt 200 forint \u00e9rt\u00e9k\u0171 h\u00e1za (1756). Egy ember\u00f6lt\u0151n\u00e9l tov\u00e1bb el\u00e1rasztotta mint\u00e1ival Kv. [&hellip;]<\/p>\n","protected":false},"featured_media":0,"comment_status":"open","ping_status":"closed","template":"","meta":[],"product_brand":[],"product_cat":[137],"product_tag":[],"class_list":{"0":"post-23836","1":"product","2":"type-product","3":"status-publish","5":"product_cat-maros-megyei-eletrajzi-lexikon","7":"first","8":"instock","9":"shipping-taxable","10":"product-type-simple"},"_links":{"self":[{"href":"https:\/\/uj.adatbank.ro\/lexikon\/wp-json\/wp\/v2\/product\/23836","targetHints":{"allow":["GET"]}}],"collection":[{"href":"https:\/\/uj.adatbank.ro\/lexikon\/wp-json\/wp\/v2\/product"}],"about":[{"href":"https:\/\/uj.adatbank.ro\/lexikon\/wp-json\/wp\/v2\/types\/product"}],"replies":[{"embeddable":true,"href":"https:\/\/uj.adatbank.ro\/lexikon\/wp-json\/wp\/v2\/comments?post=23836"}],"wp:attachment":[{"href":"https:\/\/uj.adatbank.ro\/lexikon\/wp-json\/wp\/v2\/media?parent=23836"}],"wp:term":[{"taxonomy":"product_brand","embeddable":true,"href":"https:\/\/uj.adatbank.ro\/lexikon\/wp-json\/wp\/v2\/product_brand?post=23836"},{"taxonomy":"product_cat","embeddable":true,"href":"https:\/\/uj.adatbank.ro\/lexikon\/wp-json\/wp\/v2\/product_cat?post=23836"},{"taxonomy":"product_tag","embeddable":true,"href":"https:\/\/uj.adatbank.ro\/lexikon\/wp-json\/wp\/v2\/product_tag?post=23836"}],"curies":[{"name":"wp","href":"https:\/\/api.w.org\/{rel}","templated":true}]}}