{"id":23837,"date":"2025-08-01T17:43:46","date_gmt":"2025-08-01T15:43:46","guid":{"rendered":"https:\/\/uj.adatbank.ro\/lexikon\/termek\/ungar-aniko-szekelyne\/"},"modified":"2025-08-01T17:43:46","modified_gmt":"2025-08-01T15:43:46","slug":"ungar-aniko-szekelyne","status":"publish","type":"product","link":"https:\/\/uj.adatbank.ro\/lexikon\/termek\/ungar-aniko-szekelyne\/","title":{"rendered":"UNG\u00c1R Anik\u00f3, Sz\u00e9kelyn\u00e9"},"content":{"rendered":"<p>? \u2020 ?: sz\u00edn\u00e9szn\u0151. \u2013 18 \u00e9vesen f\u00e9rjhez ment a j\u00f3val id\u0151sebb sz\u00edn\u00e9szt\u00e1rs\u00e1hoz, hogy a Mv.-re \u00e1tk\u00f6lt\u00f6z\u0151 kv.-i t\u00e1rsulattal maradhasson (1815\u201319). J\u00f3 sz\u00edn\u00e9szn\u0151k\u00e9nt tartott\u00e1k sz\u00e1mon, sok f\u0151szerepet j\u00e1tszott. \u2013 <strong>F. sz.:<\/strong> J\u00falia (Shakespeare.: Romeo \u00e9s J\u00falia); Lujza (Schiller: \u00c1rm\u00e1ny \u00e9s szerelem); Desdemona (Shakespeare: Othello), Ophelia (Shakespeare: Hamlet); \u00e9s k\u00e9s\u0151bb Stuart M\u00e1ria, Volumnia (Coriolan), Zrinyi Ilona; Am\u00e1lia (Schiller: Harami\u00e1k). <br \/><strong>\u2013 Irod.:<\/strong> Szentimrei.<\/br><\/p>\n","protected":false},"excerpt":{"rendered":"<p>? \u2020 ?: sz\u00edn\u00e9szn\u0151. \u2013 18 \u00e9vesen f\u00e9rjhez ment a j\u00f3val id\u0151sebb sz\u00edn\u00e9szt\u00e1rs\u00e1hoz, hogy a Mv.-re \u00e1tk\u00f6lt\u00f6z\u0151 kv.-i t\u00e1rsulattal maradhasson (1815\u201319). J\u00f3 sz\u00edn\u00e9szn\u0151k\u00e9nt tartott\u00e1k sz\u00e1mon, sok f\u0151szerepet j\u00e1tszott. \u2013 F. sz.: J\u00falia (Shakespeare.: Romeo \u00e9s J\u00falia); Lujza (Schiller: \u00c1rm\u00e1ny \u00e9s szerelem); Desdemona (Shakespeare: Othello), Ophelia (Shakespeare: Hamlet); \u00e9s k\u00e9s\u0151bb Stuart M\u00e1ria, Volumnia (Coriolan), Zrinyi Ilona; [&hellip;]<\/p>\n","protected":false},"featured_media":0,"comment_status":"open","ping_status":"closed","template":"","meta":[],"product_brand":[],"product_cat":[137],"product_tag":[],"class_list":{"0":"post-23837","1":"product","2":"type-product","3":"status-publish","5":"product_cat-maros-megyei-eletrajzi-lexikon","7":"first","8":"instock","9":"shipping-taxable","10":"product-type-simple"},"_links":{"self":[{"href":"https:\/\/uj.adatbank.ro\/lexikon\/wp-json\/wp\/v2\/product\/23837","targetHints":{"allow":["GET"]}}],"collection":[{"href":"https:\/\/uj.adatbank.ro\/lexikon\/wp-json\/wp\/v2\/product"}],"about":[{"href":"https:\/\/uj.adatbank.ro\/lexikon\/wp-json\/wp\/v2\/types\/product"}],"replies":[{"embeddable":true,"href":"https:\/\/uj.adatbank.ro\/lexikon\/wp-json\/wp\/v2\/comments?post=23837"}],"wp:attachment":[{"href":"https:\/\/uj.adatbank.ro\/lexikon\/wp-json\/wp\/v2\/media?parent=23837"}],"wp:term":[{"taxonomy":"product_brand","embeddable":true,"href":"https:\/\/uj.adatbank.ro\/lexikon\/wp-json\/wp\/v2\/product_brand?post=23837"},{"taxonomy":"product_cat","embeddable":true,"href":"https:\/\/uj.adatbank.ro\/lexikon\/wp-json\/wp\/v2\/product_cat?post=23837"},{"taxonomy":"product_tag","embeddable":true,"href":"https:\/\/uj.adatbank.ro\/lexikon\/wp-json\/wp\/v2\/product_tag?post=23837"}],"curies":[{"name":"wp","href":"https:\/\/api.w.org\/{rel}","templated":true}]}}