{"id":23839,"date":"2025-08-01T17:43:53","date_gmt":"2025-08-01T15:43:53","guid":{"rendered":"https:\/\/uj.adatbank.ro\/lexikon\/termek\/ungar-fritz\/"},"modified":"2025-08-01T17:43:53","modified_gmt":"2025-08-01T15:43:53","slug":"ungar-fritz","status":"publish","type":"product","link":"https:\/\/uj.adatbank.ro\/lexikon\/termek\/ungar-fritz\/","title":{"rendered":"UNGAR, Fritz"},"content":{"rendered":"<p>H\u00e9t\u00far, 1898. j\u00fal. 14., \u2020 Segesv\u00e1r, 1970. \u00e1pr. 4.: heged\u0171k\u00e9sz\u00edt\u0151. \u2013 13 \u00e9ves kor\u00e1t\u00f3l k\u00e9sz\u00edtett heged\u0171ket, saj\u00e1t maga is heged\u00fclt. Hozz\u00e1vet\u0151leg 5 drb. hangszer\u00e9t jeles rom\u00e1niai heged\u0171m\u0171v\u00e9szek haszn\u00e1lt\u00e1k, j\u00f3 h\u00edrn\u00e9vnek \u00f6rvendett. <br \/><strong>\u2013 Irod.:<\/strong> LSS.<\/br><\/p>\n","protected":false},"excerpt":{"rendered":"<p>H\u00e9t\u00far, 1898. j\u00fal. 14., \u2020 Segesv\u00e1r, 1970. \u00e1pr. 4.: heged\u0171k\u00e9sz\u00edt\u0151. \u2013 13 \u00e9ves kor\u00e1t\u00f3l k\u00e9sz\u00edtett heged\u0171ket, saj\u00e1t maga is heged\u00fclt. Hozz\u00e1vet\u0151leg 5 drb. hangszer\u00e9t jeles rom\u00e1niai heged\u0171m\u0171v\u00e9szek haszn\u00e1lt\u00e1k, j\u00f3 h\u00edrn\u00e9vnek \u00f6rvendett. \u2013 Irod.: LSS.<\/p>\n","protected":false},"featured_media":0,"comment_status":"open","ping_status":"closed","template":"","meta":[],"product_brand":[],"product_cat":[137],"product_tag":[],"class_list":{"0":"post-23839","1":"product","2":"type-product","3":"status-publish","5":"product_cat-maros-megyei-eletrajzi-lexikon","7":"first","8":"instock","9":"shipping-taxable","10":"product-type-simple"},"_links":{"self":[{"href":"https:\/\/uj.adatbank.ro\/lexikon\/wp-json\/wp\/v2\/product\/23839","targetHints":{"allow":["GET"]}}],"collection":[{"href":"https:\/\/uj.adatbank.ro\/lexikon\/wp-json\/wp\/v2\/product"}],"about":[{"href":"https:\/\/uj.adatbank.ro\/lexikon\/wp-json\/wp\/v2\/types\/product"}],"replies":[{"embeddable":true,"href":"https:\/\/uj.adatbank.ro\/lexikon\/wp-json\/wp\/v2\/comments?post=23839"}],"wp:attachment":[{"href":"https:\/\/uj.adatbank.ro\/lexikon\/wp-json\/wp\/v2\/media?parent=23839"}],"wp:term":[{"taxonomy":"product_brand","embeddable":true,"href":"https:\/\/uj.adatbank.ro\/lexikon\/wp-json\/wp\/v2\/product_brand?post=23839"},{"taxonomy":"product_cat","embeddable":true,"href":"https:\/\/uj.adatbank.ro\/lexikon\/wp-json\/wp\/v2\/product_cat?post=23839"},{"taxonomy":"product_tag","embeddable":true,"href":"https:\/\/uj.adatbank.ro\/lexikon\/wp-json\/wp\/v2\/product_tag?post=23839"}],"curies":[{"name":"wp","href":"https:\/\/api.w.org\/{rel}","templated":true}]}}