{"id":23840,"date":"2025-08-01T17:43:55","date_gmt":"2025-08-01T15:43:55","guid":{"rendered":"https:\/\/uj.adatbank.ro\/lexikon\/termek\/ungar-georg\/"},"modified":"2025-08-01T17:43:55","modified_gmt":"2025-08-01T15:43:55","slug":"ungar-georg","status":"publish","type":"product","link":"https:\/\/uj.adatbank.ro\/lexikon\/termek\/ungar-georg\/","title":{"rendered":"UNGAR, Georg"},"content":{"rendered":"<p>Segesv\u00e1r, 1851. j\u00fan. 18., \u2020 Segesv\u00e1r, 1892. jan. 14: tan\u00e1r. \u2013 A gimn\u00e1ziumot sz\u00fcl\u0151v\u00e1ros\u00e1ban v\u00e9gezte majd a J\u00e9nai Egy. Hittud. Kar\u00e1n tanult (1871\u2013). Hazat\u00e9rve tan\u00e1r a segesv\u00e1ri gimn.-ban. <br \/><strong>\u2013 Irod.:<\/strong> Szab\u00f3\u2013Simon\u2013Sz\u00f6gi.<\/br><\/p>\n","protected":false},"excerpt":{"rendered":"<p>Segesv\u00e1r, 1851. j\u00fan. 18., \u2020 Segesv\u00e1r, 1892. jan. 14: tan\u00e1r. \u2013 A gimn\u00e1ziumot sz\u00fcl\u0151v\u00e1ros\u00e1ban v\u00e9gezte majd a J\u00e9nai Egy. Hittud. Kar\u00e1n tanult (1871\u2013). Hazat\u00e9rve tan\u00e1r a segesv\u00e1ri gimn.-ban. \u2013 Irod.: Szab\u00f3\u2013Simon\u2013Sz\u00f6gi.<\/p>\n","protected":false},"featured_media":0,"comment_status":"open","ping_status":"closed","template":"","meta":[],"product_brand":[],"product_cat":[137],"product_tag":[],"class_list":{"0":"post-23840","1":"product","2":"type-product","3":"status-publish","5":"product_cat-maros-megyei-eletrajzi-lexikon","7":"first","8":"instock","9":"shipping-taxable","10":"product-type-simple"},"_links":{"self":[{"href":"https:\/\/uj.adatbank.ro\/lexikon\/wp-json\/wp\/v2\/product\/23840","targetHints":{"allow":["GET"]}}],"collection":[{"href":"https:\/\/uj.adatbank.ro\/lexikon\/wp-json\/wp\/v2\/product"}],"about":[{"href":"https:\/\/uj.adatbank.ro\/lexikon\/wp-json\/wp\/v2\/types\/product"}],"replies":[{"embeddable":true,"href":"https:\/\/uj.adatbank.ro\/lexikon\/wp-json\/wp\/v2\/comments?post=23840"}],"wp:attachment":[{"href":"https:\/\/uj.adatbank.ro\/lexikon\/wp-json\/wp\/v2\/media?parent=23840"}],"wp:term":[{"taxonomy":"product_brand","embeddable":true,"href":"https:\/\/uj.adatbank.ro\/lexikon\/wp-json\/wp\/v2\/product_brand?post=23840"},{"taxonomy":"product_cat","embeddable":true,"href":"https:\/\/uj.adatbank.ro\/lexikon\/wp-json\/wp\/v2\/product_cat?post=23840"},{"taxonomy":"product_tag","embeddable":true,"href":"https:\/\/uj.adatbank.ro\/lexikon\/wp-json\/wp\/v2\/product_tag?post=23840"}],"curies":[{"name":"wp","href":"https:\/\/api.w.org\/{rel}","templated":true}]}}