{"id":23843,"date":"2025-08-01T17:44:02","date_gmt":"2025-08-01T15:44:02","guid":{"rendered":"https:\/\/uj.adatbank.ro\/lexikon\/termek\/ungar-petrus\/"},"modified":"2025-08-01T17:44:02","modified_gmt":"2025-08-01T15:44:02","slug":"ungar-petrus","status":"publish","type":"product","link":"https:\/\/uj.adatbank.ro\/lexikon\/termek\/ungar-petrus\/","title":{"rendered":"UNGAR Petrus"},"content":{"rendered":"<p>Segesv\u00e1r, 1722., \u2020 R\u00e1dos, 1792. szept. 16.: lelk\u00e9sz, tan\u00e1r. \u2013 Tanult Lipcs\u00e9ben (1746). Tan\u00e1r, pr\u00e9dik\u00e1tor Segesv\u00e1ron; lelk\u00e9sz R\u00e1doson (1759\u201392). <br \/><strong>\u2013 Irod.:<\/strong> Szab\u00f3\u2013Sz\u00f6gi.<\/br><\/p>\n","protected":false},"excerpt":{"rendered":"<p>Segesv\u00e1r, 1722., \u2020 R\u00e1dos, 1792. szept. 16.: lelk\u00e9sz, tan\u00e1r. \u2013 Tanult Lipcs\u00e9ben (1746). Tan\u00e1r, pr\u00e9dik\u00e1tor Segesv\u00e1ron; lelk\u00e9sz R\u00e1doson (1759\u201392). \u2013 Irod.: Szab\u00f3\u2013Sz\u00f6gi.<\/p>\n","protected":false},"featured_media":0,"comment_status":"open","ping_status":"closed","template":"","meta":[],"product_brand":[],"product_cat":[137],"product_tag":[],"class_list":{"0":"post-23843","1":"product","2":"type-product","3":"status-publish","5":"product_cat-maros-megyei-eletrajzi-lexikon","7":"first","8":"instock","9":"shipping-taxable","10":"product-type-simple"},"_links":{"self":[{"href":"https:\/\/uj.adatbank.ro\/lexikon\/wp-json\/wp\/v2\/product\/23843","targetHints":{"allow":["GET"]}}],"collection":[{"href":"https:\/\/uj.adatbank.ro\/lexikon\/wp-json\/wp\/v2\/product"}],"about":[{"href":"https:\/\/uj.adatbank.ro\/lexikon\/wp-json\/wp\/v2\/types\/product"}],"replies":[{"embeddable":true,"href":"https:\/\/uj.adatbank.ro\/lexikon\/wp-json\/wp\/v2\/comments?post=23843"}],"wp:attachment":[{"href":"https:\/\/uj.adatbank.ro\/lexikon\/wp-json\/wp\/v2\/media?parent=23843"}],"wp:term":[{"taxonomy":"product_brand","embeddable":true,"href":"https:\/\/uj.adatbank.ro\/lexikon\/wp-json\/wp\/v2\/product_brand?post=23843"},{"taxonomy":"product_cat","embeddable":true,"href":"https:\/\/uj.adatbank.ro\/lexikon\/wp-json\/wp\/v2\/product_cat?post=23843"},{"taxonomy":"product_tag","embeddable":true,"href":"https:\/\/uj.adatbank.ro\/lexikon\/wp-json\/wp\/v2\/product_tag?post=23843"}],"curies":[{"name":"wp","href":"https:\/\/api.w.org\/{rel}","templated":true}]}}