{"id":23845,"date":"2025-08-01T17:44:06","date_gmt":"2025-08-01T15:44:06","guid":{"rendered":"https:\/\/uj.adatbank.ro\/lexikon\/termek\/unger-thomas\/"},"modified":"2025-08-01T17:44:06","modified_gmt":"2025-08-01T15:44:06","slug":"unger-thomas","status":"publish","type":"product","link":"https:\/\/uj.adatbank.ro\/lexikon\/termek\/unger-thomas\/","title":{"rendered":"UNGER, Thomas"},"content":{"rendered":"<p>Sz\u00e9naver\u0151s, ? \u2020 Magar\u00e9, 1760.: lelk\u00e9sz. \u2013 Tanult Wittenbergben (1723). Pr\u00e9dik\u00e1tor Berethalmon, Magar\u00e9n (1738\u201360). <br \/><strong>\u2013 Irod.:<\/strong> Szab\u00f3\u2013Sz\u00f6gi.<\/br><\/p>\n","protected":false},"excerpt":{"rendered":"<p>Sz\u00e9naver\u0151s, ? \u2020 Magar\u00e9, 1760.: lelk\u00e9sz. \u2013 Tanult Wittenbergben (1723). Pr\u00e9dik\u00e1tor Berethalmon, Magar\u00e9n (1738\u201360). \u2013 Irod.: Szab\u00f3\u2013Sz\u00f6gi.<\/p>\n","protected":false},"featured_media":0,"comment_status":"open","ping_status":"closed","template":"","meta":[],"product_brand":[],"product_cat":[137],"product_tag":[],"class_list":{"0":"post-23845","1":"product","2":"type-product","3":"status-publish","5":"product_cat-maros-megyei-eletrajzi-lexikon","7":"first","8":"instock","9":"shipping-taxable","10":"product-type-simple"},"_links":{"self":[{"href":"https:\/\/uj.adatbank.ro\/lexikon\/wp-json\/wp\/v2\/product\/23845","targetHints":{"allow":["GET"]}}],"collection":[{"href":"https:\/\/uj.adatbank.ro\/lexikon\/wp-json\/wp\/v2\/product"}],"about":[{"href":"https:\/\/uj.adatbank.ro\/lexikon\/wp-json\/wp\/v2\/types\/product"}],"replies":[{"embeddable":true,"href":"https:\/\/uj.adatbank.ro\/lexikon\/wp-json\/wp\/v2\/comments?post=23845"}],"wp:attachment":[{"href":"https:\/\/uj.adatbank.ro\/lexikon\/wp-json\/wp\/v2\/media?parent=23845"}],"wp:term":[{"taxonomy":"product_brand","embeddable":true,"href":"https:\/\/uj.adatbank.ro\/lexikon\/wp-json\/wp\/v2\/product_brand?post=23845"},{"taxonomy":"product_cat","embeddable":true,"href":"https:\/\/uj.adatbank.ro\/lexikon\/wp-json\/wp\/v2\/product_cat?post=23845"},{"taxonomy":"product_tag","embeddable":true,"href":"https:\/\/uj.adatbank.ro\/lexikon\/wp-json\/wp\/v2\/product_tag?post=23845"}],"curies":[{"name":"wp","href":"https:\/\/api.w.org\/{rel}","templated":true}]}}